{"id":4165,"date":"2024-07-16T14:50:22","date_gmt":"2024-07-16T12:50:22","guid":{"rendered":"https:\/\/wordpress-famicord-ch.empressia.dev\/verhaltenskodex"},"modified":"2025-11-07T14:34:57","modified_gmt":"2025-11-07T13:34:57","slug":"codice-di-condotta","status":"publish","type":"page","link":"https:\/\/famicord.ch\/it\/codice-di-condotta","title":{"rendered":"Codice di condotta"},"content":{"rendered":"\n<section class=\"hero flex flex-col justify-center bg-center bg-cover bg-no-repeat py-32 lg:py-48 mb-72 xl:mb-120 relative min-h-[20.5rem] xl:min-h-[26rem]\" style=\"background-image: url(https:\/\/famicord.ch\/wp-content\/uploads\/2024\/07\/default-hero-bg.webp)\">\n\t<div class=\"container items-center\">\n\t\t<h1 class=\"text-center text-blue max-w-[90%] md:max-w-[60%] lg:max-w-[80%] xxl:max-w-1200 mx-auto\">\n\t\t\t\n\t\t\t\n\t\t\t\t\t\t\t<span class=\"font-extralight break-words\">Codice di condotta<\/span>\n\t\t\t\t\t<\/h1>\n\t<\/div>\n\n\t<div class=\"absolute left-[-14rem] bottom-[-10.8rem] md:bottom-[-15.8rem] xl:bottom-[-20.3rem]\">\n\t\t<svg width=\"500\" height=\"500\" viewbox=\"0 0 500 500\" fill=\"none\" xmlns=\"http:\/\/www.w3.org\/2000\/svg\" class=\"size-180 md:size-260 xl:size-340\">\n\t\t\t<mask id=\"mask0_1511_27028\" style=\"mask-type:alpha\" maskunits=\"userSpaceOnUse\" x=\"0\" y=\"0\" width=\"500\" height=\"200\">\n\t\t\t\t<rect width=\"500\" height=\"200\" transform=\"matrix(-1 0 0 1 500 0)\" fill=\"#D9D9D9\"\/>\n\t\t\t<\/mask>\n\t\t\t<g mask=\"url(#mask0_1511_27028)\">\n\t\t\t\t<path d=\"M214.686 463.894C166.261 512.319 87.156 511.726 38.731 463.301C-9.69398 414.876 -10.2866 335.771 38.1384 287.346L287.04 38.4443C335.465 -9.98075 414.57 -9.3881 462.995 39.0369C511.42 87.4619 512.013 166.567 463.588 214.992L214.686 463.894Z\" fill=\"#FE6F20\"\/>\n\t\t\t<\/g>\n\t\t\t<path d=\"M214.404 462.612C166.377 510.639 87.7903 509.946 39.7484 461.905C-8.29344 413.863 -8.98578 335.276 39.0413 287.249L287.943 38.3476C335.97 -9.67956 414.556 -8.98719 462.598 39.0547C510.64 87.0966 511.333 165.683 463.305 213.71L214.404 462.612Z\" stroke=\"#FE6F20\" stroke-width=\"2\"\/>\n\t\t<\/svg>\n\t<\/div>\n\n\t<div class=\"absolute right-[-10rem] bottom-[-7.2rem] md:bottom-[-10.4rem] xl:bottom-[-13.6rem]\">\n\t\t<svg width=\"500\" height=\"500\" viewbox=\"0 0 500 500\" fill=\"none\" xmlns=\"http:\/\/www.w3.org\/2000\/svg\" class=\"size-180 md:size-260 xl:size-340\">\n\t\t\t<mask id=\"mask0_1511_27023\" style=\"mask-type:alpha\" maskunits=\"userSpaceOnUse\" x=\"0\" y=\"0\" width=\"500\" height=\"300\">\n\t\t\t\t<rect width=\"500\" height=\"300\" fill=\"#D9D9D9\"\/>\n\t\t\t<\/mask>\n\t\t\t<g mask=\"url(#mask0_1511_27023)\">\n\t\t\t\t<path d=\"M285.622 36.4146C334.047 -12.0104 413.069 -11.5011 461.494 36.9239C509.919 85.349 510.429 164.371 462.004 212.796L213.102 461.697C164.677 510.122 85.6552 509.613 37.2302 461.188C-11.1948 412.763 -11.7041 333.741 36.7209 285.316L285.622 36.4146Z\" fill=\"#1560DA\"\/>\n\t\t\t<\/g>\n\t\t\t<path d=\"M285.596 37.3883C333.623 -10.6388 412.21 -9.94644 460.252 38.0955C508.293 86.1373 508.986 164.724 460.959 212.751L212.057 461.652C164.03 509.68 85.4436 508.987 37.4017 460.945C-10.6402 412.903 -11.3325 334.317 36.6946 286.29L285.596 37.3883Z\" stroke=\"#1560DA\" stroke-width=\"2\"\/>\n\t\t<\/svg>\n\t<\/div>\n<\/section>\n\n\n<section class=\"section-with-heading-and-text section-margin section-margin--small\">\n\t<div class=\"container\">\n\n\t\t\t\t\t\n\t\t\t\n    <h2   class=\"  text-blue break-words lg:max-w-[90%] xl:max-w-[98rem]\">\n\n            Preambolo\n\n    <\/h2>\n\n\t\t\n\t\t\t\t\t\t\t\t<div class=\"mt-24 xl:mt-40 xl:ml-100 space-y-24  xl:max-w-[78rem]\"><p>In qualit\u00e0 di azienda leader nella conservazione delle cellule staminali del cordone ombelicale e nella ricerca sulle cellule staminali, siamo convinti dei progressi della medicina e delle crescenti possibilit\u00e0 per la salute umana che ne derivano. Integreremo il nostro ruolo di leader nella conservazione delle cellule staminali con lo sviluppo e la produzione a contratto (CDMO) di prodotti farmaceutici innovativi a base di cellule e geni, contribuendo cos\u00ec in modo significativo al progresso della sanit\u00e0. Questo \u00e8 il nostro impegno.<\/p>\n<p>Il presente codice di condotta definisce i valori che rappresentano la missione di FamiCord Suisse SA e delle sue societ\u00e0 dipendenti (di seguito \u201eil Gruppo FamiCord\u201c). Oltre alle filiali dirette di Vita 34 AG, il FamiCord Group comprende altre societ\u00e0 del Gruppo FamiCord sotto l\u2018egida della filiale polacca PBKM.<\/p>\n<p>* L\u2019utilizzo del genere maschile \u00e8 volto esclusivamente a facilitare la leggibilit\u00e0 del presente te-sto. Sono incluse implicitamente tutte le identit\u00e0 di genere in modo neutro e senza discrimina-zione o giudizio alcuno.<\/p>\n<\/div>\n\t\t\n\t<\/div>\n<\/section>\n\n\n<section class=\"section-with-heading-and-text section-margin section-margin--small\">\n\t<div class=\"container\">\n\n\t\t\t\t\t\n\t\t\t\n    <h2   class=\"h4  text-blue break-words lg:max-w-[90%] xl:max-w-[98rem]\">\n\n            Rispetto di tutte le leggi e linee guida\n\n    <\/h2>\n\n\t\t\n\t\t\t\t\t\t\t\t<div class=\"mt-24 xl:mt-40 xl:ml-100 space-y-24  xl:max-w-[78rem]\"><p>Osserviamo sempre tutte le leggi e le normative, nonch\u00e9 le linee guida interne, rispettandole come un dato di fatto. Le contravvenzioni non saranno tollerate.<\/p>\n<\/div>\n\t\t\n\t<\/div>\n<\/section>\n\n\n<section class=\"section-with-heading-and-text section-margin section-margin--small\">\n\t<div class=\"container\">\n\n\t\t\t\t\t\n\t\t\t\n    <h2   class=\"h4  text-blue break-words lg:max-w-[90%] xl:max-w-[98rem]\">\n\n            Dipendenti in qualit\u00e0 di rappresentantei del FamiCord Suisse SA\n\n    <\/h2>\n\n\t\t\n\t\t\t\t\t\t\t\t<div class=\"mt-24 xl:mt-40 xl:ml-100 space-y-24  xl:max-w-[78rem]\"><p>Ogni dipendente \u00e8 tenuto a rispettare questo codice di condotta con le sue azioni e il suo comportamento e a contribuire alla percezione positiva della nostra azienda.<\/p>\n<p>I nostri dirigenti hanno una particolare responsabilit\u00e0 e una funzione di modello in questo senso. Diamo valore all\u2018interazione rispettosa e apprezzabile nei rapporti con gli altri.<\/p>\n<p>I leader nazionali tengono conto del fatto che tutti fanno parte di un\u2018organizzazione globale.<\/p>\n<\/div>\n\t\t\n\t<\/div>\n<\/section>\n\n\n<section class=\"section-with-heading-and-text section-margin section-margin--small\">\n\t<div class=\"container\">\n\n\t\t\t\t\t\n\t\t\t\n    <h2   class=\"h4  text-blue break-words lg:max-w-[90%] xl:max-w-[98rem]\">\n\n            Concorrenza leale e compliance\n\n    <\/h2>\n\n\t\t\n\t\t\t\t\t\t\t\t<div class=\"mt-24 xl:mt-40 xl:ml-100 space-y-24  xl:max-w-[78rem]\"><p>Siamo a favore della concorrenza leale e libera e rifiutiamo le pratiche commerciali sleali. In particolare, nella collaborazione con professionisti del settore sanitario, quali medici od ostetriche, devono sempre essere rispettate le disposizioni di legge e le norme sulla compliance. Sosteniamo i nostri partner di cooperazione e i nostri fornitori per quanto riguarda la concorrenza leale e la conformit\u00e0. Il Responsabile della Compliance del Gruppo FamiCord, i suoi membri del Consiglio di Amministrazione e i rispettivi Compliance Officer, nominati in maniera decentralizzata, sono a disposizione di tutti i dipendenti in qualsiasi momento per consulenze, laddove richiesto.<\/p>\n<\/div>\n\t\t\n\t<\/div>\n<\/section>\n\n\n<section class=\"section-with-heading-and-text section-margin section-margin--small\">\n\t<div class=\"container\">\n\n\t\t\t\t\t\n\t\t\t\n    <h2   class=\"h4  text-blue break-words lg:max-w-[90%] xl:max-w-[98rem]\">\n\n            Corruzione e conflitti di interesse\n\n    <\/h2>\n\n\t\t\n\t\t\t\t\t\t\t\t<div class=\"mt-24 xl:mt-40 xl:ml-100 space-y-24  xl:max-w-[78rem]\"><p>Il Gruppo FamiCord non tollera azioni (come la concussione o la corruttibilit\u00e0) che possano rientrare nel reato di corruzione. Gli interessi personali dei dipendenti non devono influenzare le decisioni aziendali. I conflitti di interesse possibili o reali devono essere comunicati in modo trasparente e completo dal rispettivo dipendente al superiore responsabile prima di una decisione aziendale.<\/p>\n<\/div>\n\t\t\n\t<\/div>\n<\/section>\n\n\n<section class=\"section-with-heading-and-text section-margin section-margin--small\">\n\t<div class=\"container\">\n\n\t\t\t\t\t\n\t\t\t\n    <h2   class=\"h4  text-blue break-words lg:max-w-[90%] xl:max-w-[98rem]\">\n\n            Regali, inviti e ospitalit\u00e0\n\n    <\/h2>\n\n\t\t\n\t\t\t\t\t\t\t\t<div class=\"mt-24 xl:mt-40 xl:ml-100 space-y-24  xl:max-w-[78rem]\"><p>I regali, gli inviti e l\u2018ospitalit\u00e0 devono essere sempre appropriati e moderati e in accordo con le leggi vigenti. Occorre evitare che chi ha offerto un regalo o espresso un invito dia l\u2018impressione di attendersi un indebito vantaggio dal suo dono o invito. Per motivi di trasparenza, gli inviti e i regali che non rientrano in questi standard devono essere approvati dal rispettivo supervisore\/direttore.<\/p>\n<p>Le condizioni quadro per i regali, gli inviti e l\u2018ospitalit\u00e0 sono definite nelle linee guida interne. Queste devono essere rispettate.<\/p>\n<\/div>\n\t\t\n\t<\/div>\n<\/section>\n\n\n<section class=\"section-with-heading-and-text section-margin section-margin--small\">\n\t<div class=\"container\">\n\n\t\t\t\t\t\n\t\t\t\n    <h2   class=\"h4  text-blue break-words lg:max-w-[90%] xl:max-w-[98rem]\">\n\n            Sponsorizzazione e donazioni\n\n    <\/h2>\n\n\t\t\n\t\t\t\t\t\t\t\t<div class=\"mt-24 xl:mt-40 xl:ml-100 space-y-24  xl:max-w-[78rem]\"><p>La sponsorizzazione di istituzioni ed eventi rientra nel nostro ambito di attivit\u00e0. Occorre tuttavia garantire un\u2018adeguata considerazione da parte del partner sponsorizzato, che deve essere documentata. I contratti di sponsorizzazione devono essere esaminati dal rispettivo dipartimento legale o dal consulente legale esterno dell\u2018azienda.<\/p>\n<p>Le donazioni possono essere effettuate, nell\u2018ambito del quadro legale, a istituzioni che promuovono idealmente scopi benefici.<\/p>\n<p>Le condizioni quadro per la sponsorizzazione e le donazioni sono definite nelle linee guida interne. Queste devono essere rispettate.<\/p>\n<\/div>\n\t\t\n\t<\/div>\n<\/section>\n\n\n<section class=\"section-with-heading-and-text section-margin section-margin--small\">\n\t<div class=\"container\">\n\n\t\t\t\t\t\n\t\t\t\n    <h2   class=\"h4  text-blue break-words lg:max-w-[90%] xl:max-w-[98rem]\">\n\n            Salute e sicurezza\n\n    <\/h2>\n\n\t\t\n\t\t\t\t\t\t\t\t<div class=\"mt-24 xl:mt-40 xl:ml-100 space-y-24  xl:max-w-[78rem]\"><p>Rispettiamo rigorosamente le normative in materia di salute e sicurezza sul lavoro. La conformit\u00e0 con i nostri elevati standard di salute e sicurezza viene regolarmente verificata e continuamente sviluppata attraverso la formazione dei dipendenti.<\/p>\n<\/div>\n\t\t\n\t<\/div>\n<\/section>\n\n\n<section class=\"section-with-heading-and-text section-margin section-margin--small\">\n\t<div class=\"container\">\n\n\t\t\t\t\t\n\t\t\t\n    <h2   class=\"h4  text-blue break-words lg:max-w-[90%] xl:max-w-[98rem]\">\n\n            Pari opportunit\u00e0, diversit\u00e0 e condizioni di lavoro eque\n\n    <\/h2>\n\n\t\t\n\t\t\t\t\t\t\t\t<div class=\"mt-24 xl:mt-40 xl:ml-100 space-y-24  xl:max-w-[78rem]\"><p>Tutti i dipendenti e i candidati devono avere opportunit\u00e0 analoghe nel Gruppo FamiCord, indipendentemente da sesso, et\u00e0, origine, colore della pelle, visione del mondo, orientamento sessuale o disabilit\u00e0. Non tolleriamo alcuna discriminazione o molestia nei confronti delle persone. Siamo aperti alla diversit\u00e0 culturale e promuoviamo la tolleranza.<\/p>\n<\/div>\n\t\t\n\t<\/div>\n<\/section>\n\n\n<section class=\"section-with-heading-and-text section-margin section-margin--small\">\n\t<div class=\"container\">\n\n\t\t\t\t\t\n\t\t\t\n    <h2   class=\"h4  text-blue break-words lg:max-w-[90%] xl:max-w-[98rem]\">\n\n            Protezione dei dati e sicurezza informatica\n\n    <\/h2>\n\n\t\t\n\t\t\t\t\t\t\t\t<div class=\"mt-24 xl:mt-40 xl:ml-100 space-y-24  xl:max-w-[78rem]\"><p>La raccolta e l\u2018elaborazione dei dati, in particolare di quelli sensibili relativi alla salute, avvengono esclusivamente in conformit\u00e0 alle norme di legge, in modo da tutelare adeguatamente i diritti e i dati personali dei nostri dipendenti, clienti e partner commerciali.<\/p>\n<p>I sistemi informatici utilizzati da FamiCord sono mantenuti sempre al livello di sicurezza adeguato. Ogni dipendente \u00e8 tenuto a utilizzarli in modo responsabile e con grande attenzione.<\/p>\n<\/div>\n\t\t\n\t<\/div>\n<\/section>\n\n\n<section class=\"section-with-heading-and-text section-margin section-margin--small\">\n\t<div class=\"container\">\n\n\t\t\t\t\t\n\t\t\t\n    <h2   class=\"h4  text-blue break-words lg:max-w-[90%] xl:max-w-[98rem]\">\n\n            Gestione di informazioni riservate e dati finanziari\n\n    <\/h2>\n\n\t\t\n\t\t\t\t\t\t\t\t<div class=\"mt-24 xl:mt-40 xl:ml-100 space-y-24  xl:max-w-[78rem]\"><p>Le informazioni riservate e i dati finanziari sono tra i nostri dati pi\u00f9 sensibili. I dati finanziari, i dati dei clienti o lo stato dei risultati della ricerca sono soggetti a rigorosa riservatezza sia all\u2018interno che all\u2018esterno dell\u2018azienda.<\/p>\n<p>Tutti i dipendenti coinvolti nella preparazione dei principali dati finanziari, in particolare del bilancio annuale, sono tenuti ad allestirli in conformit\u00e0 alle leggi vigenti e ai principi contabili generalmente accettati, in particolare per quanto riguarda la coerenza della contabilit\u00e0 e della valutazione. L\u2018obiettivo \u00e8 quello di fornire un quadro completo e accurato della posizione finanziaria, del patrimonio netto e dei risultati operativi.<\/p>\n<\/div>\n\t\t\n\t<\/div>\n<\/section>\n\n\n<section class=\"section-with-heading-and-text section-margin section-margin--small\">\n\t<div class=\"container\">\n\n\t\t\t\t\t\n\t\t\t\n    <h2   class=\"h4  text-blue break-words lg:max-w-[90%] xl:max-w-[98rem]\">\n\n            Informazioni privilegiate\n\n    <\/h2>\n\n\t\t\n\t\t\t\t\t\t\t\t<div class=\"mt-24 xl:mt-40 xl:ml-100 space-y-24  xl:max-w-[78rem]\"><p>I dipendenti del Gruppo FamiCord e i membri del Consiglio di amministrazione sono soggetti alle restrizioni della legge sul trading di titoli e alle regole sull\u2018insider trading del regolamento sugli abusi di mercato. L\u2018insider trading \u00e8 vietato dalla legge ed \u00e8 punibile per legge.<\/p>\n<\/div>\n\t\t\n\t<\/div>\n<\/section>\n\n\n<section class=\"section-with-heading-and-text section-margin section-margin--small\">\n\t<div class=\"container\">\n\n\t\t\t\t\t\n\t\t\t\n    <h2   class=\"h4  text-blue break-words lg:max-w-[90%] xl:max-w-[98rem]\">\n\n            Lobbying\n\n    <\/h2>\n\n\t\t\n\t\t\t\t\t\t\t\t<div class=\"mt-24 xl:mt-40 xl:ml-100 space-y-24  xl:max-w-[78rem]\"><p>Il Gruppo FamiCord svolge attivit\u00e0 di lobbying a favore dei propri obiettivi aziendali e dei propri clienti nel rigoroso rispetto di tutte le leggi e le linee guida.<\/p>\n<\/div>\n\t\t\n\t<\/div>\n<\/section>\n\n\n<section class=\"section-with-heading-and-text section-margin section-margin--small\">\n\t<div class=\"container\">\n\n\t\t\t\t\t\n\t\t\t\n    <h2   class=\"h4  text-blue break-words lg:max-w-[90%] xl:max-w-[98rem]\">\n\n            Propriet\u00e0 e beni della societ\u00e0\n\n    <\/h2>\n\n\t\t\n\t\t\t\t\t\t\t\t<div class=\"mt-24 xl:mt-40 xl:ml-100 space-y-24  xl:max-w-[78rem]\"><p>I dipendenti devono trattare i beni aziendali in maniera adeguata e con cura.<\/p>\n<\/div>\n\t\t\n\t<\/div>\n<\/section>\n\n\n<section class=\"section-with-heading-and-text section-margin section-margin--small\">\n\t<div class=\"container\">\n\n\t\t\t\t\t\n\t\t\t\n    <h2   class=\"h4  text-blue break-words lg:max-w-[90%] xl:max-w-[98rem]\">\n\n            Diritti umani\n\n    <\/h2>\n\n\t\t\n\t\t\t\t\t\t\t\t<div class=\"mt-24 xl:mt-40 xl:ml-100 space-y-24  xl:max-w-[78rem]\"><p>Il Gruppo FamiCord non fa capo n\u00e9 tollera lo sfruttamento, il lavoro forzato o minorile.<\/p>\n<\/div>\n\t\t\n\t<\/div>\n<\/section>\n\n\n<section class=\"section-with-heading-and-text section-margin section-margin--small\">\n\t<div class=\"container\">\n\n\t\t\t\t\t\n\t\t\t\n    <h2   class=\"h4  text-blue break-words lg:max-w-[90%] xl:max-w-[98rem]\">\n\n            Garanzia del prodotto e della qulit\u00e0, protezione dell &#8216;ambiente\n\n    <\/h2>\n\n\t\t\n\t\t\t\t\t\t\t\t<div class=\"mt-24 xl:mt-40 xl:ml-100 space-y-24  xl:max-w-[78rem]\"><p>Attribuiamo grande importanza a una cultura aziendale sostenibile e attenta alla salvaguardia delle risorse. I nostri standard per la garanzia dei prodotti e della qualit\u00e0 nonch\u00e9 per la tutela dell\u2018ambiente sono conformi ai requisiti di legge e vengono continuamente sviluppati.<\/p>\n<\/div>\n\t\t\n\t<\/div>\n<\/section>\n\n\n<section class=\"section-with-heading-and-text section-margin section-margin--small\">\n\t<div class=\"container\">\n\n\t\t\t\t\t\n\t\t\t\n    <h2   class=\"h4  text-blue break-words lg:max-w-[90%] xl:max-w-[98rem]\">\n\n            Impegno sociale\n\n    <\/h2>\n\n\t\t\n\t\t\t\t\t\t\t\t<div class=\"mt-24 xl:mt-40 xl:ml-100 space-y-24  xl:max-w-[78rem]\"><p>Siamo consapevoli dei nostri obblighi sociali. Per questo motivo, sosteniamo regolarmente progetti sociali di varia natura<\/p>\n<\/div>\n\t\t\n\t<\/div>\n<\/section>\n\n\n<section class=\"section-with-heading-and-text section-margin section-margin--small\">\n\t<div class=\"container\">\n\n\t\t\t\t\t\n\t\t\t\n    <h2   class=\"h4  text-blue break-words lg:max-w-[90%] xl:max-w-[98rem]\">\n\n            Responsabile della compliance e segnalazione di casi sospetti\n\n    <\/h2>\n\n\t\t\n\t\t\t\t\t\t\t\t<div class=\"mt-24 xl:mt-40 xl:ml-100 space-y-24  xl:max-w-[78rem]\"><p>Il Gruppo FamiCord ha installato un sistema di whistleblowing per la segnalazione di casi sospetti relativi alla violazione di leggi, linee guida o del presente codice di condotta, attraverso il quale \u00e8 possibile contattare l\u2018azienda secondo diverse modalit\u00e0. Il Gruppo FamiCord tutela i segnalanti. Non sono tollerate ritorsioni. I canali appositi per le segnalazioni saranno comunicati sul sito web e sulla rete intranet dell\u2018azienda (ove disponibili). Le condizioni quadro per la segnalazione di casi sospetti sono definite in una linea guida interna.<\/p>\n<\/div>\n\t\t\n\t<\/div>\n<\/section>\n\n\n\n<div class=\"container wp-block-group eplus-wrapper\"><div class=\"wp-block-group__inner-container is-layout-constrained wp-block-group-is-layout-constrained\">\n<p class=\" eplus-wrapper\">Zug, 29 november 2023<\/p>\n\n\n\n<p class=\" eplus-wrapper\"><strong>Consiglio di amministrazione del FamiCord Group<\/strong><\/p>\n\n\n\n<div style=\"height:10rem\" aria-hidden=\"true\" class=\" wp-block-spacer eplus-wrapper\"><\/div>\n<\/div><\/div>\n","protected":false},"excerpt":{"rendered":"<p>Zug, 29 november 2023 Consiglio di amministrazione del FamiCord Group<\/p>\n","protected":false},"author":1,"featured_media":0,"parent":0,"menu_order":0,"comment_status":"closed","ping_status":"closed","template":"","meta":{"_acf_changed":false,"inline_featured_image":false,"editor_plus_copied_stylings":"{}","footnotes":""},"class_list":["post-4165","page","type-page","status-publish","hentry"],"acf":[],"yoast_head":"<!-- This site is optimized with the Yoast SEO plugin v27.5 - https:\/\/yoast.com\/product\/yoast-seo-wordpress\/ -->\n<title>FamiCord Suisse | Codice di condotta e principi di conformit\u00e0<\/title>\n<meta name=\"description\" content=\"Il Codice di condotta FamiCord Suisse stabilisce valori etici e regole di conformit\u00e0 per garantire trasparenza, integrit\u00e0 e responsabilit\u00e0.\" \/>\n<meta name=\"robots\" content=\"index, follow, max-snippet:-1, max-image-preview:large, max-video-preview:-1\" \/>\n<link rel=\"canonical\" href=\"https:\/\/famicord.ch\/it\/codice-di-condotta\" \/>\n<meta property=\"og:locale\" content=\"it_IT\" \/>\n<meta property=\"og:type\" content=\"article\" \/>\n<meta property=\"og:title\" content=\"FamiCord Suisse | Codice di condotta e principi di conformit\u00e0\" \/>\n<meta property=\"og:description\" content=\"Il Codice di condotta FamiCord Suisse stabilisce valori etici e regole di conformit\u00e0 per garantire trasparenza, integrit\u00e0 e responsabilit\u00e0.\" \/>\n<meta property=\"og:url\" content=\"https:\/\/famicord.ch\/it\/codice-di-condotta\" \/>\n<meta property=\"og:site_name\" content=\"Famicord Suisse\" \/>\n<meta property=\"article:modified_time\" content=\"2025-11-07T13:34:57+00:00\" \/>\n<meta name=\"twitter:card\" content=\"summary_large_image\" \/>\n<meta name=\"twitter:label1\" content=\"Est. reading time\" \/>\n\t<meta name=\"twitter:data1\" content=\"1 minute\" \/>\n<script type=\"application\/ld+json\" class=\"yoast-schema-graph\">{\"@context\":\"https:\\\/\\\/schema.org\",\"@graph\":[{\"@type\":\"WebPage\",\"@id\":\"https:\\\/\\\/famicord.ch\\\/it\\\/codice-di-condotta\",\"url\":\"https:\\\/\\\/famicord.ch\\\/it\\\/codice-di-condotta\",\"name\":\"FamiCord Suisse | Codice di condotta e principi di conformit\u00e0\",\"isPartOf\":{\"@id\":\"https:\\\/\\\/famicord.ch\\\/it#website\"},\"datePublished\":\"2024-07-16T12:50:22+00:00\",\"dateModified\":\"2025-11-07T13:34:57+00:00\",\"description\":\"Il Codice di condotta FamiCord Suisse stabilisce valori etici e regole di conformit\u00e0 per garantire trasparenza, integrit\u00e0 e responsabilit\u00e0.\",\"breadcrumb\":{\"@id\":\"https:\\\/\\\/famicord.ch\\\/it\\\/codice-di-condotta#breadcrumb\"},\"inLanguage\":\"it-CH\",\"potentialAction\":[{\"@type\":\"ReadAction\",\"target\":[\"https:\\\/\\\/famicord.ch\\\/it\\\/codice-di-condotta\"]}]},{\"@type\":\"BreadcrumbList\",\"@id\":\"https:\\\/\\\/famicord.ch\\\/it\\\/codice-di-condotta#breadcrumb\",\"itemListElement\":[{\"@type\":\"ListItem\",\"position\":1,\"name\":\"Home\",\"item\":\"https:\\\/\\\/famicord.ch\\\/it\"},{\"@type\":\"ListItem\",\"position\":2,\"name\":\"Codice di condotta\"}]},{\"@type\":\"WebSite\",\"@id\":\"https:\\\/\\\/famicord.ch\\\/it#website\",\"url\":\"https:\\\/\\\/famicord.ch\\\/it\",\"name\":\"Famicord.ch\",\"description\":\"\",\"potentialAction\":[{\"@type\":\"SearchAction\",\"target\":{\"@type\":\"EntryPoint\",\"urlTemplate\":\"https:\\\/\\\/famicord.ch\\\/it?s={search_term_string}\"},\"query-input\":{\"@type\":\"PropertyValueSpecification\",\"valueRequired\":true,\"valueName\":\"search_term_string\"}}],\"inLanguage\":\"it-CH\"}]}<\/script>\n<!-- \/ Yoast SEO plugin. -->","yoast_head_json":{"title":"FamiCord Suisse | Codice di condotta e principi di conformit\u00e0","description":"Il Codice di condotta FamiCord Suisse stabilisce valori etici e regole di conformit\u00e0 per garantire trasparenza, integrit\u00e0 e responsabilit\u00e0.","robots":{"index":"index","follow":"follow","max-snippet":"max-snippet:-1","max-image-preview":"max-image-preview:large","max-video-preview":"max-video-preview:-1"},"canonical":"https:\/\/famicord.ch\/it\/codice-di-condotta","og_locale":"it_IT","og_type":"article","og_title":"FamiCord Suisse | Codice di condotta e principi di conformit\u00e0","og_description":"Il Codice di condotta FamiCord Suisse stabilisce valori etici e regole di conformit\u00e0 per garantire trasparenza, integrit\u00e0 e responsabilit\u00e0.","og_url":"https:\/\/famicord.ch\/it\/codice-di-condotta","og_site_name":"Famicord Suisse","article_modified_time":"2025-11-07T13:34:57+00:00","twitter_card":"summary_large_image","twitter_misc":{"Est. reading time":"1 minute"},"schema":{"@context":"https:\/\/schema.org","@graph":[{"@type":"WebPage","@id":"https:\/\/famicord.ch\/it\/codice-di-condotta","url":"https:\/\/famicord.ch\/it\/codice-di-condotta","name":"FamiCord Suisse | Codice di condotta e principi di conformit\u00e0","isPartOf":{"@id":"https:\/\/famicord.ch\/it#website"},"datePublished":"2024-07-16T12:50:22+00:00","dateModified":"2025-11-07T13:34:57+00:00","description":"Il Codice di condotta FamiCord Suisse stabilisce valori etici e regole di conformit\u00e0 per garantire trasparenza, integrit\u00e0 e responsabilit\u00e0.","breadcrumb":{"@id":"https:\/\/famicord.ch\/it\/codice-di-condotta#breadcrumb"},"inLanguage":"it-CH","potentialAction":[{"@type":"ReadAction","target":["https:\/\/famicord.ch\/it\/codice-di-condotta"]}]},{"@type":"BreadcrumbList","@id":"https:\/\/famicord.ch\/it\/codice-di-condotta#breadcrumb","itemListElement":[{"@type":"ListItem","position":1,"name":"Home","item":"https:\/\/famicord.ch\/it"},{"@type":"ListItem","position":2,"name":"Codice di condotta"}]},{"@type":"WebSite","@id":"https:\/\/famicord.ch\/it#website","url":"https:\/\/famicord.ch\/it","name":"Famicord.ch","description":"","potentialAction":[{"@type":"SearchAction","target":{"@type":"EntryPoint","urlTemplate":"https:\/\/famicord.ch\/it?s={search_term_string}"},"query-input":{"@type":"PropertyValueSpecification","valueRequired":true,"valueName":"search_term_string"}}],"inLanguage":"it-CH"}]}},"_links":{"self":[{"href":"https:\/\/famicord.ch\/it\/wp-json\/wp\/v2\/pages\/4165","targetHints":{"allow":["GET"]}}],"collection":[{"href":"https:\/\/famicord.ch\/it\/wp-json\/wp\/v2\/pages"}],"about":[{"href":"https:\/\/famicord.ch\/it\/wp-json\/wp\/v2\/types\/page"}],"author":[{"embeddable":true,"href":"https:\/\/famicord.ch\/it\/wp-json\/wp\/v2\/users\/1"}],"replies":[{"embeddable":true,"href":"https:\/\/famicord.ch\/it\/wp-json\/wp\/v2\/comments?post=4165"}],"version-history":[{"count":2,"href":"https:\/\/famicord.ch\/it\/wp-json\/wp\/v2\/pages\/4165\/revisions"}],"predecessor-version":[{"id":4174,"href":"https:\/\/famicord.ch\/it\/wp-json\/wp\/v2\/pages\/4165\/revisions\/4174"}],"wp:attachment":[{"href":"https:\/\/famicord.ch\/it\/wp-json\/wp\/v2\/media?parent=4165"}],"curies":[{"name":"wp","href":"https:\/\/api.w.org\/{rel}","templated":true}]}}