{"id":4143,"date":"2024-07-16T14:50:34","date_gmt":"2024-07-16T12:50:34","guid":{"rendered":"https:\/\/wordpress-famicord-ch.empressia.dev\/haftungsausschluss"},"modified":"2025-11-07T14:38:39","modified_gmt":"2025-11-07T13:38:39","slug":"esclusione-di-responsabilita","status":"publish","type":"page","link":"https:\/\/famicord.ch\/it\/esclusione-di-responsabilita","title":{"rendered":"Esclusione di responsabilit\u00e0"},"content":{"rendered":"\n<section class=\"hero flex flex-col justify-center bg-center bg-cover bg-no-repeat py-32 lg:py-48 mb-72 xl:mb-120 relative min-h-[20.5rem] xl:min-h-[26rem]\" style=\"background-image: url(https:\/\/famicord.ch\/wp-content\/uploads\/2024\/07\/default-hero-bg.webp)\">\n\t<div class=\"container items-center\">\n\t\t<h1 class=\"text-center text-blue max-w-[90%] md:max-w-[60%] lg:max-w-[80%] xxl:max-w-1200 mx-auto\">\n\t\t\t\n\t\t\t\n\t\t\t\t\t\t\t<span class=\"font-extralight break-words\">Esclusione di responsabilit\u00e0<\/span>\n\t\t\t\t\t<\/h1>\n\t<\/div>\n\n\t<div class=\"absolute left-[-14rem] bottom-[-10.8rem] md:bottom-[-15.8rem] xl:bottom-[-20.3rem]\">\n\t\t<svg width=\"500\" height=\"500\" viewbox=\"0 0 500 500\" fill=\"none\" xmlns=\"http:\/\/www.w3.org\/2000\/svg\" class=\"size-180 md:size-260 xl:size-340\">\n\t\t\t<mask id=\"mask0_1511_27028\" style=\"mask-type:alpha\" maskunits=\"userSpaceOnUse\" x=\"0\" y=\"0\" width=\"500\" height=\"200\">\n\t\t\t\t<rect width=\"500\" height=\"200\" transform=\"matrix(-1 0 0 1 500 0)\" fill=\"#D9D9D9\"\/>\n\t\t\t<\/mask>\n\t\t\t<g mask=\"url(#mask0_1511_27028)\">\n\t\t\t\t<path d=\"M214.686 463.894C166.261 512.319 87.156 511.726 38.731 463.301C-9.69398 414.876 -10.2866 335.771 38.1384 287.346L287.04 38.4443C335.465 -9.98075 414.57 -9.3881 462.995 39.0369C511.42 87.4619 512.013 166.567 463.588 214.992L214.686 463.894Z\" fill=\"#FE6F20\"\/>\n\t\t\t<\/g>\n\t\t\t<path d=\"M214.404 462.612C166.377 510.639 87.7903 509.946 39.7484 461.905C-8.29344 413.863 -8.98578 335.276 39.0413 287.249L287.943 38.3476C335.97 -9.67956 414.556 -8.98719 462.598 39.0547C510.64 87.0966 511.333 165.683 463.305 213.71L214.404 462.612Z\" stroke=\"#FE6F20\" stroke-width=\"2\"\/>\n\t\t<\/svg>\n\t<\/div>\n\n\t<div class=\"absolute right-[-10rem] bottom-[-7.2rem] md:bottom-[-10.4rem] xl:bottom-[-13.6rem]\">\n\t\t<svg width=\"500\" height=\"500\" viewbox=\"0 0 500 500\" fill=\"none\" xmlns=\"http:\/\/www.w3.org\/2000\/svg\" class=\"size-180 md:size-260 xl:size-340\">\n\t\t\t<mask id=\"mask0_1511_27023\" style=\"mask-type:alpha\" maskunits=\"userSpaceOnUse\" x=\"0\" y=\"0\" width=\"500\" height=\"300\">\n\t\t\t\t<rect width=\"500\" height=\"300\" fill=\"#D9D9D9\"\/>\n\t\t\t<\/mask>\n\t\t\t<g mask=\"url(#mask0_1511_27023)\">\n\t\t\t\t<path d=\"M285.622 36.4146C334.047 -12.0104 413.069 -11.5011 461.494 36.9239C509.919 85.349 510.429 164.371 462.004 212.796L213.102 461.697C164.677 510.122 85.6552 509.613 37.2302 461.188C-11.1948 412.763 -11.7041 333.741 36.7209 285.316L285.622 36.4146Z\" fill=\"#1560DA\"\/>\n\t\t\t<\/g>\n\t\t\t<path d=\"M285.596 37.3883C333.623 -10.6388 412.21 -9.94644 460.252 38.0955C508.293 86.1373 508.986 164.724 460.959 212.751L212.057 461.652C164.03 509.68 85.4436 508.987 37.4017 460.945C-10.6402 412.903 -11.3325 334.317 36.6946 286.29L285.596 37.3883Z\" stroke=\"#1560DA\" stroke-width=\"2\"\/>\n\t\t<\/svg>\n\t<\/div>\n<\/section>\n\n\n<section class=\"section-with-heading-and-text section-margin section-margin--small\">\n\t<div class=\"container\">\n\n\t\t\t\t\t\n\t\t\t\n    <p   class=\"h3  text-blue break-words lg:max-w-[90%] xl:max-w-[98rem]\">\n\n            Esclusione di responsabilit\u00e0\n\n    <\/p>\n\n\t\t\n\t\t\t\t\t\t\t\t<div class=\"mt-24 xl:mt-40 xl:ml-100 space-y-24  xl:max-w-[78rem]\"><p>Le presenti Condizioni di utilizzo del sito web (&#8220;Condizioni&#8221;) stabiliscono i termini in base ai quali \u00e8 possibile utilizzare questi siti <a href=\"http:\/\/www.famicord.ch\/\">www.famicord.ch<\/a> (&#8220;Siti web&#8221;). Si prega di leggere attentamente le presenti Condizioni e di accertarsi di averle comprese. Il vostro consenso a rispettare e ad essere vincolati da questi Termini si considera dato la prima volta che utilizzate questi Siti Web. Se l&#8217;utente non accetta di rispettare e di essere vincolato da questi Termini, deve cessare di utilizzare questi siti web.<\/p>\n<\/div>\n\t\t\n\t<\/div>\n<\/section>\n\n\n<section class=\"section-with-heading-and-text section-margin section-margin--small\">\n\t<div class=\"container\">\n\n\t\t\t\t\t\n\t\t\t\n    <h2   class=\"h4  text-blue break-words lg:max-w-[90%] xl:max-w-[98rem]\">\n\n            Definizioni\n\n    <\/h2>\n\n\t\t\n\t\t\t\t\t\t\t\t<div class=\"mt-24 xl:mt-40 xl:ml-100 space-y-24  xl:max-w-[78rem]\"><p>In questi termini, a meno che il contesto non richieda diversamente, le seguenti espressioni hanno il seguente significato:<\/p>\n<\/div>\n\t\t\n\t<\/div>\n<\/section>\n\n\n\n<figure class=\" wp-block-table eplus-wrapper\"><table><tbody><tr><td><strong>&#8220;Contenuto&#8221;<\/strong><\/td><td>indica qualsiasi testo, immagine, file audio e video, script, codice, software, database e qualsiasi altra forma di informazione che pu\u00f2 essere memorizzata su un computer e che appare su questi siti web o ne fa parte; e<\/td><\/tr><tr><td><strong>\u201cnoi\u201d<\/strong><\/td><td>significa FamiCord Suisse S.A., il cui indirizzo \u00e8: c\/o Studio Fiduciario Pagani SA, Palazzo Ransila 2, Corso Pestalozzi 3, 6900 Lugano<\/td><\/tr><\/tbody><\/table><\/figure>\n\n\n<section class=\"section-with-heading-and-text section-margin section-margin--small\">\n\t<div class=\"container\">\n\n\t\t\t\t\t\n\t\t\t\n    <h2   class=\"h4  text-blue break-words lg:max-w-[90%] xl:max-w-[98rem]\">\n\n            Informazioni su di noi\n\n    <\/h2>\n\n\t\t\n\t\t\t\t\t\t\t\t<div class=\"mt-24 xl:mt-40 xl:ml-100 space-y-24  xl:max-w-[78rem]\"><p>Questi siti web sono di propriet\u00e0 e gestiti dal Gruppo FamiCord.<\/p>\n<\/div>\n\t\t\n\t<\/div>\n<\/section>\n\n\n<section class=\"section-with-heading-and-text section-margin section-margin--small\">\n\t<div class=\"container\">\n\n\t\t\t\t\t\n\t\t\t\n    <h2   class=\"h4  text-blue break-words lg:max-w-[90%] xl:max-w-[98rem]\">\n\n            Accesso a questi siti web\n\n    <\/h2>\n\n\t\t\n\t\t\t\t\t\t\t\t<div class=\"mt-24 xl:mt-40 xl:ml-100 space-y-24  xl:max-w-[78rem]\"><p>L&#8217;accesso a questi siti web \u00e8 gratuito. \u00c8 vostra responsabilit\u00e0 prendere tutte le precauzioni necessarie per accedere a questi siti web.L&#8217;accesso a questi siti web \u00e8 gratuito. \u00c8 vostra responsabilit\u00e0 prendere tutte le precauzioni necessarie per accedere a questi siti web.<br \/>\nL&#8217;accesso a questi siti web viene fornito &#8220;cos\u00ec com&#8217;\u00e8&#8221; e su base &#8220;come disponibile&#8221;. Possiamo modificare, sospendere o interrompere questi siti web (o parte di essi) in qualsiasi momento senza preavviso. Non saremo in alcun modo responsabili nei vostri confronti se questi siti web (o parte di essi) non sono disponibili in qualsiasi momento e per qualsiasi periodo di tempo.<\/p>\n<\/div>\n\t\t\n\t<\/div>\n<\/section>\n\n\n<section class=\"section-with-heading-and-text section-margin section-margin--small\">\n\t<div class=\"container\">\n\n\t\t\t\t\t\n\t\t\t\n    <h2   class=\"h4  text-blue break-words lg:max-w-[90%] xl:max-w-[98rem]\">\n\n            Diritti di propriet\u00e0 intellettuale\n\n    <\/h2>\n\n\t\t\n\t\t\t\t\t\t\t\t<div class=\"mt-24 xl:mt-40 xl:ml-100 space-y-24  xl:max-w-[78rem]\"><p>L&#8217;intero contenuto di questi siti web e i diritti d&#8217;autore, i marchi e gli altri diritti di propriet\u00e0 intellettuale contenuti in tali contenuti appartengono a noi o sono stati concessi in licenza da noi, se non diversamente specificato. L&#8217;intero contenuto \u00e8 protetto dalle leggi e dai trattati svizzeri e internazionali applicabili in materia di propriet\u00e0 intellettuale.L&#8217;intero contenuto di questi siti web e i diritti d&#8217;autore, i marchi e gli altri diritti di propriet\u00e0 intellettuale contenuti in tali contenuti appartengono a noi o sono stati concessi in licenza da noi, se non diversamente specificato. L&#8217;intero contenuto \u00e8 protetto dalle leggi e dai trattati svizzeri e internazionali applicabili in materia di propriet\u00e0 intellettuale.<br \/>\nSalvo quanto diversamente previsto dalla legge applicabile, non \u00e8 consentito riprodurre, copiare, distribuire, vendere, vendere, affittare, concedere in sublicenza, conservare o riutilizzare in altro modo il contenuto di questi siti web, a meno che non si disponga di un&#8217;espressa autorizzazione scritta da parte nostra.<\/p>\n<p>L&#8217;utente non pu\u00f2 utilizzare alcun contenuto memorizzato o\u00a0scaricato da questi siti web per scopi commerciali senza aver prima ottenuto una licenza da noi (o dai nostri licenziatari, a\u00a0seconda dei casi).<\/p>\n<\/div>\n\t\t\n\t<\/div>\n<\/section>\n\n\n<section class=\"section-with-heading-and-text section-margin section-margin--small\">\n\t<div class=\"container\">\n\n\t\t\t\t\t\n\t\t\t\n    <h2   class=\"h4  text-blue break-words lg:max-w-[90%] xl:max-w-[98rem]\">\n\n            Link ad altri siti web\n\n    <\/h2>\n\n\t\t\n\t\t\t\t\t\t\t\t<div class=\"mt-24 xl:mt-40 xl:ml-100 space-y-24  xl:max-w-[78rem]\"><p>Questi siti web possono contenere link ad altri siti web. Se non espressamente indicato, questi siti web non sono sotto il controllo del Gruppo FamiCord. Non ci assumiamo alcuna responsabilit\u00e0 per il contenuto dei siti web di terzi. L&#8217;inserimento di un link ad un altro sito web su questi siti web ha solo scopo informativo e non implica alcuna approvazione dei siti web stessi o di quelli che li controllano.<\/p>\n<\/div>\n\t\t\n\t<\/div>\n<\/section>\n\n\n<section class=\"section-with-heading-and-text section-margin section-margin--small\">\n\t<div class=\"container\">\n\n\t\t\t\t\t\n\t\t\t\n    <h2   class=\"h4  text-blue break-words lg:max-w-[90%] xl:max-w-[98rem]\">\n\n            Esclusione di responsabilit\u00e0\n\n    <\/h2>\n\n\t\t\n\t\t\t\t\t\t\t\t<div class=\"mt-24 xl:mt-40 xl:ml-100 space-y-24  xl:max-w-[78rem]\"><p>Nulla in questi siti web costituisce un consiglio su cui fare affidamento. Sono solo per informazioni generali. Nulla in questi siti web costituisce un consiglio su cui fare affidamento. Sono solo per informazioni generali.<br \/>\nNella misura consentita dalla legge applicabile, non dichiariamo, non garantiamo n\u00e9 garantiamo che questi siti web soddisfino i vostri requisiti, che non violino i diritti di terzi, che siano compatibili o sicuri con tutti i software e gli hardware.<br \/>\nFacciamo ragionevoli sforzi per garantire che il contenuto di questi siti web sia completo, accurato e aggiornato. Tuttavia, non rilasciamo alcuna dichiarazione, garanzia o assicurazione (espressa o implicita) che il contenuto sia completo, accurato e aggiornato.<\/p>\n<\/div>\n\t\t\n\t<\/div>\n<\/section>\n\n\n<section class=\"section-with-heading-and-text section-margin section-margin--small\">\n\t<div class=\"container\">\n\n\t\t\t\t\t\n\t\t\t\n    <h2   class=\"h4  text-blue break-words lg:max-w-[90%] xl:max-w-[98rem]\">\n\n            Responsabilit\u00e0\n\n    <\/h2>\n\n\t\t\n\t\t\t\t\t\t\t\t<div class=\"mt-24 xl:mt-40 xl:ml-100 space-y-24  xl:max-w-[78rem]\"><p>Nella misura massima consentita dalla legge applicabile, non saremo responsabili nei confronti di alcun utente per qualsiasi perdita o danno, prevedibile o meno, derivante da contratto, illecito (inclusa la negligenza), violazione di obblighi di legge o altro, derivante da o in relazione all&#8217;uso (o all&#8217;impossibilit\u00e0 di usare) di questi siti web o all&#8217;uso o all&#8217;affidamento su qualsiasi contenuto di questi siti web.Nella misura massima consentita dalla legge applicabile, non saremo responsabili nei confronti di alcun utente per qualsiasi perdita o danno, prevedibile o meno, derivante da contratto, illecito (inclusa la negligenza), violazione di obblighi di legge o altro, derivante da o in relazione all&#8217;uso (o all&#8217;impossibilit\u00e0 di usare) di questi siti web o all&#8217;uso o all&#8217;affidamento su qualsiasi contenuto di questi siti web.<\/p>\n<p>Nella misura massima consentita dalla legge, escludiamo tutte le rappresentazioni, le garanzie e le garanzie (sia esplicite che implicite) che possono essere applicate a questi siti web o ai contenuti in essi contenuti.<\/p>\n<p>Utilizziamo tutta l&#8217;abilit\u00e0 e la cura necessarie per garantire che questi siti web siano liberi da virus e altri malware. Non saremo responsabili per eventuali perdite o danni derivanti da virus o altri malware, attacchi distribuiti di diniego di servizio o altri materiali o eventi dannosi che possono influire negativamente sul vostro hardware, software, dati o altre propriet\u00e0, derivanti dall&#8217;uso di questi siti web (incluso il download di qualsiasi contenuto) o di qualsiasi altro sito web a cui questi siti web si collegano.<\/p>\n<p>Non ci assumiamo alcuna responsabilit\u00e0 per qualsiasi guasto o indisponibilit\u00e0 di questi siti web a causa di cause esterne, inclusi, a titolo esemplificativo ma non esaustivo, guasti alle apparecchiature dell&#8217;ISP, guasti alle apparecchiature dell&#8217;host, guasti alle reti di comunicazione, cause di forza maggiore, atti di guerra o restrizioni legali e censura.<\/p>\n<\/div>\n\t\t\n\t<\/div>\n<\/section>\n\n\n<section class=\"section-with-heading-and-text section-margin section-margin--small\">\n\t<div class=\"container\">\n\n\t\t\t\t\t\n\t\t\t\n    <h2   class=\"h4  text-blue break-words lg:max-w-[90%] xl:max-w-[98rem]\">\n\n            Cookies\n\n    <\/h2>\n\n\t\t\n\t\t\t\t\t\t\t\t<div class=\"mt-24 xl:mt-40 xl:ml-100 space-y-24  xl:max-w-[78rem]\"><p>Si prega di notare la nostra politica sui cookie: <a href=\"https:\/\/famicord.ch\/it\/politica-dei-cookie\">https:\/\/famicord.ch\/it\/politica-dei-cookie<\/a><\/p>\n<\/div>\n\t\t\n\t<\/div>\n<\/section>\n\n\n<section class=\"section-with-heading-and-text section-margin section-margin--small\">\n\t<div class=\"container\">\n\n\t\t\t\t\t\n\t\t\t\n    <h2   class=\"h4  text-blue break-words lg:max-w-[90%] xl:max-w-[98rem]\">\n\n            Data Protection\n\n    <\/h2>\n\n\t\t\n\t\t\t\t\t\t\t\t<div class=\"mt-24 xl:mt-40 xl:ml-100 space-y-24  xl:max-w-[78rem]\"><p>Si prega di notare la nostra politica sulla privacy: <a href=\"https:\/\/famicord.ch\/it\/informativa-sulla-privacy\">https:\/\/famicord.ch\/it\/informativa-sulla-privacy<\/a><\/p>\n<\/div>\n\t\t\n\t<\/div>\n<\/section>\n\n\n<section class=\"section-with-heading-and-text section-margin section-margin--small\">\n\t<div class=\"container\">\n\n\t\t\t\t\t\n\t\t\t\n    <h2   class=\"h4  text-blue break-words lg:max-w-[90%] xl:max-w-[98rem]\">\n\n            Modifiche a queste condizioni\n\n    <\/h2>\n\n\t\t\n\t\t\t\t\t\t\t\t<div class=\"mt-24 xl:mt-40 xl:ml-100 space-y-24  xl:max-w-[78rem]\"><p>Possiamo modificare queste condizioni in qualsiasi momento. Tali modifiche diventeranno vincolanti per voi la prima volta che utilizzerete questi siti web dopo l&#8217;implementazione delle modifiche. Vi consigliamo quindi di controllare questi siti web di tanto in tanto.Possiamo modificare queste condizioni in qualsiasi momento. Tali modifiche diventeranno vincolanti per voi la prima volta che utilizzerete questi siti web dopo l&#8217;implementazione delle modifiche. Vi consigliamo quindi di controllare questi siti web di tanto in tanto.<\/p>\n<p>In caso di conflitto tra la versione attuale dei presenti termini e condizioni e una o pi\u00f9 versioni precedenti, prevarranno i termini e le condizioni attuali e validi, salvo espressa indicazione contraria.<\/p>\n<p>Legge e giurisdizione<\/p>\n<p>Le presenti condizioni sono disciplinate e interpretate in base al diritto svizzero (ad esclusione del diritto internazionale privato svizzero e dei trattati internazionali, in particolare la Convenzione di Vienna sulla vendita internazionale di merci dell&#8217;11 aprile 1980).<\/p>\n<p>Tutte le controversie relative ai presenti termini e condizioni sono soggette alla giurisdizione dei tribunali competenti presso la sede legale del Gruppo FamiCord.<\/p>\n<\/div>\n\t\t\n\t<\/div>\n<\/section>\n\n\n<section class=\"section-with-heading-and-text section-margin section-margin--small\">\n\t<div class=\"container\">\n\n\t\t\t\t\t\n\t\t\t\n    <h2   class=\"h4  text-blue break-words lg:max-w-[90%] xl:max-w-[98rem]\">\n\n            Contatto con noi\n\n    <\/h2>\n\n\t\t\n\t\t\t\t\t\t\t\t<div class=\"mt-24 xl:mt-40 xl:ml-100 space-y-24  xl:max-w-[78rem]\"><p>Per contattarci, inviateci un&#8217;e-mail a <a href=\"mailto:dpo@famicord.ch\">dpo@famicord.ch<\/a> o utilizzate uno dei metodi elencati nella pagina dei contatti.<\/p>\n<\/div>\n\t\t\n\t<\/div>\n<\/section>\n","protected":false},"excerpt":{"rendered":"<p>&#8220;Contenuto&#8221; indica qualsiasi testo, immagine, file audio e video, script, codice, software, database e qualsiasi altra forma di informazione che pu\u00f2 essere memorizzata su un computer e che appare su questi siti web o ne fa parte; e \u201cnoi\u201d significa FamiCord Suisse S.A., il cui indirizzo \u00e8: c\/o Studio Fiduciario Pagani SA, Palazzo Ransila 2, [&hellip;]<\/p>\n","protected":false},"author":1,"featured_media":0,"parent":0,"menu_order":0,"comment_status":"closed","ping_status":"closed","template":"","meta":{"_acf_changed":false,"inline_featured_image":false,"editor_plus_copied_stylings":"{}","footnotes":""},"class_list":["post-4143","page","type-page","status-publish","hentry"],"acf":[],"yoast_head":"<!-- This site is optimized with the Yoast SEO plugin v27.5 - https:\/\/yoast.com\/product\/yoast-seo-wordpress\/ -->\n<title>FamiCord Suisse | Esclusione di responsabilit\u00e0<\/title>\n<meta name=\"description\" content=\"Scoprite l\u2019esclusione di responsabilit\u00e0 di FamiCord Suisse \u2013 note legali, ambito di applicazione e responsabilit\u00e0 per l\u2019utilizzo di questo sito web.\" \/>\n<meta name=\"robots\" content=\"index, follow, max-snippet:-1, max-image-preview:large, max-video-preview:-1\" \/>\n<link rel=\"canonical\" href=\"https:\/\/famicord.ch\/it\/esclusione-di-responsabilita\" \/>\n<meta property=\"og:locale\" content=\"it_IT\" \/>\n<meta property=\"og:type\" content=\"article\" \/>\n<meta property=\"og:title\" content=\"FamiCord Suisse | Esclusione di responsabilit\u00e0\" \/>\n<meta property=\"og:description\" content=\"Scoprite l\u2019esclusione di responsabilit\u00e0 di FamiCord Suisse \u2013 note legali, ambito di applicazione e responsabilit\u00e0 per l\u2019utilizzo di questo sito web.\" \/>\n<meta property=\"og:url\" content=\"https:\/\/famicord.ch\/it\/esclusione-di-responsabilita\" \/>\n<meta property=\"og:site_name\" content=\"Famicord Suisse\" \/>\n<meta property=\"article:modified_time\" content=\"2025-11-07T13:38:39+00:00\" \/>\n<meta name=\"twitter:card\" content=\"summary_large_image\" \/>\n<meta name=\"twitter:label1\" content=\"Est. reading time\" \/>\n\t<meta name=\"twitter:data1\" content=\"1 minute\" \/>\n<script type=\"application\/ld+json\" class=\"yoast-schema-graph\">{\"@context\":\"https:\\\/\\\/schema.org\",\"@graph\":[{\"@type\":\"WebPage\",\"@id\":\"https:\\\/\\\/famicord.ch\\\/it\\\/esclusione-di-responsabilita\",\"url\":\"https:\\\/\\\/famicord.ch\\\/it\\\/esclusione-di-responsabilita\",\"name\":\"FamiCord Suisse | Esclusione di responsabilit\u00e0\",\"isPartOf\":{\"@id\":\"https:\\\/\\\/famicord.ch\\\/it#website\"},\"datePublished\":\"2024-07-16T12:50:34+00:00\",\"dateModified\":\"2025-11-07T13:38:39+00:00\",\"description\":\"Scoprite l\u2019esclusione di responsabilit\u00e0 di FamiCord Suisse \u2013 note legali, ambito di applicazione e responsabilit\u00e0 per l\u2019utilizzo di questo sito web.\",\"breadcrumb\":{\"@id\":\"https:\\\/\\\/famicord.ch\\\/it\\\/esclusione-di-responsabilita#breadcrumb\"},\"inLanguage\":\"it-CH\",\"potentialAction\":[{\"@type\":\"ReadAction\",\"target\":[\"https:\\\/\\\/famicord.ch\\\/it\\\/esclusione-di-responsabilita\"]}]},{\"@type\":\"BreadcrumbList\",\"@id\":\"https:\\\/\\\/famicord.ch\\\/it\\\/esclusione-di-responsabilita#breadcrumb\",\"itemListElement\":[{\"@type\":\"ListItem\",\"position\":1,\"name\":\"Home\",\"item\":\"https:\\\/\\\/famicord.ch\\\/it\"},{\"@type\":\"ListItem\",\"position\":2,\"name\":\"Esclusione di responsabilit\u00e0\"}]},{\"@type\":\"WebSite\",\"@id\":\"https:\\\/\\\/famicord.ch\\\/it#website\",\"url\":\"https:\\\/\\\/famicord.ch\\\/it\",\"name\":\"Famicord.ch\",\"description\":\"\",\"potentialAction\":[{\"@type\":\"SearchAction\",\"target\":{\"@type\":\"EntryPoint\",\"urlTemplate\":\"https:\\\/\\\/famicord.ch\\\/it?s={search_term_string}\"},\"query-input\":{\"@type\":\"PropertyValueSpecification\",\"valueRequired\":true,\"valueName\":\"search_term_string\"}}],\"inLanguage\":\"it-CH\"}]}<\/script>\n<!-- \/ Yoast SEO plugin. -->","yoast_head_json":{"title":"FamiCord Suisse | Esclusione di responsabilit\u00e0","description":"Scoprite l\u2019esclusione di responsabilit\u00e0 di FamiCord Suisse \u2013 note legali, ambito di applicazione e responsabilit\u00e0 per l\u2019utilizzo di questo sito web.","robots":{"index":"index","follow":"follow","max-snippet":"max-snippet:-1","max-image-preview":"max-image-preview:large","max-video-preview":"max-video-preview:-1"},"canonical":"https:\/\/famicord.ch\/it\/esclusione-di-responsabilita","og_locale":"it_IT","og_type":"article","og_title":"FamiCord Suisse | Esclusione di responsabilit\u00e0","og_description":"Scoprite l\u2019esclusione di responsabilit\u00e0 di FamiCord Suisse \u2013 note legali, ambito di applicazione e responsabilit\u00e0 per l\u2019utilizzo di questo sito web.","og_url":"https:\/\/famicord.ch\/it\/esclusione-di-responsabilita","og_site_name":"Famicord Suisse","article_modified_time":"2025-11-07T13:38:39+00:00","twitter_card":"summary_large_image","twitter_misc":{"Est. reading time":"1 minute"},"schema":{"@context":"https:\/\/schema.org","@graph":[{"@type":"WebPage","@id":"https:\/\/famicord.ch\/it\/esclusione-di-responsabilita","url":"https:\/\/famicord.ch\/it\/esclusione-di-responsabilita","name":"FamiCord Suisse | Esclusione di responsabilit\u00e0","isPartOf":{"@id":"https:\/\/famicord.ch\/it#website"},"datePublished":"2024-07-16T12:50:34+00:00","dateModified":"2025-11-07T13:38:39+00:00","description":"Scoprite l\u2019esclusione di responsabilit\u00e0 di FamiCord Suisse \u2013 note legali, ambito di applicazione e responsabilit\u00e0 per l\u2019utilizzo di questo sito web.","breadcrumb":{"@id":"https:\/\/famicord.ch\/it\/esclusione-di-responsabilita#breadcrumb"},"inLanguage":"it-CH","potentialAction":[{"@type":"ReadAction","target":["https:\/\/famicord.ch\/it\/esclusione-di-responsabilita"]}]},{"@type":"BreadcrumbList","@id":"https:\/\/famicord.ch\/it\/esclusione-di-responsabilita#breadcrumb","itemListElement":[{"@type":"ListItem","position":1,"name":"Home","item":"https:\/\/famicord.ch\/it"},{"@type":"ListItem","position":2,"name":"Esclusione di responsabilit\u00e0"}]},{"@type":"WebSite","@id":"https:\/\/famicord.ch\/it#website","url":"https:\/\/famicord.ch\/it","name":"Famicord.ch","description":"","potentialAction":[{"@type":"SearchAction","target":{"@type":"EntryPoint","urlTemplate":"https:\/\/famicord.ch\/it?s={search_term_string}"},"query-input":{"@type":"PropertyValueSpecification","valueRequired":true,"valueName":"search_term_string"}}],"inLanguage":"it-CH"}]}},"_links":{"self":[{"href":"https:\/\/famicord.ch\/it\/wp-json\/wp\/v2\/pages\/4143","targetHints":{"allow":["GET"]}}],"collection":[{"href":"https:\/\/famicord.ch\/it\/wp-json\/wp\/v2\/pages"}],"about":[{"href":"https:\/\/famicord.ch\/it\/wp-json\/wp\/v2\/types\/page"}],"author":[{"embeddable":true,"href":"https:\/\/famicord.ch\/it\/wp-json\/wp\/v2\/users\/1"}],"replies":[{"embeddable":true,"href":"https:\/\/famicord.ch\/it\/wp-json\/wp\/v2\/comments?post=4143"}],"version-history":[{"count":4,"href":"https:\/\/famicord.ch\/it\/wp-json\/wp\/v2\/pages\/4143\/revisions"}],"predecessor-version":[{"id":11388,"href":"https:\/\/famicord.ch\/it\/wp-json\/wp\/v2\/pages\/4143\/revisions\/11388"}],"wp:attachment":[{"href":"https:\/\/famicord.ch\/it\/wp-json\/wp\/v2\/media?parent=4143"}],"curies":[{"name":"wp","href":"https:\/\/api.w.org\/{rel}","templated":true}]}}