{"id":4126,"date":"2024-07-16T14:50:45","date_gmt":"2024-07-16T12:50:45","guid":{"rendered":"https:\/\/wordpress-famicord-ch.empressia.dev\/newsletter-richtlinien"},"modified":"2025-11-07T14:42:15","modified_gmt":"2025-11-07T13:42:15","slug":"linee-guida-per-la-newsletter","status":"publish","type":"page","link":"https:\/\/famicord.ch\/it\/linee-guida-per-la-newsletter","title":{"rendered":"Linee guida per la newsletter"},"content":{"rendered":"\n<section class=\"hero flex flex-col justify-center bg-center bg-cover bg-no-repeat py-32 lg:py-48 mb-72 xl:mb-120 relative min-h-[20.5rem] xl:min-h-[26rem]\" style=\"background-image: url(https:\/\/famicord.ch\/wp-content\/uploads\/2024\/07\/default-hero-bg.webp)\">\n\t<div class=\"container items-center\">\n\t\t<h1 class=\"text-center text-blue max-w-[90%] md:max-w-[60%] lg:max-w-[80%] xxl:max-w-1200 mx-auto\">\n\t\t\t\n\t\t\t\n\t\t\t\t\t\t\t<span class=\"font-extralight break-words\">Linee guida per la newsletter<\/span>\n\t\t\t\t\t<\/h1>\n\t<\/div>\n\n\t<div class=\"absolute left-[-14rem] bottom-[-10.8rem] md:bottom-[-15.8rem] xl:bottom-[-20.3rem]\">\n\t\t<svg width=\"500\" height=\"500\" viewbox=\"0 0 500 500\" fill=\"none\" xmlns=\"http:\/\/www.w3.org\/2000\/svg\" class=\"size-180 md:size-260 xl:size-340\">\n\t\t\t<mask id=\"mask0_1511_27028\" style=\"mask-type:alpha\" maskunits=\"userSpaceOnUse\" x=\"0\" y=\"0\" width=\"500\" height=\"200\">\n\t\t\t\t<rect width=\"500\" height=\"200\" transform=\"matrix(-1 0 0 1 500 0)\" fill=\"#D9D9D9\"\/>\n\t\t\t<\/mask>\n\t\t\t<g mask=\"url(#mask0_1511_27028)\">\n\t\t\t\t<path d=\"M214.686 463.894C166.261 512.319 87.156 511.726 38.731 463.301C-9.69398 414.876 -10.2866 335.771 38.1384 287.346L287.04 38.4443C335.465 -9.98075 414.57 -9.3881 462.995 39.0369C511.42 87.4619 512.013 166.567 463.588 214.992L214.686 463.894Z\" fill=\"#FE6F20\"\/>\n\t\t\t<\/g>\n\t\t\t<path d=\"M214.404 462.612C166.377 510.639 87.7903 509.946 39.7484 461.905C-8.29344 413.863 -8.98578 335.276 39.0413 287.249L287.943 38.3476C335.97 -9.67956 414.556 -8.98719 462.598 39.0547C510.64 87.0966 511.333 165.683 463.305 213.71L214.404 462.612Z\" stroke=\"#FE6F20\" stroke-width=\"2\"\/>\n\t\t<\/svg>\n\t<\/div>\n\n\t<div class=\"absolute right-[-10rem] bottom-[-7.2rem] md:bottom-[-10.4rem] xl:bottom-[-13.6rem]\">\n\t\t<svg width=\"500\" height=\"500\" viewbox=\"0 0 500 500\" fill=\"none\" xmlns=\"http:\/\/www.w3.org\/2000\/svg\" class=\"size-180 md:size-260 xl:size-340\">\n\t\t\t<mask id=\"mask0_1511_27023\" style=\"mask-type:alpha\" maskunits=\"userSpaceOnUse\" x=\"0\" y=\"0\" width=\"500\" height=\"300\">\n\t\t\t\t<rect width=\"500\" height=\"300\" fill=\"#D9D9D9\"\/>\n\t\t\t<\/mask>\n\t\t\t<g mask=\"url(#mask0_1511_27023)\">\n\t\t\t\t<path d=\"M285.622 36.4146C334.047 -12.0104 413.069 -11.5011 461.494 36.9239C509.919 85.349 510.429 164.371 462.004 212.796L213.102 461.697C164.677 510.122 85.6552 509.613 37.2302 461.188C-11.1948 412.763 -11.7041 333.741 36.7209 285.316L285.622 36.4146Z\" fill=\"#1560DA\"\/>\n\t\t\t<\/g>\n\t\t\t<path d=\"M285.596 37.3883C333.623 -10.6388 412.21 -9.94644 460.252 38.0955C508.293 86.1373 508.986 164.724 460.959 212.751L212.057 461.652C164.03 509.68 85.4436 508.987 37.4017 460.945C-10.6402 412.903 -11.3325 334.317 36.6946 286.29L285.596 37.3883Z\" stroke=\"#1560DA\" stroke-width=\"2\"\/>\n\t\t<\/svg>\n\t<\/div>\n<\/section>\n\n\n<section class=\"section-with-heading-and-text section-margin section-margin--small\">\n\t<div class=\"container\">\n\n\t\t\t\t\t\n\t\t\t\n    <p   class=\"h3  text-blue break-words lg:max-w-[90%] xl:max-w-[98rem]\">\n\n            Linee guida per la newsletter\n\n    <\/p>\n\n\t\t\n\t\t\t\t\t\t\t\t<div class=\"mt-24 xl:mt-40 xl:ml-100 space-y-24  xl:max-w-[78rem]\"><p>The FamiCord Suisse S.A. (&#8220;FamiCord Group&#8221;), vi ha inviato informazioni commerciali come newsletter, inviti ad eventi, corsi di formazione e presentazioni o altre informazioni di marketing o vi siete recentemente registrati per ricevere tali informazioni.<\/p>\n<\/div>\n\t\t\n\t<\/div>\n<\/section>\n\n\n<section class=\"section-with-heading-and-text section-margin section-margin--small\">\n\t<div class=\"container\">\n\n\t\t\t\t\t\n\t\t\t\n    <h2   class=\"h4  text-blue break-words lg:max-w-[90%] xl:max-w-[98rem]\">\n\n            1. Quali dati personali raccogliamo?\n\n    <\/h2>\n\n\t\t\n\t\t\t\t\t\t\t\t<div class=\"mt-24 xl:mt-40 xl:ml-100 space-y-24  xl:max-w-[78rem]\"><p>Per &#8220;Informazioni personali&#8221; si intende qualsiasi informazione che si riferisce a voi o che noi, come Gruppo FamiCord, potremmo altrimenti collegare a voi. Le informazioni personali che raccogliamo comprendono il titolo, il vostro nome, l&#8217;indirizzo postale, l&#8217;indirizzo e-mail, il numero di telefono e di fax, la citt\u00e0 di residenza, la lingua.<\/p>\n<\/div>\n\t\t\n\t<\/div>\n<\/section>\n\n\n<section class=\"section-with-heading-and-text section-margin section-margin--small\">\n\t<div class=\"container\">\n\n\t\t\t\t\t\n\t\t\t\n    <h2   class=\"h4  text-blue break-words lg:max-w-[90%] xl:max-w-[98rem]\">\n\n            2. Come raccogliamo i vostri dati personali?\n\n    <\/h2>\n\n\t\t\n\t\t\t\t\t\t\t\t<div class=\"mt-24 xl:mt-40 xl:ml-100 space-y-24  xl:max-w-[78rem]\"><p>Raccogliamo le informazioni personali che ci fornite volontariamente, ad esempio quando (i) comunicate con noi via e-mail o altri canali, (ii) vi registrate o ci chiedete di inviarvi newsletter o altro materiale (di marketing) e (iii) vi registrate per un evento. In alcuni casi, le vostre informazioni personali possono essere integrate da informazioni ottenute da altre fonti, tra cui ricerche attraverso motori di ricerca disponibili al pubblico, newsletter di settore, social media e il sito web del vostro datore di lavoro, per confermare la vostra attuale posizione professionale.Raccogliamo le informazioni personali che ci fornite volontariamente, ad esempio quando (i) comunicate con noi via e-mail o altri canali, (ii) vi registrate o ci chiedete di inviarvi newsletter o altro materiale (di marketing) e (iii) vi registrate per un evento. In alcuni casi, le vostre informazioni personali possono essere integrate da informazioni ottenute da altre fonti, tra cui ricerche attraverso motori di ricerca disponibili al pubblico, newsletter di settore, social media e il sito web del vostro datore di lavoro, per confermare la vostra attuale posizione professionale.<\/p>\n<\/div>\n\t\t\n\t<\/div>\n<\/section>\n\n\n<section class=\"section-with-heading-and-text section-margin section-margin--small\">\n\t<div class=\"container\">\n\n\t\t\t\t\t\n\t\t\t\n    <h2   class=\"h4  text-blue break-words lg:max-w-[90%] xl:max-w-[98rem]\">\n\n            3. Come utilizziamo i vostri dati personali?\n\n    <\/h2>\n\n\t\t\n\t\t\t\t\t\t\t\t<div class=\"mt-24 xl:mt-40 xl:ml-100 space-y-24  xl:max-w-[78rem]\"><p>I dati personali raccolti vengono utilizzati, tra l&#8217;altro, per scopi di comunicazione: (i) per inviarvi newsletter, informazioni su prodotti e servizi e altre informazioni sul Gruppo FamiCord; (ii) per inviarvi inviti ad eventi, corsi di formazione, conferenze e conferenze; e (iii) per mantenere la nostra lista di contatti. Non condivideremo le vostre informazioni personali con terzi.<\/p>\n<\/div>\n\t\t\n\t<\/div>\n<\/section>\n\n\n<section class=\"section-with-heading-and-text section-margin section-margin--small\">\n\t<div class=\"container\">\n\n\t\t\t\t\t\n\t\t\t\n    <h2   class=\"h4  text-blue break-words lg:max-w-[90%] xl:max-w-[98rem]\">\n\n            4. Perch\u00e9 trattiamo i vostri dati personali e su quale base legale?\n\n    <\/h2>\n\n\t\t\n\t\t\t\t\t\t\t\t<div class=\"mt-24 xl:mt-40 xl:ml-100 space-y-24  xl:max-w-[78rem]\"><p>Come sopra indicato, i vostri dati personali vengono da noi trattati per finalit\u00e0 di comunicazione. Facciamo affidamento sui nostri legittimi interessi nel mantenere relazioni commerciali e nel comunicare con voi come contatti commerciali sulle attivit\u00e0 e gli eventi del Gruppo FamiCord. Crediamo che i nostri legittimi interessi siano conformi al regolamento e ai vostri diritti e libert\u00e0 legali.<\/p>\n<\/div>\n\t\t\n\t<\/div>\n<\/section>\n\n\n<section class=\"section-with-heading-and-text section-margin section-margin--small\">\n\t<div class=\"container\">\n\n\t\t\t\t\t\n\t\t\t\n    <h2   class=\"h4  text-blue break-words lg:max-w-[90%] xl:max-w-[98rem]\">\n\n            5. Dove vengono memorizzati i vostri dati personali?\n\n    <\/h2>\n\n\t\t\n\t\t\t\t\t\t\t\t<div class=\"mt-24 xl:mt-40 xl:ml-100 space-y-24  xl:max-w-[78rem]\"><p>Tutti i vostri dati personali vengono elaborati e memorizzati su server in Svizzera e nel EWR.<\/p>\n<\/div>\n\t\t\n\t<\/div>\n<\/section>\n\n\n<section class=\"section-with-heading-and-text section-margin section-margin--small\">\n\t<div class=\"container\">\n\n\t\t\t\t\t\n\t\t\t\n    <h2   class=\"h4  text-blue break-words lg:max-w-[90%] xl:max-w-[98rem]\">\n\n            6. Per quanto tempo conserviamo i vostri dati personali?\n\n    <\/h2>\n\n\t\t\n\t\t\t\t\t\t\t\t<div class=\"mt-24 xl:mt-40 xl:ml-100 space-y-24  xl:max-w-[78rem]\"><p>I vostri dati personali saranno conservati per le finalit\u00e0 sopra menzionate fintanto che sarete in contatto commerciale con noi. \u00c8 possibile annullare l&#8217;iscrizione in qualsiasi momento se non si desidera pi\u00f9 ricevere comunicazioni e inviti da parte del Gruppo FamiCord. In caso di annullamento dell&#8217;iscrizione, non vi invieremo pi\u00f9 i messaggi e gli inviti di cui sopra.<\/p>\n<\/div>\n\t\t\n\t<\/div>\n<\/section>\n\n\n<section class=\"section-with-heading-and-text section-margin section-margin--small\">\n\t<div class=\"container\">\n\n\t\t\t\t\t\n\t\t\t\n    <h2   class=\"h4  text-blue break-words lg:max-w-[90%] xl:max-w-[98rem]\">\n\n            7. Condivisione dei dati\n\n    <\/h2>\n\n\t\t\n\t\t\t\t\t\t\t\t<div class=\"mt-24 xl:mt-40 xl:ml-100 space-y-24  xl:max-w-[78rem]\"><p>Il Gruppo FamiCord condivider\u00e0 le vostre informazioni personali con le altre entit\u00e0 del Gruppo FamiCord in tutto il mondo.<\/p>\n<\/div>\n\t\t\n\t<\/div>\n<\/section>\n\n\n<section class=\"section-with-heading-and-text section-margin section-margin--small\">\n\t<div class=\"container\">\n\n\t\t\t\t\t\n\t\t\t\n    <h2   class=\"h4  text-blue break-words lg:max-w-[90%] xl:max-w-[98rem]\">\n\n            8. Sicurezza dei dati\n\n    <\/h2>\n\n\t\t\n\t\t\t\t\t\t\t\t<div class=\"mt-24 xl:mt-40 xl:ml-100 space-y-24  xl:max-w-[78rem]\"><p>Il Gruppo FamiCord ha implementato misure di sicurezza tecniche e organizzative appropriate per proteggere le vostre informazioni personali dalla perdita e dall&#8217;accesso da parte di persone non autorizzate.<\/p>\n<\/div>\n\t\t\n\t<\/div>\n<\/section>\n\n\n<section class=\"section-with-heading-and-text section-margin section-margin--small\">\n\t<div class=\"container\">\n\n\t\t\t\t\t\n\t\t\t\n    <h2   class=\"h4  text-blue break-words lg:max-w-[90%] xl:max-w-[98rem]\">\n\n            9. I vostri dritti\n\n    <\/h2>\n\n\t\t\n\t\t\t\t\t\t\t\t<div class=\"mt-24 xl:mt-40 xl:ml-100 space-y-24  xl:max-w-[78rem]\"><p>Avete il diritto di sapere quali dati personali trattiamo su di voi e potete richiederne una copia. L&#8217;utente ha anche il diritto di far correggere le informazioni personali inesatte che lo riguardano e, in alcuni casi, pu\u00f2 chiederci di cancellare le sue informazioni personali. Potete anche opporvi al trattamento di determinati dati personali che vi riguardano e chiedere che il trattamento dei vostri dati personali sia limitato. Si prega di notare che la limitazione o la cancellazione dei vostri dati personali potrebbe impedirci di fornire le comunicazioni e gli inviti sopra descritti. Avete inoltre il diritto di ricevere i vostri dati personali in un formato leggibile da un computer e di farli trasferire ad un altro responsabile del trattamento dei dati. Se non siete d&#8217;accordo con il modo in cui trattiamo i vostri dati personali, avete anche il diritto di comunicarlo all&#8217;Incaricato federale della protezione dei dati e della trasparenza (IFPDT) e\/o alle autorit\u00e0 di controllo competenti dell&#8217;UE e di altri paesi (se del caso).Avete il diritto di sapere quali dati personali trattiamo su di voi e potete richiederne una copia. L&#8217;utente ha anche il diritto di far correggere le informazioni personali inesatte che lo riguardano e, in alcuni casi, pu\u00f2 chiederci di cancellare le sue informazioni personali. Potete anche opporvi al trattamento di determinati dati personali che vi riguardano e chiedere che il trattamento dei vostri dati personali sia limitato. Si prega di notare che la limitazione o la cancellazione dei vostri dati personali potrebbe impedirci di fornire le comunicazioni e gli inviti sopra descritti. Avete inoltre il diritto di ricevere i vostri dati personali in un formato leggibile da un computer e di farli trasferire ad un altro responsabile del trattamento dei dati. Se non siete d&#8217;accordo con il modo in cui trattiamo i vostri dati personali, avete anche il diritto di comunicarlo all&#8217;Incaricato federale della protezione dei dati e della trasparenza (IFPDT) e\/o alle autorit\u00e0 di controllo competenti dell&#8217;UE e di altri paesi (se del caso).<\/p>\n<\/div>\n\t\t\n\t<\/div>\n<\/section>\n\n\n<section class=\"section-with-heading-and-text section-margin section-margin--small\">\n\t<div class=\"container\">\n\n\t\t\t\t\t\n\t\t\t\n    <h2   class=\"h4  text-blue break-words lg:max-w-[90%] xl:max-w-[98rem]\">\n\n            10. Come potete contattarci\n\n    <\/h2>\n\n\t\t\n\t\t\t\t\t\t\t\t<div class=\"mt-24 xl:mt-40 xl:ml-100 space-y-24  xl:max-w-[78rem]\"><p>Se avete domande su come trattiamo i vostri dati personali, potete contattarci all&#8217;indirizzo <a href=\"mailto:dpo@famicord.ch\">dpo@famicord.ch<\/a>.<\/p>\n<\/div>\n\t\t\n\t<\/div>\n<\/section>\n","protected":false},"excerpt":{"rendered":"","protected":false},"author":1,"featured_media":0,"parent":0,"menu_order":0,"comment_status":"closed","ping_status":"closed","template":"","meta":{"_acf_changed":false,"inline_featured_image":false,"editor_plus_copied_stylings":"{}","footnotes":""},"class_list":["post-4126","page","type-page","status-publish","hentry"],"acf":[],"yoast_head":"<!-- This site is optimized with the Yoast SEO plugin v27.5 - https:\/\/yoast.com\/product\/yoast-seo-wordpress\/ -->\n<title>FamiCord Suisse | Informativa sulla newsletter<\/title>\n<meta name=\"description\" content=\"Leggete le nostre linee guida per la Newsletter: come raccogliamo, trattiamo e proteggiamo i vostri dati \u2013 per maggiore trasparenza e fiducia.\" \/>\n<meta name=\"robots\" content=\"index, follow, max-snippet:-1, max-image-preview:large, max-video-preview:-1\" \/>\n<link rel=\"canonical\" href=\"https:\/\/famicord.ch\/it\/linee-guida-per-la-newsletter\" \/>\n<meta property=\"og:locale\" content=\"it_IT\" \/>\n<meta property=\"og:type\" content=\"article\" \/>\n<meta property=\"og:title\" content=\"FamiCord Suisse | Informativa sulla newsletter\" \/>\n<meta property=\"og:description\" content=\"Leggete le nostre linee guida per la Newsletter: come raccogliamo, trattiamo e proteggiamo i vostri dati \u2013 per maggiore trasparenza e fiducia.\" \/>\n<meta property=\"og:url\" content=\"https:\/\/famicord.ch\/it\/linee-guida-per-la-newsletter\" \/>\n<meta property=\"og:site_name\" content=\"Famicord Suisse\" \/>\n<meta property=\"article:modified_time\" content=\"2025-11-07T13:42:15+00:00\" \/>\n<meta name=\"twitter:card\" content=\"summary_large_image\" \/>\n<script type=\"application\/ld+json\" class=\"yoast-schema-graph\">{\"@context\":\"https:\\\/\\\/schema.org\",\"@graph\":[{\"@type\":\"WebPage\",\"@id\":\"https:\\\/\\\/famicord.ch\\\/it\\\/linee-guida-per-la-newsletter\",\"url\":\"https:\\\/\\\/famicord.ch\\\/it\\\/linee-guida-per-la-newsletter\",\"name\":\"FamiCord Suisse | Informativa sulla newsletter\",\"isPartOf\":{\"@id\":\"https:\\\/\\\/famicord.ch\\\/it#website\"},\"datePublished\":\"2024-07-16T12:50:45+00:00\",\"dateModified\":\"2025-11-07T13:42:15+00:00\",\"description\":\"Leggete le nostre linee guida per la Newsletter: come raccogliamo, trattiamo e proteggiamo i vostri dati \u2013 per maggiore trasparenza e fiducia.\",\"breadcrumb\":{\"@id\":\"https:\\\/\\\/famicord.ch\\\/it\\\/linee-guida-per-la-newsletter#breadcrumb\"},\"inLanguage\":\"it-CH\",\"potentialAction\":[{\"@type\":\"ReadAction\",\"target\":[\"https:\\\/\\\/famicord.ch\\\/it\\\/linee-guida-per-la-newsletter\"]}]},{\"@type\":\"BreadcrumbList\",\"@id\":\"https:\\\/\\\/famicord.ch\\\/it\\\/linee-guida-per-la-newsletter#breadcrumb\",\"itemListElement\":[{\"@type\":\"ListItem\",\"position\":1,\"name\":\"Home\",\"item\":\"https:\\\/\\\/famicord.ch\\\/it\"},{\"@type\":\"ListItem\",\"position\":2,\"name\":\"Linee guida per la newsletter\"}]},{\"@type\":\"WebSite\",\"@id\":\"https:\\\/\\\/famicord.ch\\\/it#website\",\"url\":\"https:\\\/\\\/famicord.ch\\\/it\",\"name\":\"Famicord.ch\",\"description\":\"\",\"potentialAction\":[{\"@type\":\"SearchAction\",\"target\":{\"@type\":\"EntryPoint\",\"urlTemplate\":\"https:\\\/\\\/famicord.ch\\\/it?s={search_term_string}\"},\"query-input\":{\"@type\":\"PropertyValueSpecification\",\"valueRequired\":true,\"valueName\":\"search_term_string\"}}],\"inLanguage\":\"it-CH\"}]}<\/script>\n<!-- \/ Yoast SEO plugin. -->","yoast_head_json":{"title":"FamiCord Suisse | Informativa sulla newsletter","description":"Leggete le nostre linee guida per la Newsletter: come raccogliamo, trattiamo e proteggiamo i vostri dati \u2013 per maggiore trasparenza e fiducia.","robots":{"index":"index","follow":"follow","max-snippet":"max-snippet:-1","max-image-preview":"max-image-preview:large","max-video-preview":"max-video-preview:-1"},"canonical":"https:\/\/famicord.ch\/it\/linee-guida-per-la-newsletter","og_locale":"it_IT","og_type":"article","og_title":"FamiCord Suisse | Informativa sulla newsletter","og_description":"Leggete le nostre linee guida per la Newsletter: come raccogliamo, trattiamo e proteggiamo i vostri dati \u2013 per maggiore trasparenza e fiducia.","og_url":"https:\/\/famicord.ch\/it\/linee-guida-per-la-newsletter","og_site_name":"Famicord Suisse","article_modified_time":"2025-11-07T13:42:15+00:00","twitter_card":"summary_large_image","schema":{"@context":"https:\/\/schema.org","@graph":[{"@type":"WebPage","@id":"https:\/\/famicord.ch\/it\/linee-guida-per-la-newsletter","url":"https:\/\/famicord.ch\/it\/linee-guida-per-la-newsletter","name":"FamiCord Suisse | Informativa sulla newsletter","isPartOf":{"@id":"https:\/\/famicord.ch\/it#website"},"datePublished":"2024-07-16T12:50:45+00:00","dateModified":"2025-11-07T13:42:15+00:00","description":"Leggete le nostre linee guida per la Newsletter: come raccogliamo, trattiamo e proteggiamo i vostri dati \u2013 per maggiore trasparenza e fiducia.","breadcrumb":{"@id":"https:\/\/famicord.ch\/it\/linee-guida-per-la-newsletter#breadcrumb"},"inLanguage":"it-CH","potentialAction":[{"@type":"ReadAction","target":["https:\/\/famicord.ch\/it\/linee-guida-per-la-newsletter"]}]},{"@type":"BreadcrumbList","@id":"https:\/\/famicord.ch\/it\/linee-guida-per-la-newsletter#breadcrumb","itemListElement":[{"@type":"ListItem","position":1,"name":"Home","item":"https:\/\/famicord.ch\/it"},{"@type":"ListItem","position":2,"name":"Linee guida per la newsletter"}]},{"@type":"WebSite","@id":"https:\/\/famicord.ch\/it#website","url":"https:\/\/famicord.ch\/it","name":"Famicord.ch","description":"","potentialAction":[{"@type":"SearchAction","target":{"@type":"EntryPoint","urlTemplate":"https:\/\/famicord.ch\/it?s={search_term_string}"},"query-input":{"@type":"PropertyValueSpecification","valueRequired":true,"valueName":"search_term_string"}}],"inLanguage":"it-CH"}]}},"_links":{"self":[{"href":"https:\/\/famicord.ch\/it\/wp-json\/wp\/v2\/pages\/4126","targetHints":{"allow":["GET"]}}],"collection":[{"href":"https:\/\/famicord.ch\/it\/wp-json\/wp\/v2\/pages"}],"about":[{"href":"https:\/\/famicord.ch\/it\/wp-json\/wp\/v2\/types\/page"}],"author":[{"embeddable":true,"href":"https:\/\/famicord.ch\/it\/wp-json\/wp\/v2\/users\/1"}],"replies":[{"embeddable":true,"href":"https:\/\/famicord.ch\/it\/wp-json\/wp\/v2\/comments?post=4126"}],"version-history":[{"count":3,"href":"https:\/\/famicord.ch\/it\/wp-json\/wp\/v2\/pages\/4126\/revisions"}],"predecessor-version":[{"id":11389,"href":"https:\/\/famicord.ch\/it\/wp-json\/wp\/v2\/pages\/4126\/revisions\/11389"}],"wp:attachment":[{"href":"https:\/\/famicord.ch\/it\/wp-json\/wp\/v2\/media?parent=4126"}],"curies":[{"name":"wp","href":"https:\/\/api.w.org\/{rel}","templated":true}]}}