{"id":3669,"date":"2024-07-17T10:37:12","date_gmt":"2024-07-17T08:37:12","guid":{"rendered":"https:\/\/wordpress-famicord-ch.empressia.dev\/stammzellen-aus-plazentagewebe"},"modified":"2025-11-05T09:39:40","modified_gmt":"2025-11-05T08:39:40","slug":"cellule-staminali-da-placenta","status":"publish","type":"page","link":"https:\/\/famicord.ch\/it\/cellule-staminali\/cellule-staminali-da-placenta","title":{"rendered":"Cellule staminali da placenta"},"content":{"rendered":"\n<section class=\"hero flex flex-col justify-center bg-center bg-cover bg-no-repeat py-32 lg:py-48 mb-72 xl:mb-120 relative min-h-[20.5rem] xl:min-h-[26rem]\" style=\"background-image: url(https:\/\/famicord.ch\/wp-content\/uploads\/2024\/07\/default-hero-bg.webp)\">\n\t<div class=\"container items-center\">\n\t\t<h1 class=\"text-center text-blue max-w-[90%] md:max-w-[60%] lg:max-w-[80%] xxl:max-w-1200 mx-auto\">\n\t\t\t\t\t\t\t<span class=\"font-normal break-words\">Cellule staminali<\/span>\n\t\t\t\n\t\t\t\t\t\t\t<br\/>\n\t\t\t\n\t\t\t\t\t\t\t<span class=\"font-extralight break-words\">da placenta<\/span>\n\t\t\t\t\t<\/h1>\n\t<\/div>\n\n\t<div class=\"absolute left-[-14rem] bottom-[-10.8rem] md:bottom-[-15.8rem] xl:bottom-[-20.3rem]\">\n\t\t<svg width=\"500\" height=\"500\" viewbox=\"0 0 500 500\" fill=\"none\" xmlns=\"http:\/\/www.w3.org\/2000\/svg\" class=\"size-180 md:size-260 xl:size-340\">\n\t\t\t<mask id=\"mask0_1511_27028\" style=\"mask-type:alpha\" maskunits=\"userSpaceOnUse\" x=\"0\" y=\"0\" width=\"500\" height=\"200\">\n\t\t\t\t<rect width=\"500\" height=\"200\" transform=\"matrix(-1 0 0 1 500 0)\" fill=\"#D9D9D9\"\/>\n\t\t\t<\/mask>\n\t\t\t<g mask=\"url(#mask0_1511_27028)\">\n\t\t\t\t<path d=\"M214.686 463.894C166.261 512.319 87.156 511.726 38.731 463.301C-9.69398 414.876 -10.2866 335.771 38.1384 287.346L287.04 38.4443C335.465 -9.98075 414.57 -9.3881 462.995 39.0369C511.42 87.4619 512.013 166.567 463.588 214.992L214.686 463.894Z\" fill=\"#FE6F20\"\/>\n\t\t\t<\/g>\n\t\t\t<path d=\"M214.404 462.612C166.377 510.639 87.7903 509.946 39.7484 461.905C-8.29344 413.863 -8.98578 335.276 39.0413 287.249L287.943 38.3476C335.97 -9.67956 414.556 -8.98719 462.598 39.0547C510.64 87.0966 511.333 165.683 463.305 213.71L214.404 462.612Z\" stroke=\"#FE6F20\" stroke-width=\"2\"\/>\n\t\t<\/svg>\n\t<\/div>\n\n\t<div class=\"absolute right-[-10rem] bottom-[-7.2rem] md:bottom-[-10.4rem] xl:bottom-[-13.6rem]\">\n\t\t<svg width=\"500\" height=\"500\" viewbox=\"0 0 500 500\" fill=\"none\" xmlns=\"http:\/\/www.w3.org\/2000\/svg\" class=\"size-180 md:size-260 xl:size-340\">\n\t\t\t<mask id=\"mask0_1511_27023\" style=\"mask-type:alpha\" maskunits=\"userSpaceOnUse\" x=\"0\" y=\"0\" width=\"500\" height=\"300\">\n\t\t\t\t<rect width=\"500\" height=\"300\" fill=\"#D9D9D9\"\/>\n\t\t\t<\/mask>\n\t\t\t<g mask=\"url(#mask0_1511_27023)\">\n\t\t\t\t<path d=\"M285.622 36.4146C334.047 -12.0104 413.069 -11.5011 461.494 36.9239C509.919 85.349 510.429 164.371 462.004 212.796L213.102 461.697C164.677 510.122 85.6552 509.613 37.2302 461.188C-11.1948 412.763 -11.7041 333.741 36.7209 285.316L285.622 36.4146Z\" fill=\"#1560DA\"\/>\n\t\t\t<\/g>\n\t\t\t<path d=\"M285.596 37.3883C333.623 -10.6388 412.21 -9.94644 460.252 38.0955C508.293 86.1373 508.986 164.724 460.959 212.751L212.057 461.652C164.03 509.68 85.4436 508.987 37.4017 460.945C-10.6402 412.903 -11.3325 334.317 36.6946 286.29L285.596 37.3883Z\" stroke=\"#1560DA\" stroke-width=\"2\"\/>\n\t\t<\/svg>\n\t<\/div>\n<\/section>\n\n\n<section class=\"section-with-heading-and-text section-margin section-margin--small\">\n\t<div class=\"container\">\n\n\t\t\t\t\t\n\t\t\t\n    <h2   class=\"highlight-number  text-blue break-words \">\n\n            Cosa sono le cellule staminali della placenta?\n\n    <\/h2>\n\n\t\t\n\t\t\t\t\t\t\t\t<div class=\"mt-24 xl:mt-40 xl:ml-100 space-y-24  \"><p>Per la loro origine, i tessuti perinatali sono molto ricchi di cellule staminali. Le pi\u00f9 interessanti in termini di qualit\u00e0 e quantit\u00e0 sono le cellule staminali della placenta e del cordone ombelicale. La placenta ha tre fonti di cellule staminali: L&#8217;amnios, i villi e il sangue, mentre le cellule staminali del cordone ombelicale provengono da due fonti: il sangue del cordone e la gelatina di Wharton. FCS offre la lavorazione e lo stoccaggio di tutte le cellule staminali provenienti da questi tessuti.<\/p>\n<\/div>\n\t\t\n\t<\/div>\n<\/section>\n\n\n<section class=\"section-with-heading-and-text section-margin section-margin--small\">\n\t<div class=\"container\">\n\n\t\t\t\t\t\n\t\t\t\n    <h2   class=\"h3  text-blue break-words \">\n\n            Caratteristiche e particolarit\u00e0 delle cellule staminali da placenta\n\n    <\/h2>\n\n\t\t\n\t\t\t\t\t\t\t\t<div class=\"mt-24 xl:mt-40 xl:ml-100 space-y-24  \"><p>La placenta \u00e8 la fonte di cellule giovani e sane (cio\u00e8 non predisposte n\u00e9 geneticamente n\u00e9 influenzate dall&#8217;ambiente) sia della madre che del neonato. Queste cellule staminali mesenchimali o della placenta possono essere utilizzate per la produzione di preparati personalizzati di cellule staminali. Grazie alle loro particolari propriet\u00e0 immunologiche, le cellule staminali della placenta non vengono riconosciute dal sistema immunitario umano e possono quindi essere utilizzate senza tipizzazione HLA e senza immunosoppressione aggiuntiva. Non si osserva in nessun momento una reazione di rigetto (GvHD). \u00c8 notevole la loro capacit\u00e0 di secernere messaggeri cellulari (i cosiddetti citochine e chemochine), una caratteristica che pu\u00f2 essere utilizzata in medicina per rigenerare altri tessuti o sistemi organici.<\/p>\n<\/div>\n\t\t\n\t<\/div>\n<\/section>\n\n\n<section class=\"section-with-heading-and-text section-margin section-margin--small\">\n\t<div class=\"container\">\n\n\t\t\t\t\t\n\t\t\t\n    <h3   class=\"h3  text-blue break-words \">\n\n            Cosa sono le cellule stromali?\n\n    <\/h3>\n\n\t\t\n\t\t\t\t\t\t\t\t<div class=\"mt-24 xl:mt-40 xl:ml-100 space-y-24  \"><p>Le cellule stromali, anche note come cellule staminali mesenchimali (MSC), sono cellule non ematopoietiche, multipotenti e autorigeneranti con la capacit\u00e0 di differenziarsi in tre linee cellulari (mesoderma, ectoderma ed endoderma). La pluripotenza e le propriet\u00e0 immunomodulatrici delle MSC le rendono un efficace strumento nella terapia cellulare e nella riparazione dei tessuti. Le cellule staminali mesenchimali sono facilmente isolabili e possono essere moltiplicate in vitro per lunghi periodi senza perdere le loro propriet\u00e0.<\/p>\n<\/div>\n\t\t\n\t<\/div>\n<\/section>\n\n\n<section class=\"section-with-heading-and-text section-margin section-margin--small\">\n\t<div class=\"container\">\n\n\t\t\t\t\t\n\t\t\t\n    <h3   class=\"h3  text-blue break-words \">\n\n            Cellule staminali mesenchimali (MSC) in dettaglio\n\n    <\/h3>\n\n\t\t\n\t\t\t\t\t\t\t\t<div class=\"mt-24 xl:mt-40 xl:ml-100 space-y-24  \"><p>Negli ultimi decenni, le cellule staminali mesenchimali (MSC) sono state oggetto di numerosi studi e ormai sono considerate un rimedio miracoloso nella medicina rigenerativa. Inizialmente, le MSC hanno suscitato interesse grazie alla loro bassa immunogenicit\u00e0 e alla grande capacit\u00e0 di differenziarsi in altri tipi di cellule. Attualmente, per\u00f2, sono apprezzate soprattutto per le loro propriet\u00e0 immunomodulatrici. Con il tempo, le MSC sono state identificate in diversi tessuti e si \u00e8 scoperto che tessuti differenti ospitano MSC con caratteristiche particolari. In particolare, la placenta umana si \u00e8 rivelata una fonte concentrata di MSC con caratteristiche uniche. La placenta gioca un ruolo fondamentale nel supporto allo sviluppo fetale ed \u00e8 quindi un importante serbatoio di progenitori e cellule staminali transitorie.<\/p>\n<p>Di seguito viene riportata una sintesi dei due principali punti di forza delle MSC derivate dalla placenta:<\/p>\n<\/div>\n\t\t\n\t<\/div>\n<\/section>\n\n\n    \n    \n    \n    \n  <section class=\"section-with-icon-boxes alignfull relative section-margin section-margin--small\">\n    <div class=\"container\">\n                                        \n        \n                    \n                            \n        <div class=\"section-with-icon-boxes__layout section-with-icon-boxes__layout--two flex flex-wrap icon-position--left box-text-align--left\">\n            \n                                \n  <div class=\"icon-box icon-box-- border border-gray-medium rounded-tr-16 rounded-br-16 rounded-bl-16 flex flex-col items-start p-24 md:px-32 bg-white\">\n          <img decoding=\"async\" src=\"https:\/\/famicord.ch\/wp-content\/uploads\/2024\/07\/CheckCircle.svg\"\n        alt=\"Icon\"\n        class=\"icon-box__icon !size-32 lg:!size-48 h-auto mb-24 shrink-0\" \/>\n    \n    <div class=\"icon-box__content flex flex-col\">\n              <h3 class=\"text-blue font-medium paragraph--m\">Il loro principale meccanismo d&#8217;azione \u00e8 l&#8217;effetto paracrino; le MSC derivate dalla placenta secernono fattori che segnalano alle cellule locali di modificare il loro comportamento contribuendo cos\u00ec alla rigenerazione del tessuto danneggiato. Questo pu\u00f2 avvenire attraverso: immunomodulazione, angiogenesi, prevenzione dell&#8217;apoptosi (morte cellulare), supporto alla crescita e differenziazione.<\/h3>\n      \n      \n          <\/div>\n  <\/div>\n\n            \n                                \n  <div class=\"icon-box icon-box-- border border-gray-medium rounded-tr-16 rounded-br-16 rounded-bl-16 flex flex-col items-start p-24 md:px-32 bg-white\">\n          <img decoding=\"async\" src=\"https:\/\/famicord.ch\/wp-content\/uploads\/2024\/07\/CheckCircle.svg\"\n        alt=\"Icon\"\n        class=\"icon-box__icon !size-32 lg:!size-48 h-auto mb-24 shrink-0\" \/>\n    \n    <div class=\"icon-box__content flex flex-col\">\n              <h3 class=\"text-blue font-medium paragraph--m\">Si tratta di cellule staminali multipotenti che, grazie a questa caratteristica, possono differenziarsi e favorire la crescita di tessuti mesodermici, come ossa, cartilagine, muscoli, ecc.<\/h3>\n      \n      \n          <\/div>\n  <\/div>\n\n                    <\/div>\n\n            <\/div>\n  <\/section>\n\n\n<section class=\"section-with-heading-and-text section-margin section-margin--small\">\n\t<div class=\"container\">\n\n\t\t\t\t\t\n\t\t\t\n    <h2   class=\"h3  text-blue break-words \">\n\n            Perch\u00e9 \u00e8 utile conservare le cellule staminali della placenta\n\n    <\/h2>\n\n\t\t\n\t\t\t\t\t\t\t\t<div class=\"mt-24 xl:mt-40 xl:ml-100 space-y-24  \"><p>Un&#8217;altra importante caratteristica delle MSC derivate dalla placenta \u00e8 la loro bassa immunogenicit\u00e0! L&#8217;immunogenicit\u00e0 \u00e8 definita come la capacit\u00e0 delle cellule di provocare una risposta immunitaria. In genere, nella terapia cellulare, l&#8217;immunogenicit\u00e0 \u00e8 considerata una reazione fisiologica indesiderata. Tuttavia, le cellule staminali mesenchimali (MSC) sono considerate uno dei tipi pi\u00f9 promettenti di cellule staminali adulte per la terapia cellulare, grazie alla loro bassa immunogenicit\u00e0 e alle loro uniche propriet\u00e0 immunosoppressive. Per questo motivo, queste cellule possono essere utilizzate senza la necessit\u00e0 di compatibilit\u00e0 HLA tra persone diverse. Le MSC derivate dalla placenta e dal tessuto del cordone ombelicale di un neonato possono quindi essere conservate e utilizzate da tutti i consanguinei!<\/p>\n<\/div>\n\t\t\n\t<\/div>\n<\/section>\n\n\n\n\t<section class=\"section-with-icon-boxes alignfull section-margin section-margin--small\">\n\t\t<div class=\"container\">\n\n\t\t\t                \t\t\t\t\n\t\t\t\t\t\t\t\n\t\t\t\n\t\t\t<div class=\"section-with-icon-boxes__list section-with-icon-boxes__list--center grid gap-20 grid-cols-1 lg:grid-cols-2\">\n\t\t\t\t\n\t\t\t\t\t\t\t\t\t\t\n  <div class=\"icon-box icon-box-- border border-gray-medium rounded-tr-16 rounded-br-16 rounded-bl-16 flex flex-row p-16 items-center md:px-32 bg-white\">\n          <img decoding=\"async\" src=\"https:\/\/famicord.ch\/wp-content\/uploads\/2024\/07\/CheckCircle.svg\"\n        alt=\"Icon\"\n        class=\"icon-box__icon !size-32 lg:!size-48 h-auto mr-16 shrink-0\" \/>\n    \n    <div class=\"icon-box__content flex flex-col\">\n              <h3 class=\"text-blue font-medium paragraph--m\">QUANTIT\u00c0: Possibilit\u00e0 di conservare una quantit\u00e0 maggiore di MSC<\/h3>\n      \n      \n          <\/div>\n  <\/div>\n\n\t\t\t\t\n\t\t\t\t\t\t\t\t\t\t\n  <div class=\"icon-box icon-box-- border border-gray-medium rounded-tr-16 rounded-br-16 rounded-bl-16 flex flex-row p-16 items-center md:px-32 bg-white\">\n          <img decoding=\"async\" src=\"https:\/\/famicord.ch\/wp-content\/uploads\/2024\/07\/CheckCircle.svg\"\n        alt=\"Icon\"\n        class=\"icon-box__icon !size-32 lg:!size-48 h-auto mr-16 shrink-0\" \/>\n    \n    <div class=\"icon-box__content flex flex-col\">\n              <h3 class=\"text-blue font-medium paragraph--m\">BASSO RISCHIO DI NON PRELIEVO<\/h3>\n      \n      \n          <\/div>\n  <\/div>\n\n\t\t\t\t\n\t\t\t\t\t\t\t\t\t\t\n  <div class=\"icon-box icon-box-- border border-gray-medium rounded-tr-16 rounded-br-16 rounded-bl-16 flex flex-row p-16 items-center md:px-32 bg-white\">\n          <img decoding=\"async\" src=\"https:\/\/famicord.ch\/wp-content\/uploads\/2024\/07\/CheckCircle.svg\"\n        alt=\"Icon\"\n        class=\"icon-box__icon !size-32 lg:!size-48 h-auto mr-16 shrink-0\" \/>\n    \n    <div class=\"icon-box__content flex flex-col\">\n              <h3 class=\"text-blue font-medium paragraph--m\">TEMPISTICA: il processo \u00e8 esteso fino a 120 ORE (5 GIORNI), il che garantisce un elevato grado di vitalit\u00e0 delle cellule stesse<\/h3>\n      \n      \n          <\/div>\n  <\/div>\n\n\t\t\t\t\n\t\t\t\t\t\t\t\t\t\t\n  <div class=\"icon-box icon-box-- border border-gray-medium rounded-tr-16 rounded-br-16 rounded-bl-16 flex flex-row p-16 items-center md:px-32 bg-white\">\n          <img decoding=\"async\" src=\"https:\/\/famicord.ch\/wp-content\/uploads\/2024\/07\/CheckCircle.svg\"\n        alt=\"Icon\"\n        class=\"icon-box__icon !size-32 lg:!size-48 h-auto mr-16 shrink-0\" \/>\n    \n    <div class=\"icon-box__content flex flex-col\">\n              <h3 class=\"text-blue font-medium paragraph--m\">STERILIT\u00c0: minima contaminazione microbica<\/h3>\n      \n      \n          <\/div>\n  <\/div>\n\n\t\t\t\t\n\t\t\t\t\t\t\t\t\t\t\n  <div class=\"icon-box icon-box-- border border-gray-medium rounded-tr-16 rounded-br-16 rounded-bl-16 flex flex-row p-16 items-center md:px-32 bg-white\">\n          <img decoding=\"async\" src=\"https:\/\/famicord.ch\/wp-content\/uploads\/2024\/07\/CheckCircle.svg\"\n        alt=\"Icon\"\n        class=\"icon-box__icon !size-32 lg:!size-48 h-auto mr-16 shrink-0\" \/>\n    \n    <div class=\"icon-box__content flex flex-col\">\n              <h3 class=\"text-blue font-medium paragraph--m\">PROTEZIONE: Le cellule sono meno soggette a stress di vario tipo, come sbalzi di temperatura o vibrazioni, e sono quindi protette, riducendo la fase di invecchiamento<\/h3>\n      \n      \n          <\/div>\n  <\/div>\n\n\t\t\t\t\t\t\t<\/div>\n\n\t\t<\/div>\n\t<\/section>\n\n","protected":false},"excerpt":{"rendered":"","protected":false},"author":1,"featured_media":0,"parent":3623,"menu_order":0,"comment_status":"closed","ping_status":"closed","template":"","meta":{"_acf_changed":false,"inline_featured_image":false,"editor_plus_copied_stylings":"{}","footnotes":""},"class_list":["post-3669","page","type-page","status-publish","hentry"],"acf":[],"yoast_head":"<!-- This site is optimized with the Yoast SEO plugin v27.5 - https:\/\/yoast.com\/product\/yoast-seo-wordpress\/ -->\n<title>Cellule staminali da placenta | caratteristiche &amp; vantaggi<\/title>\n<meta name=\"description\" content=\"Il tessuto placentare contiene preziose cellule staminali mesenchimali. Scoprite le loro caratteristiche speciali e le opportunit\u00e0 future.\" \/>\n<meta name=\"robots\" content=\"index, follow, max-snippet:-1, max-image-preview:large, max-video-preview:-1\" \/>\n<link rel=\"canonical\" href=\"https:\/\/famicord.ch\/it\/cellule-staminali\/cellule-staminali-da-placenta\" \/>\n<meta property=\"og:locale\" content=\"it_IT\" \/>\n<meta property=\"og:type\" content=\"article\" \/>\n<meta property=\"og:title\" content=\"Cellule staminali da placenta | caratteristiche &amp; vantaggi\" \/>\n<meta property=\"og:description\" content=\"Il tessuto placentare contiene preziose cellule staminali mesenchimali. Scoprite le loro caratteristiche speciali e le opportunit\u00e0 future.\" \/>\n<meta property=\"og:url\" content=\"https:\/\/famicord.ch\/it\/cellule-staminali\/cellule-staminali-da-placenta\" \/>\n<meta property=\"og:site_name\" content=\"Famicord Suisse\" \/>\n<meta property=\"article:modified_time\" content=\"2025-11-05T08:39:40+00:00\" \/>\n<meta name=\"twitter:card\" content=\"summary_large_image\" \/>\n<script type=\"application\/ld+json\" class=\"yoast-schema-graph\">{\"@context\":\"https:\\\/\\\/schema.org\",\"@graph\":[{\"@type\":\"WebPage\",\"@id\":\"https:\\\/\\\/famicord.ch\\\/it\\\/cellule-staminali\\\/cellule-staminali-da-placenta\",\"url\":\"https:\\\/\\\/famicord.ch\\\/it\\\/cellule-staminali\\\/cellule-staminali-da-placenta\",\"name\":\"Cellule staminali da placenta | caratteristiche & vantaggi\",\"isPartOf\":{\"@id\":\"https:\\\/\\\/famicord.ch\\\/it#website\"},\"datePublished\":\"2024-07-17T08:37:12+00:00\",\"dateModified\":\"2025-11-05T08:39:40+00:00\",\"description\":\"Il tessuto placentare contiene preziose cellule staminali mesenchimali. Scoprite le loro caratteristiche speciali e le opportunit\u00e0 future.\",\"breadcrumb\":{\"@id\":\"https:\\\/\\\/famicord.ch\\\/it\\\/cellule-staminali\\\/cellule-staminali-da-placenta#breadcrumb\"},\"inLanguage\":\"it-CH\",\"potentialAction\":[{\"@type\":\"ReadAction\",\"target\":[\"https:\\\/\\\/famicord.ch\\\/it\\\/cellule-staminali\\\/cellule-staminali-da-placenta\"]}]},{\"@type\":\"BreadcrumbList\",\"@id\":\"https:\\\/\\\/famicord.ch\\\/it\\\/cellule-staminali\\\/cellule-staminali-da-placenta#breadcrumb\",\"itemListElement\":[{\"@type\":\"ListItem\",\"position\":1,\"name\":\"Home\",\"item\":\"https:\\\/\\\/famicord.ch\\\/it\"},{\"@type\":\"ListItem\",\"position\":2,\"name\":\"Cellule Staminali\",\"item\":\"https:\\\/\\\/famicord.ch\\\/it\\\/cellule-staminali\"},{\"@type\":\"ListItem\",\"position\":3,\"name\":\"Cellule staminali da placenta\"}]},{\"@type\":\"WebSite\",\"@id\":\"https:\\\/\\\/famicord.ch\\\/it#website\",\"url\":\"https:\\\/\\\/famicord.ch\\\/it\",\"name\":\"Famicord.ch\",\"description\":\"\",\"potentialAction\":[{\"@type\":\"SearchAction\",\"target\":{\"@type\":\"EntryPoint\",\"urlTemplate\":\"https:\\\/\\\/famicord.ch\\\/it?s={search_term_string}\"},\"query-input\":{\"@type\":\"PropertyValueSpecification\",\"valueRequired\":true,\"valueName\":\"search_term_string\"}}],\"inLanguage\":\"it-CH\"}]}<\/script>\n<!-- \/ Yoast SEO plugin. -->","yoast_head_json":{"title":"Cellule staminali da placenta | caratteristiche & vantaggi","description":"Il tessuto placentare contiene preziose cellule staminali mesenchimali. Scoprite le loro caratteristiche speciali e le opportunit\u00e0 future.","robots":{"index":"index","follow":"follow","max-snippet":"max-snippet:-1","max-image-preview":"max-image-preview:large","max-video-preview":"max-video-preview:-1"},"canonical":"https:\/\/famicord.ch\/it\/cellule-staminali\/cellule-staminali-da-placenta","og_locale":"it_IT","og_type":"article","og_title":"Cellule staminali da placenta | caratteristiche & vantaggi","og_description":"Il tessuto placentare contiene preziose cellule staminali mesenchimali. Scoprite le loro caratteristiche speciali e le opportunit\u00e0 future.","og_url":"https:\/\/famicord.ch\/it\/cellule-staminali\/cellule-staminali-da-placenta","og_site_name":"Famicord Suisse","article_modified_time":"2025-11-05T08:39:40+00:00","twitter_card":"summary_large_image","schema":{"@context":"https:\/\/schema.org","@graph":[{"@type":"WebPage","@id":"https:\/\/famicord.ch\/it\/cellule-staminali\/cellule-staminali-da-placenta","url":"https:\/\/famicord.ch\/it\/cellule-staminali\/cellule-staminali-da-placenta","name":"Cellule staminali da placenta | caratteristiche & vantaggi","isPartOf":{"@id":"https:\/\/famicord.ch\/it#website"},"datePublished":"2024-07-17T08:37:12+00:00","dateModified":"2025-11-05T08:39:40+00:00","description":"Il tessuto placentare contiene preziose cellule staminali mesenchimali. Scoprite le loro caratteristiche speciali e le opportunit\u00e0 future.","breadcrumb":{"@id":"https:\/\/famicord.ch\/it\/cellule-staminali\/cellule-staminali-da-placenta#breadcrumb"},"inLanguage":"it-CH","potentialAction":[{"@type":"ReadAction","target":["https:\/\/famicord.ch\/it\/cellule-staminali\/cellule-staminali-da-placenta"]}]},{"@type":"BreadcrumbList","@id":"https:\/\/famicord.ch\/it\/cellule-staminali\/cellule-staminali-da-placenta#breadcrumb","itemListElement":[{"@type":"ListItem","position":1,"name":"Home","item":"https:\/\/famicord.ch\/it"},{"@type":"ListItem","position":2,"name":"Cellule Staminali","item":"https:\/\/famicord.ch\/it\/cellule-staminali"},{"@type":"ListItem","position":3,"name":"Cellule staminali da placenta"}]},{"@type":"WebSite","@id":"https:\/\/famicord.ch\/it#website","url":"https:\/\/famicord.ch\/it","name":"Famicord.ch","description":"","potentialAction":[{"@type":"SearchAction","target":{"@type":"EntryPoint","urlTemplate":"https:\/\/famicord.ch\/it?s={search_term_string}"},"query-input":{"@type":"PropertyValueSpecification","valueRequired":true,"valueName":"search_term_string"}}],"inLanguage":"it-CH"}]}},"_links":{"self":[{"href":"https:\/\/famicord.ch\/it\/wp-json\/wp\/v2\/pages\/3669","targetHints":{"allow":["GET"]}}],"collection":[{"href":"https:\/\/famicord.ch\/it\/wp-json\/wp\/v2\/pages"}],"about":[{"href":"https:\/\/famicord.ch\/it\/wp-json\/wp\/v2\/types\/page"}],"author":[{"embeddable":true,"href":"https:\/\/famicord.ch\/it\/wp-json\/wp\/v2\/users\/1"}],"replies":[{"embeddable":true,"href":"https:\/\/famicord.ch\/it\/wp-json\/wp\/v2\/comments?post=3669"}],"version-history":[{"count":11,"href":"https:\/\/famicord.ch\/it\/wp-json\/wp\/v2\/pages\/3669\/revisions"}],"predecessor-version":[{"id":11442,"href":"https:\/\/famicord.ch\/it\/wp-json\/wp\/v2\/pages\/3669\/revisions\/11442"}],"up":[{"embeddable":true,"href":"https:\/\/famicord.ch\/it\/wp-json\/wp\/v2\/pages\/3623"}],"wp:attachment":[{"href":"https:\/\/famicord.ch\/it\/wp-json\/wp\/v2\/media?parent=3669"}],"curies":[{"name":"wp","href":"https:\/\/api.w.org\/{rel}","templated":true}]}}