{"id":12928,"date":"2026-03-27T15:40:27","date_gmt":"2026-03-27T14:40:27","guid":{"rendered":"https:\/\/famicord.ch\/?page_id=12928"},"modified":"2026-04-10T13:36:01","modified_gmt":"2026-04-10T11:36:01","slug":"guida","status":"publish","type":"page","link":"https:\/\/famicord.ch\/it\/lp\/guida","title":{"rendered":"Ratgeber per PDF anfordern"},"content":{"rendered":"<div class=\"eplus-wrapper wp-block-columns is-layout-flex wp-container-core-columns-is-layout-9d6595d7 wp-block-columns-is-layout-flex eplus-styles-uid-8e6274\">\n<div class=\"landing-page__left-column eplus-wrapper wp-block-column is-layout-flow wp-block-column-is-layout-flow\"><div class=\"wp-block-group eplus-wrapper eplus-styles-uid-341ca9\"><div class=\"wp-block-group__inner-container is-layout-constrained wp-block-group-is-layout-constrained\">\n    <h1 class=\"h3 \">\n\n            Informazioni per i futuri genitori\n\n    <\/h1>\n\n<\/div><\/div><\/div>\n\n\n\n<div class=\"landing-page__right-column eplus-wrapper wp-block-column is-layout-flow wp-block-column-is-layout-flow\">\n    <h2 class=\"h5 \">\n\n            Cellule staminali dal cordone ombelicale \u2013 guida semplice e chiara\n\n    <\/h2>\n\n\n\n\n<p class=\" eplus-wrapper\">La nascita del vostro bambino offre la possibilit\u00e0 di conservare le cellule staminali dal sangue, dal tessuto del cordone ombelicale e dalla placenta e di conservarle per un eventuale utilizzo futuro.<\/p>\n\n\n\n<p class=\" eplus-wrapper\">Molti futuri genitori desiderano informarsi in modo approfondito su questo tema:<br>quali propriet\u00e0 hanno le cellule staminali? In quali ambiti vengono utilizzate oggi? Quali fattori vanno considerati prima di procedere alla conservazione?<\/p>\n\n\n\n<p class=\" eplus-wrapper\">La nostra guida vi fornisce una panoramica completa.<\/p>\n\n\n\n    <h2 class=\"h5 \">\n\n            Informarsi in modo obiettivo \u2013 decidere con serenit\u00e0\n\n    <\/h2>\n\n\n\n\n<p class=\" eplus-wrapper\">Le cellule staminali del cordone ombelicale sono utilizzate in alcuni contesti medici e sono oggetto di numerose ricerche.<\/p>\n\n\n\n<p class=\" eplus-wrapper\">Poich\u00e9 il prelievo \u00e8 possibile solo al momento della nascita, \u00e8 importante informarsi prima del parto.<\/p>\n\n\n\n<p class=\" eplus-wrapper\">La guida vi aiuta a comprendere in modo chiaro i principali aspetti fondamentali.<\/p>\n\n\n\n    <h3 class=\"h5 \">\n\n            Contenuti della guida\n\n    <\/h3>\n\n\n\n\n<p class=\" eplus-wrapper\">All\u2019interno della guida troverete informazioni su:<\/p>\n\n\n<ul class=\" wp-block-list eplus-wrapper eplus-styles-uid-f5f316\">\n<li class=\" eplus-wrapper\">Le basi e le caratteristiche delle cellule staminali<\/li>\n\n\n\n<li class=\" eplus-wrapper\">Le differenze tra sangue del cordone ombelicale, tessuto del cordone e placenta<\/li>\n\n\n\n<li class=\" eplus-wrapper\">Le attuali applicazioni mediche e i campi di ricerca<\/li>\n\n\n\n<li class=\" eplus-wrapper\">Le fasi di prelievo, lavorazione e conservazione<\/li>\n\n\n\n<li class=\" eplus-wrapper\">Gli aspetti importanti da considerare per una scelta consapevole<\/li>\n<\/ul>\n\n\n<p class=\" eplus-wrapper\">I contenuti sono presentati in modo chiaro e si basano su informazioni mediche aggiornate.<\/p>\n\n\n\n    <h3 class=\"h5 \">\n\n            Per i futuri genitori\n\n    <\/h3>\n\n\n\n\n<p class=\" eplus-wrapper\">La guida \u00e8 rivolta ai futuri genitori che desiderano:<\/p>\n\n\n<ul class=\" wp-block-list eplus-wrapper eplus-styles-uid-5c61c9\">\n<li class=\" eplus-wrapper\">Informarsi fin da subito in modo obiettivo<\/li>\n\n\n\n<li class=\" eplus-wrapper\">avere una panoramica chiara dell\u2019argomento<\/li>\n\n\n\n<li class=\" eplus-wrapper\">prendere una decisione consapevole<\/li>\n<\/ul>\n\n\n    <h2 class=\"h5 \">\n\n            Richiedere la guida gratuita\n\n    <\/h2>\n\n\n\n\n<p class=\" eplus-wrapper\">Richiedete ora la vostra guida gratuita e informatevi senza impegno sul tema delle cellule staminali del cordone ombelicale.<\/p>\n\n\n\n<div class=\"wp-block-contact-form-7-contact-form-selector\">\n<div class=\"wpcf7 no-js\" id=\"wpcf7-f12988-o1\" lang=\"it-CH\" dir=\"ltr\" data-wpcf7-id=\"12988\">\n<div class=\"screen-reader-response\"><p role=\"status\" aria-live=\"polite\" aria-atomic=\"true\"><\/p> <ul><\/ul><\/div>\n<form action=\"\/it\/wp-json\/wp\/v2\/pages\/12928#wpcf7-f12988-o1\" method=\"post\" class=\"wpcf7-form init\" aria-label=\"Contact form\" novalidate=\"novalidate\" data-status=\"init\">\n<fieldset class=\"hidden-fields-container\"><input type=\"hidden\" name=\"_wpcf7\" value=\"12988\" \/><input type=\"hidden\" name=\"_wpcf7_version\" value=\"6.1.5\" \/><input type=\"hidden\" name=\"_wpcf7_locale\" value=\"it_CH\" \/><input type=\"hidden\" name=\"_wpcf7_unit_tag\" value=\"wpcf7-f12988-o1\" \/><input type=\"hidden\" name=\"_wpcf7_container_post\" value=\"0\" \/><input type=\"hidden\" name=\"_wpcf7_posted_data_hash\" value=\"\" \/><input type=\"hidden\" name=\"_wpcf7cf_hidden_group_fields\" value=\"[]\" \/><input type=\"hidden\" name=\"_wpcf7cf_hidden_groups\" value=\"[]\" \/><input type=\"hidden\" name=\"_wpcf7cf_visible_groups\" value=\"[]\" \/><input type=\"hidden\" name=\"_wpcf7cf_repeaters\" value=\"[]\" \/><input type=\"hidden\" name=\"_wpcf7cf_steps\" value=\"{}\" \/><input type=\"hidden\" name=\"_wpcf7cf_options\" value=\"{&quot;form_id&quot;:12988,&quot;conditions&quot;:[],&quot;settings&quot;:{&quot;animation&quot;:&quot;yes&quot;,&quot;animation_intime&quot;:200,&quot;animation_outtime&quot;:200,&quot;conditions_ui&quot;:&quot;normal&quot;,&quot;notice_dismissed&quot;:false}}\" \/><input type=\"hidden\" name=\"_wpcf7_recaptcha_response\" value=\"\" \/>\n<\/fieldset>\n<div class=\"cf7-form-wrapper\">\n\t<p><span class=\"wpcf7-form-control-wrap\" data-name=\"last_name\"><input size=\"40\" maxlength=\"400\" class=\"wpcf7-form-control wpcf7-text wpcf7-validates-as-required\" autocomplete=\"name\" aria-required=\"true\" aria-invalid=\"false\" placeholder=\"Nome e cognome\" value=\"\" type=\"text\" name=\"last_name\" \/><\/span>\n\t<\/p>\n\t<p><span class=\"wpcf7-form-control-wrap\" data-name=\"phone_home\"><input size=\"40\" class=\"wpcf7-form-control wpcf7-phonetext wpcf7-validates-as-required wpcf7-text wpcf7-validates-as-phonetext\" aria-required=\"true\" aria-invalid=\"false\" placeholder=\"Telefono\" value=\"\" type=\"text\" name=\"phone_home\" \/><input type=\"hidden\" name=\"phone_home-country-code\" class=\"wpcf7-phonetext-country-code\" \/><\/span>\n\t<\/p>\n\t<p><span class=\"wpcf7-form-control-wrap\" data-name=\"email1\"><input size=\"40\" maxlength=\"400\" class=\"wpcf7-form-control wpcf7-email wpcf7-validates-as-required wpcf7-text wpcf7-validates-as-email\" autocomplete=\"email\" aria-required=\"true\" aria-invalid=\"false\" placeholder=\"E-Mail\" value=\"\" type=\"email\" name=\"email1\" \/><\/span>\n\t<\/p>\n\t<p><span class=\"wpcf7-form-control-wrap\" data-name=\"primary_address_country\"><select class=\"wpcf7-form-control wpcf7-select wpcf7-validates-as-required\" aria-required=\"true\" aria-invalid=\"false\" name=\"primary_address_country\"><option value=\"\">Paese<\/option><option value=\"Svizzera\">Svizzera<\/option><option value=\"Afghanistan\">Afghanistan<\/option><option value=\"Albania\">Albania<\/option><option value=\"Algeria\">Algeria<\/option><option value=\"Andorra\">Andorra<\/option><option value=\"Angola\">Angola<\/option><option value=\"Antigua e Barbuda\">Antigua e Barbuda<\/option><option value=\"Argentina\">Argentina<\/option><option value=\"Armenia\">Armenia<\/option><option value=\"Australia\">Australia<\/option><option value=\"Austria\">Austria<\/option><option value=\"Azerbaigian\">Azerbaigian<\/option><option value=\"Bahamas\">Bahamas<\/option><option value=\"Bahrein\">Bahrein<\/option><option value=\"Bangladesh\">Bangladesh<\/option><option value=\"Barbados\">Barbados<\/option><option value=\"Bielorussia\">Bielorussia<\/option><option value=\"Belgio\">Belgio<\/option><option value=\"Belize\">Belize<\/option><option value=\"Benin\">Benin<\/option><option value=\"Bhutan\">Bhutan<\/option><option value=\"Bolivia\">Bolivia<\/option><option value=\"Bosnia ed Erzegovina\">Bosnia ed Erzegovina<\/option><option value=\"Botswana\">Botswana<\/option><option value=\"Brasile\">Brasile<\/option><option value=\"Brunei\">Brunei<\/option><option value=\"Bulgaria\">Bulgaria<\/option><option value=\"Burkina Faso\">Burkina Faso<\/option><option value=\"Burundi\">Burundi<\/option><option value=\"Capo Verde\">Capo Verde<\/option><option value=\"Cambogia\">Cambogia<\/option><option value=\"Camerun\">Camerun<\/option><option value=\"Canada\">Canada<\/option><option value=\"Repubblica Centrafricana\">Repubblica Centrafricana<\/option><option value=\"Ciad\">Ciad<\/option><option value=\"Cile\">Cile<\/option><option value=\"Cina\">Cina<\/option><option value=\"Colombia\">Colombia<\/option><option value=\"Comore\">Comore<\/option><option value=\"Repubblica Democratica del Congo\">Repubblica Democratica del Congo<\/option><option value=\"Repubblica del Congo\">Repubblica del Congo<\/option><option value=\"Costa Rica\">Costa Rica<\/option><option value=\"Costa d\u2019Avorio\">Costa d\u2019Avorio<\/option><option value=\"Croazia\">Croazia<\/option><option value=\"Cuba\">Cuba<\/option><option value=\"Cipro\">Cipro<\/option><option value=\"Repubblica Ceca\">Repubblica Ceca<\/option><option value=\"Danimarca\">Danimarca<\/option><option value=\"Gibuti\">Gibuti<\/option><option value=\"Dominica\">Dominica<\/option><option value=\"Repubblica Dominicana\">Repubblica Dominicana<\/option><option value=\"Timor Est\">Timor Est<\/option><option value=\"Ecuador\">Ecuador<\/option><option value=\"Egitto\">Egitto<\/option><option value=\"El Salvador\">El Salvador<\/option><option value=\"Guinea Equatoriale\">Guinea Equatoriale<\/option><option value=\"Eritrea\">Eritrea<\/option><option value=\"Estonia\">Estonia<\/option><option value=\"Eswatini\">Eswatini<\/option><option value=\"Etiopia\">Etiopia<\/option><option value=\"Figi\">Figi<\/option><option value=\"Finlandia\">Finlandia<\/option><option value=\"Francia\">Francia<\/option><option value=\"Gabon\">Gabon<\/option><option value=\"Gambia\">Gambia<\/option><option value=\"Georgia\">Georgia<\/option><option value=\"Germania\">Germania<\/option><option value=\"Ghana\">Ghana<\/option><option value=\"Grecia\">Grecia<\/option><option value=\"Grenada\">Grenada<\/option><option value=\"Guatemala\">Guatemala<\/option><option value=\"Guinea\">Guinea<\/option><option value=\"Guinea-Bissau\">Guinea-Bissau<\/option><option value=\"Guyana\">Guyana<\/option><option value=\"Haiti\">Haiti<\/option><option value=\"Honduras\">Honduras<\/option><option value=\"Ungheria\">Ungheria<\/option><option value=\"Islanda\">Islanda<\/option><option value=\"India\">India<\/option><option value=\"Indonesia\">Indonesia<\/option><option value=\"Iran\">Iran<\/option><option value=\"Iraq\">Iraq<\/option><option value=\"Irlanda\">Irlanda<\/option><option value=\"Israele\">Israele<\/option><option value=\"Italia\">Italia<\/option><option value=\"Giamaica\">Giamaica<\/option><option value=\"Giappone\">Giappone<\/option><option value=\"Giordania\">Giordania<\/option><option value=\"Kazakhstan\">Kazakhstan<\/option><option value=\"Kenya\">Kenya<\/option><option value=\"Kiribati\">Kiribati<\/option><option value=\"Corea del Nord\">Corea del Nord<\/option><option value=\"Corea del Sud\">Corea del Sud<\/option><option value=\"Kosovo\">Kosovo<\/option><option value=\"Kuwait\">Kuwait<\/option><option value=\"Kirghizistan\">Kirghizistan<\/option><option value=\"Laos\">Laos<\/option><option value=\"Lettonia\">Lettonia<\/option><option value=\"Libano\">Libano<\/option><option value=\"Lesotho\">Lesotho<\/option><option value=\"Liberia\">Liberia<\/option><option value=\"Libia\">Libia<\/option><option value=\"Liechtenstein\">Liechtenstein<\/option><option value=\"Lituania\">Lituania<\/option><option value=\"Lussemburgo\">Lussemburgo<\/option><option value=\"Madagascar\">Madagascar<\/option><option value=\"Malawi\">Malawi<\/option><option value=\"Malesia\">Malesia<\/option><option value=\"Maldive\">Maldive<\/option><option value=\"Mali\">Mali<\/option><option value=\"Malta\">Malta<\/option><option value=\"Isole Marshall\">Isole Marshall<\/option><option value=\"Mauritania\">Mauritania<\/option><option value=\"Mauritius\">Mauritius<\/option><option value=\"Messico\">Messico<\/option><option value=\"Stati Federati di Micronesia\">Stati Federati di Micronesia<\/option><option value=\"Moldavia\">Moldavia<\/option><option value=\"Monaco\">Monaco<\/option><option value=\"Mongolia\">Mongolia<\/option><option value=\"Montenegro\">Montenegro<\/option><option value=\"Marocco\">Marocco<\/option><option value=\"Mozambico\">Mozambico<\/option><option value=\"Myanmar (Birmania)\">Myanmar (Birmania)<\/option><option value=\"Namibia\">Namibia<\/option><option value=\"Nauru\">Nauru<\/option><option value=\"Nepal\">Nepal<\/option><option value=\"Paesi Bassi\">Paesi Bassi<\/option><option value=\"Nuova Zelanda\">Nuova Zelanda<\/option><option value=\"Nicaragua\">Nicaragua<\/option><option value=\"Niger\">Niger<\/option><option value=\"Nigeria\">Nigeria<\/option><option value=\"Macedonia del Nord\">Macedonia del Nord<\/option><option value=\"Norvegia\">Norvegia<\/option><option value=\"Oman\">Oman<\/option><option value=\"Pakistan\">Pakistan<\/option><option value=\"Palau\">Palau<\/option><option value=\"Panama\">Panama<\/option><option value=\"Papua Nuova Guinea\">Papua Nuova Guinea<\/option><option value=\"Paraguay\">Paraguay<\/option><option value=\"Per\u00f9\">Per\u00f9<\/option><option value=\"Filippine\">Filippine<\/option><option value=\"Polonia\">Polonia<\/option><option value=\"Portogallo\">Portogallo<\/option><option value=\"Qatar\">Qatar<\/option><option value=\"Romania\">Romania<\/option><option value=\"Russia\">Russia<\/option><option value=\"Ruanda\">Ruanda<\/option><option value=\"Saint Kitts e Nevis\">Saint Kitts e Nevis<\/option><option value=\"Saint Lucia\">Saint Lucia<\/option><option value=\"Saint Vincent e Grenadine\">Saint Vincent e Grenadine<\/option><option value=\"Samoa\">Samoa<\/option><option value=\"San Marino\">San Marino<\/option><option value=\"S\u00e3o Tom\u00e9 e Pr\u00edncipe\">S\u00e3o Tom\u00e9 e Pr\u00edncipe<\/option><option value=\"Arabia Saudita\">Arabia Saudita<\/option><option value=\"Senegal\">Senegal<\/option><option value=\"Serbia\">Serbia<\/option><option value=\"Seychelles\">Seychelles<\/option><option value=\"Sierra Leone\">Sierra Leone<\/option><option value=\"Singapore\">Singapore<\/option><option value=\"Slovacchia\">Slovacchia<\/option><option value=\"Slovenia\">Slovenia<\/option><option value=\"Isole Salomone\">Isole Salomone<\/option><option value=\"Somalia\">Somalia<\/option><option value=\"Sudafrica\">Sudafrica<\/option><option value=\"Spagna\">Spagna<\/option><option value=\"Sri Lanka\">Sri Lanka<\/option><option value=\"Sudan\">Sudan<\/option><option value=\"Sudan del Sud\">Sudan del Sud<\/option><option value=\"Suriname\">Suriname<\/option><option value=\"Svezia\">Svezia<\/option><option value=\"Siria\">Siria<\/option><option value=\"Taiwan\">Taiwan<\/option><option value=\"Tagikistan\">Tagikistan<\/option><option value=\"Tanzania\">Tanzania<\/option><option value=\"Thailandia\">Thailandia<\/option><option value=\"Togo\">Togo<\/option><option value=\"Tonga\">Tonga<\/option><option value=\"Trinidad e Tobago\">Trinidad e Tobago<\/option><option value=\"Tunisia\">Tunisia<\/option><option value=\"Turchia\">Turchia<\/option><option value=\"Turkmenistan\">Turkmenistan<\/option><option value=\"Tuvalu\">Tuvalu<\/option><option value=\"Uganda\">Uganda<\/option><option value=\"Ucraina\">Ucraina<\/option><option value=\"Emirati Arabi Uniti\">Emirati Arabi Uniti<\/option><option value=\"Regno Unito\">Regno Unito<\/option><option value=\"Stati Uniti\">Stati Uniti<\/option><option value=\"Uruguay\">Uruguay<\/option><option value=\"Uzbekistan\">Uzbekistan<\/option><option value=\"Vanuatu\">Vanuatu<\/option><option value=\"Citt\u00e0 del Vaticano\">Citt\u00e0 del Vaticano<\/option><option value=\"Venezuela\">Venezuela<\/option><option value=\"Vietnam\">Vietnam<\/option><option value=\"Yemen\">Yemen<\/option><option value=\"Zambia\">Zambia<\/option><option value=\"Zimbabwe\">Zimbabwe<\/option><\/select><\/span>\n\t<\/p>\n\t<p><span class=\"wpcf7-form-control-wrap\" data-name=\"date_of_birth\"><input class=\"wpcf7-form-control wpcf7-date wpcf7-validates-as-required wpcf7-validates-as-date\" min=\"2026-05-09\" aria-required=\"true\" aria-invalid=\"false\" placeholder=\"Data di nascita prevista\" value=\"\" type=\"date\" name=\"date_of_birth\" \/><\/span>\n\t<\/p>\n\t<p><span class=\"wpcf7-form-control-wrap\" data-name=\"agreement_market_proc_c\"><span class=\"wpcf7-form-control wpcf7-acceptance\"><span class=\"wpcf7-list-item\"><label><input type=\"checkbox\" name=\"agreement_market_proc_c\" value=\"1\" aria-invalid=\"false\" \/><span class=\"wpcf7-list-item-label\">Ho letto l'informativa sulla privacy di FamiCord Suisse S.A. e acconsento al trattamento dei miei dati personali. Vedi <a href=\"\/it\/informativa-sulla-privacy\" target=\"_blank\">Informativa sulla privacy<\/a>. Per partecipare al concorso, acconsento al trattamento dei miei dati. Accetto inoltre di ricevere comunicazioni da parte di FamiCord Suisse S.A. in relazione a offerte, campagne e iniziative istituzionali a scopo di marketing. Accetto inoltre che i miei dati vengano trasmessi per le notifiche telefoniche.<\/span><\/label><\/span><\/span><\/span>\n\t<\/p>\n<input class=\"wpcf7-form-control wpcf7-hidden\" value=\"internet\" type=\"hidden\" name=\"medium_c\" \/>\n<input class=\"wpcf7-form-control wpcf7-hidden\" value=\"internet\" type=\"hidden\" name=\"source_type\" \/>\n<input class=\"wpcf7-form-control wpcf7-hidden\" value=\"f1b5d384-26be-11f1-bb6e-005056bcc3c0\" type=\"hidden\" name=\"campaign_id\" \/>\n\t<p><button type=\"submit\" class=\"button button--big inverted\">Inviare<\/button>\n\t<\/p>\n<\/div><div class=\"wpcf7-response-output\" aria-hidden=\"true\"><\/div>\n<\/form>\n<\/div>\n<\/div>\n\n\n\n<div style=\"height:50px\" aria-hidden=\"true\" class=\" wp-block-spacer eplus-wrapper\"><\/div>\n\n\n\n    <h2 class=\"h5 \">\n\n            UN TESORO &#8211;<br>PER LA VITA\n\n    <\/h2>\n\n<\/div>\n<\/div>","protected":false},"excerpt":{"rendered":"<p>La nascita del vostro bambino offre la possibilit\u00e0 di conservare le cellule staminali dal sangue, dal tessuto del cordone ombelicale e dalla placenta e di conservarle per un eventuale utilizzo futuro. Molti futuri genitori desiderano informarsi in modo approfondito su questo tema:quali propriet\u00e0 hanno le cellule staminali? In quali ambiti vengono utilizzate oggi? Quali fattori [&hellip;]<\/p>\n","protected":false},"author":4,"featured_media":0,"parent":4254,"menu_order":0,"comment_status":"closed","ping_status":"closed","template":"page-templates\/landing-page.php","meta":{"_acf_changed":false,"inline_featured_image":false,"editor_plus_copied_stylings":"{}","footnotes":""},"class_list":["post-12928","page","type-page","status-publish","hentry"],"acf":[],"yoast_head":"<!-- This site is optimized with the Yoast SEO plugin v27.5 - https:\/\/yoast.com\/product\/yoast-seo-wordpress\/ -->\n<title>Cellule staminali cordone ombelicale e placenta | FamiCord Suisse<\/title>\n<meta name=\"description\" content=\"Cosa sono le cellule staminali da cordone ombelicale e placenta? Informazioni su propriet\u00e0, utilizzo e conservazione.\" \/>\n<meta name=\"robots\" content=\"index, follow, max-snippet:-1, max-image-preview:large, max-video-preview:-1\" \/>\n<link rel=\"canonical\" href=\"https:\/\/famicord.ch\/it\/lp\/guida\" \/>\n<meta property=\"og:locale\" content=\"it_IT\" \/>\n<meta property=\"og:type\" content=\"article\" \/>\n<meta property=\"og:title\" content=\"Cellule staminali cordone ombelicale e placenta | FamiCord Suisse\" \/>\n<meta property=\"og:description\" content=\"Cosa sono le cellule staminali da cordone ombelicale e placenta? Informazioni su propriet\u00e0, utilizzo e conservazione.\" \/>\n<meta property=\"og:url\" content=\"https:\/\/famicord.ch\/it\/lp\/guida\" \/>\n<meta property=\"og:site_name\" content=\"Famicord Suisse\" \/>\n<meta property=\"article:modified_time\" content=\"2026-04-10T11:36:01+00:00\" \/>\n<meta name=\"twitter:card\" content=\"summary_large_image\" \/>\n<meta name=\"twitter:label1\" content=\"Est. reading time\" \/>\n\t<meta name=\"twitter:data1\" content=\"2 minutes\" \/>\n<script type=\"application\/ld+json\" class=\"yoast-schema-graph\">{\"@context\":\"https:\\\/\\\/schema.org\",\"@graph\":[{\"@type\":\"WebPage\",\"@id\":\"https:\\\/\\\/famicord.ch\\\/it\\\/lp\\\/guida\",\"url\":\"https:\\\/\\\/famicord.ch\\\/it\\\/lp\\\/guida\",\"name\":\"Cellule staminali cordone ombelicale e placenta | FamiCord Suisse\",\"isPartOf\":{\"@id\":\"https:\\\/\\\/famicord.ch\\\/it#website\"},\"datePublished\":\"2026-03-27T14:40:27+00:00\",\"dateModified\":\"2026-04-10T11:36:01+00:00\",\"description\":\"Cosa sono le cellule staminali da cordone ombelicale e placenta? Informazioni su propriet\u00e0, utilizzo e conservazione.\",\"breadcrumb\":{\"@id\":\"https:\\\/\\\/famicord.ch\\\/it\\\/lp\\\/guida#breadcrumb\"},\"inLanguage\":\"it-CH\",\"potentialAction\":[{\"@type\":\"ReadAction\",\"target\":[\"https:\\\/\\\/famicord.ch\\\/it\\\/lp\\\/guida\"]}]},{\"@type\":\"BreadcrumbList\",\"@id\":\"https:\\\/\\\/famicord.ch\\\/it\\\/lp\\\/guida#breadcrumb\",\"itemListElement\":[{\"@type\":\"ListItem\",\"position\":1,\"name\":\"Home\",\"item\":\"https:\\\/\\\/famicord.ch\\\/it\"},{\"@type\":\"ListItem\",\"position\":2,\"name\":\"LP\",\"item\":\"https:\\\/\\\/famicord.ch\\\/it\\\/lp\"},{\"@type\":\"ListItem\",\"position\":3,\"name\":\"Ratgeber per PDF anfordern\"}]},{\"@type\":\"WebSite\",\"@id\":\"https:\\\/\\\/famicord.ch\\\/it#website\",\"url\":\"https:\\\/\\\/famicord.ch\\\/it\",\"name\":\"Famicord.ch\",\"description\":\"\",\"potentialAction\":[{\"@type\":\"SearchAction\",\"target\":{\"@type\":\"EntryPoint\",\"urlTemplate\":\"https:\\\/\\\/famicord.ch\\\/it?s={search_term_string}\"},\"query-input\":{\"@type\":\"PropertyValueSpecification\",\"valueRequired\":true,\"valueName\":\"search_term_string\"}}],\"inLanguage\":\"it-CH\"}]}<\/script>\n<!-- \/ Yoast SEO plugin. -->","yoast_head_json":{"title":"Cellule staminali cordone ombelicale e placenta | FamiCord Suisse","description":"Cosa sono le cellule staminali da cordone ombelicale e placenta? Informazioni su propriet\u00e0, utilizzo e conservazione.","robots":{"index":"index","follow":"follow","max-snippet":"max-snippet:-1","max-image-preview":"max-image-preview:large","max-video-preview":"max-video-preview:-1"},"canonical":"https:\/\/famicord.ch\/it\/lp\/guida","og_locale":"it_IT","og_type":"article","og_title":"Cellule staminali cordone ombelicale e placenta | FamiCord Suisse","og_description":"Cosa sono le cellule staminali da cordone ombelicale e placenta? Informazioni su propriet\u00e0, utilizzo e conservazione.","og_url":"https:\/\/famicord.ch\/it\/lp\/guida","og_site_name":"Famicord Suisse","article_modified_time":"2026-04-10T11:36:01+00:00","twitter_card":"summary_large_image","twitter_misc":{"Est. reading time":"2 minutes"},"schema":{"@context":"https:\/\/schema.org","@graph":[{"@type":"WebPage","@id":"https:\/\/famicord.ch\/it\/lp\/guida","url":"https:\/\/famicord.ch\/it\/lp\/guida","name":"Cellule staminali cordone ombelicale e placenta | FamiCord Suisse","isPartOf":{"@id":"https:\/\/famicord.ch\/it#website"},"datePublished":"2026-03-27T14:40:27+00:00","dateModified":"2026-04-10T11:36:01+00:00","description":"Cosa sono le cellule staminali da cordone ombelicale e placenta? Informazioni su propriet\u00e0, utilizzo e conservazione.","breadcrumb":{"@id":"https:\/\/famicord.ch\/it\/lp\/guida#breadcrumb"},"inLanguage":"it-CH","potentialAction":[{"@type":"ReadAction","target":["https:\/\/famicord.ch\/it\/lp\/guida"]}]},{"@type":"BreadcrumbList","@id":"https:\/\/famicord.ch\/it\/lp\/guida#breadcrumb","itemListElement":[{"@type":"ListItem","position":1,"name":"Home","item":"https:\/\/famicord.ch\/it"},{"@type":"ListItem","position":2,"name":"LP","item":"https:\/\/famicord.ch\/it\/lp"},{"@type":"ListItem","position":3,"name":"Ratgeber per PDF anfordern"}]},{"@type":"WebSite","@id":"https:\/\/famicord.ch\/it#website","url":"https:\/\/famicord.ch\/it","name":"Famicord.ch","description":"","potentialAction":[{"@type":"SearchAction","target":{"@type":"EntryPoint","urlTemplate":"https:\/\/famicord.ch\/it?s={search_term_string}"},"query-input":{"@type":"PropertyValueSpecification","valueRequired":true,"valueName":"search_term_string"}}],"inLanguage":"it-CH"}]}},"_links":{"self":[{"href":"https:\/\/famicord.ch\/it\/wp-json\/wp\/v2\/pages\/12928","targetHints":{"allow":["GET"]}}],"collection":[{"href":"https:\/\/famicord.ch\/it\/wp-json\/wp\/v2\/pages"}],"about":[{"href":"https:\/\/famicord.ch\/it\/wp-json\/wp\/v2\/types\/page"}],"author":[{"embeddable":true,"href":"https:\/\/famicord.ch\/it\/wp-json\/wp\/v2\/users\/4"}],"replies":[{"embeddable":true,"href":"https:\/\/famicord.ch\/it\/wp-json\/wp\/v2\/comments?post=12928"}],"version-history":[{"count":7,"href":"https:\/\/famicord.ch\/it\/wp-json\/wp\/v2\/pages\/12928\/revisions"}],"predecessor-version":[{"id":13009,"href":"https:\/\/famicord.ch\/it\/wp-json\/wp\/v2\/pages\/12928\/revisions\/13009"}],"up":[{"embeddable":true,"href":"https:\/\/famicord.ch\/it\/wp-json\/wp\/v2\/pages\/4254"}],"wp:attachment":[{"href":"https:\/\/famicord.ch\/it\/wp-json\/wp\/v2\/media?parent=12928"}],"curies":[{"name":"wp","href":"https:\/\/api.w.org\/{rel}","templated":true}]}}