{"id":8403,"date":"2025-02-27T12:47:12","date_gmt":"2025-02-27T11:47:12","guid":{"rendered":"https:\/\/famicord.ch\/?page_id=8403"},"modified":"2025-02-27T12:47:13","modified_gmt":"2025-02-27T11:47:13","slug":"conditions-de-participation-conservation-gratuite-des-cellules-souches","status":"publish","type":"page","link":"https:\/\/famicord.ch\/fr\/conditions-de-participation-conservation-gratuite-des-cellules-souches","title":{"rendered":"Conditions de participation au concours \u00abconservation gratuite des cellules souches\u00bb"},"content":{"rendered":"\n<section class=\"hero flex flex-col justify-center bg-center bg-cover bg-no-repeat py-32 lg:py-48 mb-72 xl:mb-120 relative min-h-[20.5rem] xl:min-h-[26rem]\" style=\"background-image: url(https:\/\/famicord.ch\/wp-content\/uploads\/2024\/07\/default-hero-bg.webp)\">\n\t<div class=\"container items-center\">\n\t\t<h1 class=\"text-center text-blue max-w-[90%] md:max-w-[60%] lg:max-w-[80%] xxl:max-w-1200 mx-auto\">\n\t\t\t\n\t\t\t\n\t\t\t\t\t\t\t<span class=\"font-extralight break-words\">Conditions de participation<\/span>\n\t\t\t\t\t<\/h1>\n\t<\/div>\n\n\t<div class=\"absolute left-[-14rem] bottom-[-10.8rem] md:bottom-[-15.8rem] xl:bottom-[-20.3rem]\">\n\t\t<svg width=\"500\" height=\"500\" viewbox=\"0 0 500 500\" fill=\"none\" xmlns=\"http:\/\/www.w3.org\/2000\/svg\" class=\"size-180 md:size-260 xl:size-340\">\n\t\t\t<mask id=\"mask0_1511_27028\" style=\"mask-type:alpha\" maskunits=\"userSpaceOnUse\" x=\"0\" y=\"0\" width=\"500\" height=\"200\">\n\t\t\t\t<rect width=\"500\" height=\"200\" transform=\"matrix(-1 0 0 1 500 0)\" fill=\"#D9D9D9\"\/>\n\t\t\t<\/mask>\n\t\t\t<g mask=\"url(#mask0_1511_27028)\">\n\t\t\t\t<path d=\"M214.686 463.894C166.261 512.319 87.156 511.726 38.731 463.301C-9.69398 414.876 -10.2866 335.771 38.1384 287.346L287.04 38.4443C335.465 -9.98075 414.57 -9.3881 462.995 39.0369C511.42 87.4619 512.013 166.567 463.588 214.992L214.686 463.894Z\" fill=\"#FE6F20\"\/>\n\t\t\t<\/g>\n\t\t\t<path d=\"M214.404 462.612C166.377 510.639 87.7903 509.946 39.7484 461.905C-8.29344 413.863 -8.98578 335.276 39.0413 287.249L287.943 38.3476C335.97 -9.67956 414.556 -8.98719 462.598 39.0547C510.64 87.0966 511.333 165.683 463.305 213.71L214.404 462.612Z\" stroke=\"#FE6F20\" stroke-width=\"2\"\/>\n\t\t<\/svg>\n\t<\/div>\n\n\t<div class=\"absolute right-[-10rem] bottom-[-7.2rem] md:bottom-[-10.4rem] xl:bottom-[-13.6rem]\">\n\t\t<svg width=\"500\" height=\"500\" viewbox=\"0 0 500 500\" fill=\"none\" xmlns=\"http:\/\/www.w3.org\/2000\/svg\" class=\"size-180 md:size-260 xl:size-340\">\n\t\t\t<mask id=\"mask0_1511_27023\" style=\"mask-type:alpha\" maskunits=\"userSpaceOnUse\" x=\"0\" y=\"0\" width=\"500\" height=\"300\">\n\t\t\t\t<rect width=\"500\" height=\"300\" fill=\"#D9D9D9\"\/>\n\t\t\t<\/mask>\n\t\t\t<g mask=\"url(#mask0_1511_27023)\">\n\t\t\t\t<path d=\"M285.622 36.4146C334.047 -12.0104 413.069 -11.5011 461.494 36.9239C509.919 85.349 510.429 164.371 462.004 212.796L213.102 461.697C164.677 510.122 85.6552 509.613 37.2302 461.188C-11.1948 412.763 -11.7041 333.741 36.7209 285.316L285.622 36.4146Z\" fill=\"#1560DA\"\/>\n\t\t\t<\/g>\n\t\t\t<path d=\"M285.596 37.3883C333.623 -10.6388 412.21 -9.94644 460.252 38.0955C508.293 86.1373 508.986 164.724 460.959 212.751L212.057 461.652C164.03 509.68 85.4436 508.987 37.4017 460.945C-10.6402 412.903 -11.3325 334.317 36.6946 286.29L285.596 37.3883Z\" stroke=\"#1560DA\" stroke-width=\"2\"\/>\n\t\t<\/svg>\n\t<\/div>\n<\/section>\n\n\n<section class=\"section-with-heading-and-text section-margin section-margin--small\">\n\t<div class=\"container\">\n\n\t\t\t\t\t\n\t\t\t\n    <h2   class=\"h3  text-blue break-words lg:max-w-[90%] xl:max-w-[98rem]\">\n\n            Conditions de participation au concours \u00abconservation gratuite des cellules souches\u00bb\n\n    <\/h2>\n\n\t\t\n\t\t\n\t<\/div>\n<\/section>\n\n\n<section class=\"section-with-heading-and-text section-margin section-margin--small\">\n\t<div class=\"container\">\n\n\t\t\t\t\t\n\t\t\t\n    <h2   class=\"h4  text-blue break-words lg:max-w-[90%] xl:max-w-[98rem]\">\n\n            1. Organisateur\n\n    <\/h2>\n\n\t\t\n\t\t\t\t\t\t\t\t<div class=\"mt-24 xl:mt-40 xl:ml-100 space-y-24  xl:max-w-[78rem]\"><p>Le concours est organis\u00e9 par FamiCord Suisse SA, Sumpfstrasse 26, 6312 Steinhausen (ci-apr\u00e8s \u00ab\u00a0organisateur\u00a0\u00bb).<\/p>\n<\/div>\n\t\t\n\t<\/div>\n<\/section>\n\n\n<section class=\"section-with-heading-and-text section-margin section-margin--small\">\n\t<div class=\"container\">\n\n\t\t\t\t\t\n\t\t\t\n    <h2   class=\"h4  text-blue break-words lg:max-w-[90%] xl:max-w-[98rem]\">\n\n            2. Droit \u00e0 participer\n\n    <\/h2>\n\n\t\t\n\t\t\t\t\t\t\t\t<div class=\"mt-24 xl:mt-40 xl:ml-100 space-y-24  xl:max-w-[78rem]\"><ol>\n<li>Toutes les personnes physiques de sexe f\u00e9minin ayant 18 ans r\u00e9volus au moment de leur participation, r\u00e9sidentes permanentes en Suisse et enceintes au moment de leur participation ont le droit de participer. La participation est possible uniquement en nom propre.<\/li>\n<li>Les collaborateurs de l\u2019organisateur et des entreprises qui lui sont associ\u00e9es n\u2019ont pas le droit de participer.<\/li>\n<\/ol>\n<\/div>\n\t\t\n\t<\/div>\n<\/section>\n\n\n<section class=\"section-with-heading-and-text section-margin section-margin--small\">\n\t<div class=\"container\">\n\n\t\t\t\t\t\n\t\t\t\n    <h2   class=\"h4  text-blue break-words lg:max-w-[90%] xl:max-w-[98rem]\">\n\n            3. P\u00e9riode du concours\n\n    <\/h2>\n\n\t\t\n\t\t\t\t\t\t\t\t<div class=\"mt-24 xl:mt-40 xl:ml-100 space-y-24  xl:max-w-[78rem]\"><p>Le concours est organis\u00e9 chaque mois. De nouveaux formulaires de participants sont accept\u00e9s pendant cette p\u00e9riode.<\/p>\n<\/div>\n\t\t\n\t<\/div>\n<\/section>\n\n\n<section class=\"section-with-heading-and-text section-margin section-margin--small\">\n\t<div class=\"container\">\n\n\t\t\t\t\t\n\t\t\t\n    <h2   class=\"h4  text-blue break-words lg:max-w-[90%] xl:max-w-[98rem]\">\n\n            4. Participation au concours\n\n    <\/h2>\n\n\t\t\n\t\t\t\t\t\t\t\t<div class=\"mt-24 xl:mt-40 xl:ml-100 space-y-24  xl:max-w-[78rem]\"><ol>\n<li>Il est possible de participer que des r\u00e9seaux sociaux (Facebook, Instagram et autres) ou via des pages d&#8217;accueil de l\u2019organisateur. Pour participer, le formulaire de participation publi\u00e9 sur ces pages doit \u00eatre compl\u00e9t\u00e9 int\u00e9gralement et envoy\u00e9.<\/li>\n<li>Le formulaire de participation doit comprendre le nom de la m\u00e8re participante, la date de naissance pr\u00e9vue, l\u2019adresse e-mail ainsi que le num\u00e9ro de t\u00e9l\u00e9phone. Toutes les donn\u00e9es du formulaire de participation doivent \u00eatre v\u00e9ridiques afin de pouvoir participer au concours. Chaque participante ne peut envoyer qu\u2019un seul formulaire de participation. Les soumissions multiples ne seront pas prises en compte.<\/li>\n<li>Si une participante ne veut plus participer au concours, elle peut se d\u00e9sinscrire \u00e0 tout moment \u00e0 l\u2019adresse e-mail suivante: <a href=\"mailto:kundendienst@famicord.ch\">kundendienst@famicord.ch<\/a><\/li>\n<li>La participation au concours est gratuite et ne d\u00e9pend pas de la conclusion d\u2019un acte juridique.<\/li>\n<\/ol>\n<\/div>\n\t\t\n\t<\/div>\n<\/section>\n\n\n<section class=\"section-with-heading-and-text section-margin section-margin--small\">\n\t<div class=\"container\">\n\n\t\t\t\t\t\n\t\t\t\n    <h2   class=\"h4  text-blue break-words lg:max-w-[90%] xl:max-w-[98rem]\">\n\n            5. Modalit\u00e9s des tirages au sort\n\n    <\/h2>\n\n\t\t\n\t\t\t\t\t\t\t\t<div class=\"mt-24 xl:mt-40 xl:ml-100 space-y-24  xl:max-w-[78rem]\"><ol>\n<li>Le tirage au sort aura lieu \u00e0 la fin de la p\u00e9riode du concours. Une gagnante est tir\u00e9e au sort le 5 et le 15 de chaque mois.<\/li>\n<li>Il y a une gagnante par tirage au sort. Un seul gain peut \u00eatre attribu\u00e9 \u00e0 une participante.<\/li>\n<li>Les tirages au sort sont r\u00e9alis\u00e9s selon une proc\u00e9dure prot\u00e9g\u00e9e par ordinateur. Ils ont lieu au si\u00e8ge de l\u2019organisateur \u00e0 Zoug, \u00e0 l\u2019\u00e9cart des regards du public. Les tirages au sort ne font l\u2019objet d\u2019aucune correspondance.<\/li>\n<\/ol>\n<\/div>\n\t\t\n\t<\/div>\n<\/section>\n\n\n<section class=\"section-with-heading-and-text section-margin section-margin--small\">\n\t<div class=\"container\">\n\n\t\t\t\t\t\n\t\t\t\n    <h2   class=\"h4  text-blue break-words lg:max-w-[90%] xl:max-w-[98rem]\">\n\n            6. Prix\n\n    <\/h2>\n\n\t\t\n\t\t\t\t\t\t\t\t<div class=\"mt-24 xl:mt-40 xl:ml-100 space-y-24  xl:max-w-[78rem]\"><ol>\n<li>Un bon pour une conservation standard de sang de cordon ombilical sera tir\u00e9 au sort (paquet de sang standard), un par tirage au sort. La valeur de chaque bon est de CHF 3&#8217;350 (LUX : 2400 euros). Ce montant comprend le co\u00fbt du kit de pr\u00e9l\u00e8vement, le transport vers le laboratoire de l&#8217;organisateur ainsi que le stockage dans la banque de sang de cordon de l&#8217;organisateur pendant 25 ans.<\/li>\n<li>Si la gagnante d\u00e9cide de demander des prestations suppl\u00e9mentaires de la part de l\u2019organisateur au moment du tirage au sort ou de l\u2019utilisation de son bon, la diff\u00e9rence de prix avec son gain est \u00e0 sa charge.<\/li>\n<li>Chaque bon est valable pour une p\u00e9riode de 9 mois \u00e0 compter de la date de sa r\u00e9ception par la patiente.<\/li>\n<li>Le bon ne peut pas \u00eatre \u00e9chang\u00e9, transmis ou vendu. Il n\u2019y a aucun droit au paiement en esp\u00e8ces du gain, ni \u00e0 la remise d\u2019un prix de remplacement.<\/li>\n<li>Si l\u2019\u00e9chantillon de sang de cordon ombilical ne peut pas \u00eatre stock\u00e9 en raison d\u2019une absence d\u2019\u00e9ligibilit\u00e9, la valeur de l\u2019\u00e9chantillon n\u2019est pas vers\u00e9e \u00e0 la gagnante.<\/li>\n<li>Tous les co\u00fbts, les taxes et les frais associ\u00e9s au gain sont \u00e0 la charge de la gagnante.Le prix ne peut pas \u00eatre \u00e9chang\u00e9, transmis ou vendu. Il n\u2019y a aucun droit au paiement en esp\u00e8ces du gain, ni \u00e0 la remise d\u2019un prix de remplacement.<\/li>\n<\/ol>\n<\/div>\n\t\t\n\t<\/div>\n<\/section>\n\n\n<section class=\"section-with-heading-and-text section-margin section-margin--small\">\n\t<div class=\"container\">\n\n\t\t\t\t\t\n\t\t\t\n    <h2   class=\"h4  text-blue break-words lg:max-w-[90%] xl:max-w-[98rem]\">\n\n            7. Information et confirmation des gagnantes\n\n    <\/h2>\n\n\t\t\n\t\t\t\t\t\t\t\t<div class=\"mt-24 xl:mt-40 xl:ml-100 space-y-24  xl:max-w-[78rem]\"><ol>\n<li>Les gagnantes seront inform\u00e9es de leur gain dans les cinq jours ouvrables suivant le tirage au sort, par t\u00e9l\u00e9phone ou par e-mail, aux coordonn\u00e9es indiqu\u00e9es dans le formulaire de participation.<\/li>\n<li>L\u2019organisateur essaie de contacter la gagnante au maximum trois fois \u00e0 un intervalle d\u2019au moins trois jours. Si la gagnante est injoignable pour des raisons relevant de sa responsabilit\u00e9, le gain est annul\u00e9.<\/li>\n<li>Les gagnantes dont les coordonn\u00e9es changent apr\u00e8s l\u2019information du gain sont dans l\u2019obligation de signaler les changements \u00e0 l\u2019organisateur.<\/li>\n<\/ol>\n<\/div>\n\t\t\n\t<\/div>\n<\/section>\n\n\n<section class=\"section-with-heading-and-text section-margin section-margin--small\">\n\t<div class=\"container\">\n\n\t\t\t\t\t\n\t\t\t\n    <h2   class=\"h4  text-blue break-words lg:max-w-[90%] xl:max-w-[98rem]\">\n\n            8. Remise du gain\n\n    <\/h2>\n\n\t\t\n\t\t\t\t\t\t\t\t<div class=\"mt-24 xl:mt-40 xl:ml-100 space-y-24  xl:max-w-[78rem]\"><ol>\n<li>Les bons sont remis aux gagnantes dans un d\u00e9lai de cinq jours ouvr\u00e9s apr\u00e8s le tirage au sort. Les bons sont envoy\u00e9s sous forme \u00e9lectronique \u00e0 l\u2019adresse e-mail indiqu\u00e9e dans le formulaire de participation.<\/li>\n<li>Si le bon ne peut pas \u00eatre remis pour des raisons relevant de la responsabilit\u00e9 de la gagnante, il est annul\u00e9.<\/li>\n<li>Le bon est \u00e9galement annul\u00e9 si le pr\u00e9l\u00e8vement ou le stockage du sang de cordon ombilical d\u2019une gagnante est impossible pour des raisons m\u00e9dicales ou d\u2019autres raisons hors du contr\u00f4le de l\u2019organisateur.<\/li>\n<li>En acceptant et en utilisant le bon, la gagnante d\u00e9clare accepter le pr\u00e9l\u00e8vement du sang par une sage-femme form\u00e9e \u00e0 l\u2019aide d\u2019un kit de pr\u00e9l\u00e8vement, le transport vers le laboratoire de l\u2019organisateur ainsi que le stockage dans la banque de sang de cordon ombilical pendant 25\u00a0ans.<\/li>\n<\/ol>\n<\/div>\n\t\t\n\t<\/div>\n<\/section>\n\n\n<section class=\"section-with-heading-and-text section-margin section-margin--small\">\n\t<div class=\"container\">\n\n\t\t\t\t\t\n\t\t\t\n    <h2   class=\"h4  text-blue break-words lg:max-w-[90%] xl:max-w-[98rem]\">\n\n            9. Exclusion du concours, cessation anticip\u00e9e, responsabilit\u00e9\n\n    <\/h2>\n\n\t\t\n\t\t\t\t\t\t\t\t<div class=\"mt-24 xl:mt-40 xl:ml-100 space-y-24  xl:max-w-[78rem]\"><ol>\n<li>L\u2019organisateur se r\u00e9serve le droit de disqualifier sans se justifier et d\u2019exclure du concours avec effet imm\u00e9diat les participantes qui manipulent ou essaient de manipuler le tirage au sort et\/ou agissent \u00e0 l\u2019encontre des conditions de participation et\/ou des bonnes m\u0153urs et\/ou essaient ind\u00fbment d\u2019influencer le concours, ou de leur refuser leur gain et de r\u00e9clamer sa restitution le cas \u00e9ch\u00e9ant.<\/li>\n<li>L\u2019organisateur se r\u00e9serve le droit d\u2019interrompre ou de mettre fin de mani\u00e8re anticip\u00e9e au concours \u00e0 tout moment, sans pr\u00e9avis et sans se justifier. Cela s\u2019applique en particulier s\u2019il est impossible d\u2019assurer un d\u00e9roulement conforme pour des raisons techniques ou l\u00e9gales. Dans ce cas, les participantes n\u2019ont aucun droit \u00e0 l\u2019encontre de l\u2019organisateur.<\/li>\n<li>L\u2019organisateur d\u00e9cline toute responsabilit\u00e9 vis-\u00e0-vis des gagnantes pour les pertes ou dommages de tous types r\u00e9sultant du ou li\u00e9s au concours, au traitement des donn\u00e9es et au gain.<\/li>\n<\/ol>\n<\/div>\n\t\t\n\t<\/div>\n<\/section>\n\n\n<section class=\"section-with-heading-and-text section-margin section-margin--small\">\n\t<div class=\"container\">\n\n\t\t\t\t\t\n\t\t\t\n    <h2   class=\"h4  text-blue break-words lg:max-w-[90%] xl:max-w-[98rem]\">\n\n            10. Utilisation et protection des donn\u00e9es\n\n    <\/h2>\n\n\t\t\n\t\t\t\t\t\t\t\t<div class=\"mt-24 xl:mt-40 xl:ml-100 space-y-24  xl:max-w-[78rem]\"><ol>\n<li>Les donn\u00e9es personnelles des participantes collect\u00e9es dans le cadre de la participation au concours sont collect\u00e9es, trait\u00e9es et utilis\u00e9es aux fins d\u2019ex\u00e9cution du concours.<\/li>\n<li>De plus, de par sa participation, chaque participante accepte que ses donn\u00e9es personnelles, telles que son pr\u00e9nom, nom, adresse, adresse e-mail et num\u00e9ro de t\u00e9l\u00e9phone, soient utilis\u00e9es \u00e0 des fins statistiques et publicitaires par l\u2019organisateur. Ce dernier peut aussi transmettre ces donn\u00e9es \u00e0 des prestataires de services charg\u00e9s de t\u00e2ches compl\u00e8tes ou partielles (par ex. l\u2019entreprise de transport) aux fins de r\u00e9alisation du concours. Les obligations de ces prestataires de service sont conformes aux dispositions l\u00e9gales relatives \u00e0 la protection des donn\u00e9es.<\/li>\n<li>En participant au concours, les participantes d\u00e9clarent accepter que l\u2019organisateur sauvegarde toutes les donn\u00e9es personnelles pour la dur\u00e9e du concours et au-del\u00e0 de cette p\u00e9riode.<\/li>\n<li>L\u2019organisateur s\u2019engage \u00e0 respecter les dispositions l\u00e9gales suisses relatives aux m\u00e9dias et \u00e0 la protection des donn\u00e9es pour les donn\u00e9es personnelles des participantes. Les donn\u00e9es des participantes sont trait\u00e9es de mani\u00e8re confidentielle.<\/li>\n<li>Il n\u2019y a aucune garantie que les donn\u00e9es transmises par voie \u00e9lectronique ne soient pas vues par des tiers ni perdues.<\/li>\n<\/ol>\n<\/div>\n\t\t\n\t<\/div>\n<\/section>\n\n\n<section class=\"section-with-heading-and-text section-margin section-margin--small\">\n\t<div class=\"container\">\n\n\t\t\t\t\t\n\t\t\t\n    <h2   class=\"h4  text-blue break-words lg:max-w-[90%] xl:max-w-[98rem]\">\n\n            11. Droit applicable et recours juridique\n\n    <\/h2>\n\n\t\t\n\t\t\t\t\t\t\t\t<div class=\"mt-24 xl:mt-40 xl:ml-100 space-y-24  xl:max-w-[78rem]\"><ol>\n<li>Ces conditions de participation sont soumises au droit suisse.<\/li>\n<li>Tout recours juridique est exclu.<\/li>\n<\/ol>\n<\/div>\n\t\t\n\t<\/div>\n<\/section>\n","protected":false},"excerpt":{"rendered":"","protected":false},"author":4,"featured_media":0,"parent":0,"menu_order":0,"comment_status":"closed","ping_status":"closed","template":"","meta":{"_acf_changed":false,"inline_featured_image":false,"editor_plus_copied_stylings":"{}","footnotes":""},"class_list":["post-8403","page","type-page","status-publish","hentry"],"acf":[],"yoast_head":"<!-- This site is optimized with the Yoast SEO plugin v27.5 - https:\/\/yoast.com\/product\/yoast-seo-wordpress\/ -->\n<title>Conditions de participation au concours \u00abconservation gratuite des cellules souches\u00bb<\/title>\n<meta name=\"robots\" content=\"index, follow, max-snippet:-1, max-image-preview:large, max-video-preview:-1\" \/>\n<link rel=\"canonical\" href=\"https:\/\/famicord.ch\/fr\/conditions-de-participation-conservation-gratuite-des-cellules-souches\" \/>\n<meta property=\"og:locale\" content=\"fr_FR\" \/>\n<meta property=\"og:type\" content=\"article\" \/>\n<meta property=\"og:title\" content=\"Conditions de participation au concours \u00abconservation gratuite des cellules souches\u00bb\" \/>\n<meta property=\"og:url\" content=\"https:\/\/famicord.ch\/fr\/conditions-de-participation-conservation-gratuite-des-cellules-souches\" \/>\n<meta property=\"og:site_name\" content=\"Famicord Suisse\" \/>\n<meta property=\"article:modified_time\" content=\"2025-02-27T11:47:13+00:00\" \/>\n<meta name=\"twitter:card\" content=\"summary_large_image\" \/>\n<script type=\"application\/ld+json\" class=\"yoast-schema-graph\">{\"@context\":\"https:\\\/\\\/schema.org\",\"@graph\":[{\"@type\":\"WebPage\",\"@id\":\"https:\\\/\\\/famicord.ch\\\/fr\\\/conditions-de-participation-conservation-gratuite-des-cellules-souches\",\"url\":\"https:\\\/\\\/famicord.ch\\\/fr\\\/conditions-de-participation-conservation-gratuite-des-cellules-souches\",\"name\":\"Conditions de participation au concours \u00abconservation gratuite des cellules souches\u00bb\",\"isPartOf\":{\"@id\":\"https:\\\/\\\/famicord.ch\\\/fr#website\"},\"datePublished\":\"2025-02-27T11:47:12+00:00\",\"dateModified\":\"2025-02-27T11:47:13+00:00\",\"breadcrumb\":{\"@id\":\"https:\\\/\\\/famicord.ch\\\/fr\\\/conditions-de-participation-conservation-gratuite-des-cellules-souches#breadcrumb\"},\"inLanguage\":\"fr-CH\",\"potentialAction\":[{\"@type\":\"ReadAction\",\"target\":[\"https:\\\/\\\/famicord.ch\\\/fr\\\/conditions-de-participation-conservation-gratuite-des-cellules-souches\"]}]},{\"@type\":\"BreadcrumbList\",\"@id\":\"https:\\\/\\\/famicord.ch\\\/fr\\\/conditions-de-participation-conservation-gratuite-des-cellules-souches#breadcrumb\",\"itemListElement\":[{\"@type\":\"ListItem\",\"position\":1,\"name\":\"Home\",\"item\":\"https:\\\/\\\/famicord.ch\\\/fr\"},{\"@type\":\"ListItem\",\"position\":2,\"name\":\"Conditions de participation au concours \u00abconservation gratuite des cellules souches\u00bb\"}]},{\"@type\":\"WebSite\",\"@id\":\"https:\\\/\\\/famicord.ch\\\/fr#website\",\"url\":\"https:\\\/\\\/famicord.ch\\\/fr\",\"name\":\"Famicord.ch\",\"description\":\"\",\"potentialAction\":[{\"@type\":\"SearchAction\",\"target\":{\"@type\":\"EntryPoint\",\"urlTemplate\":\"https:\\\/\\\/famicord.ch\\\/fr?s={search_term_string}\"},\"query-input\":{\"@type\":\"PropertyValueSpecification\",\"valueRequired\":true,\"valueName\":\"search_term_string\"}}],\"inLanguage\":\"fr-CH\"}]}<\/script>\n<!-- \/ Yoast SEO plugin. -->","yoast_head_json":{"title":"Conditions de participation au concours \u00abconservation gratuite des cellules souches\u00bb","robots":{"index":"index","follow":"follow","max-snippet":"max-snippet:-1","max-image-preview":"max-image-preview:large","max-video-preview":"max-video-preview:-1"},"canonical":"https:\/\/famicord.ch\/fr\/conditions-de-participation-conservation-gratuite-des-cellules-souches","og_locale":"fr_FR","og_type":"article","og_title":"Conditions de participation au concours \u00abconservation gratuite des cellules souches\u00bb","og_url":"https:\/\/famicord.ch\/fr\/conditions-de-participation-conservation-gratuite-des-cellules-souches","og_site_name":"Famicord Suisse","article_modified_time":"2025-02-27T11:47:13+00:00","twitter_card":"summary_large_image","schema":{"@context":"https:\/\/schema.org","@graph":[{"@type":"WebPage","@id":"https:\/\/famicord.ch\/fr\/conditions-de-participation-conservation-gratuite-des-cellules-souches","url":"https:\/\/famicord.ch\/fr\/conditions-de-participation-conservation-gratuite-des-cellules-souches","name":"Conditions de participation au concours \u00abconservation gratuite des cellules souches\u00bb","isPartOf":{"@id":"https:\/\/famicord.ch\/fr#website"},"datePublished":"2025-02-27T11:47:12+00:00","dateModified":"2025-02-27T11:47:13+00:00","breadcrumb":{"@id":"https:\/\/famicord.ch\/fr\/conditions-de-participation-conservation-gratuite-des-cellules-souches#breadcrumb"},"inLanguage":"fr-CH","potentialAction":[{"@type":"ReadAction","target":["https:\/\/famicord.ch\/fr\/conditions-de-participation-conservation-gratuite-des-cellules-souches"]}]},{"@type":"BreadcrumbList","@id":"https:\/\/famicord.ch\/fr\/conditions-de-participation-conservation-gratuite-des-cellules-souches#breadcrumb","itemListElement":[{"@type":"ListItem","position":1,"name":"Home","item":"https:\/\/famicord.ch\/fr"},{"@type":"ListItem","position":2,"name":"Conditions de participation au concours \u00abconservation gratuite des cellules souches\u00bb"}]},{"@type":"WebSite","@id":"https:\/\/famicord.ch\/fr#website","url":"https:\/\/famicord.ch\/fr","name":"Famicord.ch","description":"","potentialAction":[{"@type":"SearchAction","target":{"@type":"EntryPoint","urlTemplate":"https:\/\/famicord.ch\/fr?s={search_term_string}"},"query-input":{"@type":"PropertyValueSpecification","valueRequired":true,"valueName":"search_term_string"}}],"inLanguage":"fr-CH"}]}},"_links":{"self":[{"href":"https:\/\/famicord.ch\/fr\/wp-json\/wp\/v2\/pages\/8403","targetHints":{"allow":["GET"]}}],"collection":[{"href":"https:\/\/famicord.ch\/fr\/wp-json\/wp\/v2\/pages"}],"about":[{"href":"https:\/\/famicord.ch\/fr\/wp-json\/wp\/v2\/types\/page"}],"author":[{"embeddable":true,"href":"https:\/\/famicord.ch\/fr\/wp-json\/wp\/v2\/users\/4"}],"replies":[{"embeddable":true,"href":"https:\/\/famicord.ch\/fr\/wp-json\/wp\/v2\/comments?post=8403"}],"version-history":[{"count":2,"href":"https:\/\/famicord.ch\/fr\/wp-json\/wp\/v2\/pages\/8403\/revisions"}],"predecessor-version":[{"id":8446,"href":"https:\/\/famicord.ch\/fr\/wp-json\/wp\/v2\/pages\/8403\/revisions\/8446"}],"wp:attachment":[{"href":"https:\/\/famicord.ch\/fr\/wp-json\/wp\/v2\/media?parent=8403"}],"curies":[{"name":"wp","href":"https:\/\/api.w.org\/{rel}","templated":true}]}}