{"id":4264,"date":"2024-07-23T16:33:57","date_gmt":"2024-07-23T14:33:57","guid":{"rendered":"https:\/\/wordpress-famicord-ch.empressia.dev\/lp\/standard-flyer-landing-page"},"modified":"2025-11-12T09:27:48","modified_gmt":"2025-11-12T08:27:48","slug":"standard-flyer-landing-page","status":"publish","type":"page","link":"https:\/\/famicord.ch\/fr\/lp\/standard-flyer-landing-page","title":{"rendered":"Bienvenue chez FamiCord Suisse"},"content":{"rendered":"<div class=\"eplus-wrapper wp-block-columns is-layout-flex wp-container-core-columns-is-layout-9d6595d7 wp-block-columns-is-layout-flex eplus-styles-uid-b262e3\">\n<div class=\"landing-page__left-column eplus-wrapper wp-block-column is-layout-flow wp-block-column-is-layout-flow\"><div class=\"wp-block-group eplus-wrapper eplus-styles-uid-c173e6\"><div class=\"wp-block-group__inner-container is-layout-constrained wp-block-group-is-layout-constrained\">\n    <h1 class=\"h3 \">\n\n            Bienvenue chez FamiCord Suisse\n\n    <\/h1>\n\n<\/div><\/div><\/div>\n\n\n\n<div class=\"landing-page__right-column eplus-wrapper wp-block-column is-layout-flow wp-block-column-is-layout-flow\">\n    <h2 class=\"h5 \">\n\n            F\u00e9licitations pour votre grossesse\n\n    <\/h2>\n\n\n\n\n<p class=\" eplus-wrapper\">La grossesse est une p\u00e9riode particuli\u00e8re, pleine d&#8217;espoir et de d\u00e9cisions importantes.<br>L&#8217;une d&#8217;entre elles concerne la sant\u00e9 de votre famille : <strong>le stockage des cellules souches<\/strong> issues du <strong>sang ombilical<\/strong>, du <strong>tissu ombilical <\/strong>et du <strong>tissu placentaire<\/strong>.<\/p>\n\n\n\n<p class=\" eplus-wrapper\">Cette opportunit\u00e9 unique ne se pr\u00e9sente qu&#8217;\u00e0 la naissance et peut contribuer \u00e0 soutenir de futurs traitements ou \u00e0 pr\u00e9venir des maladies.<\/p>\n\n\n\n<p class=\" eplus-wrapper\">FamiCord Suisse vous accompagne dans cette d\u00e9marche avec son exp\u00e9rience, sa s\u00e9curit\u00e9 et ses conseils personnalis\u00e9s.<\/p>\n\n\n\n    <h3 class=\"h5 \">\n\n            Choisissez comment nous pouvons vous aider\n\n    <\/h3>\n\n\n\n\n<p class=\" eplus-wrapper\">Vous souhaitez en savoir plus sur le stockage des cellules souches issues du cordon ombilical et du placenta ?<br>Vous trouverez de plus amples informations sur <a href=\"https:\/\/famicord.ch\/fr\/cellules-souches\/cellules-souches-types\">notre page consacr\u00e9e aux cellules souches<\/a>.<\/p>\n\n\n\n<p class=\" eplus-wrapper\">Pour b\u00e9n\u00e9ficier d&#8217;un accompagnement personnalis\u00e9 par FamiCord Suisse, s\u00e9lectionnez l&#8217;option souhait\u00e9e ci-dessous :<\/p>\n\n\n\n<div class=\"wp-block-contact-form-7-contact-form-selector\">\n<div class=\"wpcf7 no-js\" id=\"wpcf7-f4033-o1\" lang=\"fr-CH\" dir=\"ltr\" data-wpcf7-id=\"4033\">\n<div class=\"screen-reader-response\"><p role=\"status\" aria-live=\"polite\" aria-atomic=\"true\"><\/p> <ul><\/ul><\/div>\n<form action=\"\/fr\/wp-json\/wp\/v2\/pages\/4264#wpcf7-f4033-o1\" method=\"post\" class=\"wpcf7-form init\" aria-label=\"Contact form\" novalidate=\"novalidate\" data-status=\"init\">\n<fieldset class=\"hidden-fields-container\"><input type=\"hidden\" name=\"_wpcf7\" value=\"4033\" \/><input type=\"hidden\" name=\"_wpcf7_version\" value=\"6.1.5\" \/><input type=\"hidden\" name=\"_wpcf7_locale\" value=\"fr_CH\" \/><input type=\"hidden\" name=\"_wpcf7_unit_tag\" value=\"wpcf7-f4033-o1\" \/><input type=\"hidden\" name=\"_wpcf7_container_post\" value=\"0\" \/><input type=\"hidden\" name=\"_wpcf7_posted_data_hash\" value=\"\" \/><input type=\"hidden\" name=\"_wpcf7cf_hidden_group_fields\" value=\"[]\" \/><input type=\"hidden\" name=\"_wpcf7cf_hidden_groups\" value=\"[]\" \/><input type=\"hidden\" name=\"_wpcf7cf_visible_groups\" value=\"[]\" \/><input type=\"hidden\" name=\"_wpcf7cf_repeaters\" value=\"[]\" \/><input type=\"hidden\" name=\"_wpcf7cf_steps\" value=\"{}\" \/><input type=\"hidden\" name=\"_wpcf7cf_options\" value=\"{&quot;form_id&quot;:4033,&quot;conditions&quot;:[],&quot;settings&quot;:{&quot;animation&quot;:&quot;yes&quot;,&quot;animation_intime&quot;:200,&quot;animation_outtime&quot;:200,&quot;conditions_ui&quot;:&quot;normal&quot;,&quot;notice_dismissed&quot;:false}}\" \/><input type=\"hidden\" name=\"_wpcf7_recaptcha_response\" value=\"\" \/>\n<\/fieldset>\n<div class=\"cf7-form-wrapper\">\n\t<p><span class=\"wpcf7-form-control-wrap\" data-name=\"contact\"><span class=\"wpcf7-form-control wpcf7-radio\"><span class=\"wpcf7-list-item first\"><label><input type=\"radio\" name=\"contact\" value=\"Je souhaite \u00eatre contact\u00e9 par FamiCord Suisse\" \/><span class=\"wpcf7-list-item-label\">Je souhaite \u00eatre contact\u00e9 par FamiCord Suisse<\/span><\/label><\/span><span class=\"wpcf7-list-item\"><label><input type=\"radio\" name=\"contact\" value=\"Je souhaite recevoir un dossier d\u2019information\" \/><span class=\"wpcf7-list-item-label\">Je souhaite recevoir un dossier d\u2019information<\/span><\/label><\/span><span class=\"wpcf7-list-item last\"><label><input type=\"radio\" name=\"contact\" value=\"Je souhaite signer un contrat\" \/><span class=\"wpcf7-list-item-label\">Je souhaite signer un contrat<\/span><\/label><\/span><\/span><\/span>\n\t<\/p>\n\t<p><span class=\"wpcf7-form-control-wrap\" data-name=\"last_name\"><input size=\"40\" maxlength=\"400\" class=\"wpcf7-form-control wpcf7-text wpcf7-validates-as-required\" autocomplete=\"name\" aria-required=\"true\" aria-invalid=\"false\" placeholder=\"Nom et pr\u00e9nom\" value=\"\" type=\"text\" name=\"last_name\" \/><\/span>\n\t<\/p>\n\t<p><span class=\"wpcf7-form-control-wrap\" data-name=\"primary_address_street\"><input size=\"40\" maxlength=\"400\" class=\"wpcf7-form-control wpcf7-text wpcf7-validates-as-required\" aria-required=\"true\" aria-invalid=\"false\" placeholder=\"Rue et no\" value=\"\" type=\"text\" name=\"primary_address_street\" \/><\/span>\n\t<\/p>\n\t<p><span class=\"wpcf7-form-control-wrap\" data-name=\"primary_address_postalcode\"><input size=\"40\" maxlength=\"400\" class=\"wpcf7-form-control wpcf7-text wpcf7-validates-as-required\" aria-required=\"true\" aria-invalid=\"false\" placeholder=\"Code postal\" value=\"\" type=\"text\" name=\"primary_address_postalcode\" \/><\/span>\n\t<\/p>\n\t<p><span class=\"wpcf7-form-control-wrap\" data-name=\"primary_address_city\"><input size=\"40\" maxlength=\"400\" class=\"wpcf7-form-control wpcf7-text wpcf7-validates-as-required\" aria-required=\"true\" aria-invalid=\"false\" placeholder=\"Localit\u00e9\" value=\"\" type=\"text\" name=\"primary_address_city\" \/><\/span>\n\t<\/p>\n\t<p><span class=\"wpcf7-form-control-wrap\" data-name=\"phone_home\"><input size=\"40\" class=\"wpcf7-form-control wpcf7-phonetext wpcf7-validates-as-required wpcf7-text wpcf7-validates-as-phonetext\" autocomplete=\"tel\" aria-required=\"true\" aria-invalid=\"false\" placeholder=\"T\u00e9l\u00e9phone\" value=\"\" type=\"text\" name=\"phone_home\" \/><input type=\"hidden\" name=\"phone_home-country-code\" class=\"wpcf7-phonetext-country-code\" \/><\/span>\n\t<\/p>\n\t<p><span class=\"wpcf7-form-control-wrap\" data-name=\"email1\"><input size=\"40\" maxlength=\"400\" class=\"wpcf7-form-control wpcf7-email wpcf7-validates-as-required wpcf7-text wpcf7-validates-as-email\" autocomplete=\"email\" aria-required=\"true\" aria-invalid=\"false\" placeholder=\"E-Mail\" value=\"\" type=\"email\" name=\"email1\" \/><\/span>\n\t<\/p>\n\t<p><span class=\"wpcf7-form-control-wrap\" data-name=\"date_of_birth\"><input class=\"wpcf7-form-control wpcf7-date wpcf7-validates-as-required wpcf7-validates-as-date\" min=\"2026-04-30\" aria-required=\"true\" aria-invalid=\"false\" placeholder=\"Date pr\u00e9vue pour l\u2019accouchement\" value=\"\" type=\"date\" name=\"date_of_birth\" \/><\/span>\n\t<\/p>\n\t<p><span class=\"wpcf7-form-control-wrap\" data-name=\"agreement_market_proc_c\"><span class=\"wpcf7-form-control wpcf7-acceptance\"><span class=\"wpcf7-list-item\"><label><input type=\"checkbox\" name=\"agreement_market_proc_c\" value=\"1\" aria-invalid=\"false\" \/><span class=\"wpcf7-list-item-label\">J\u00b4accepte que mes donn\u00e9es soient trait\u00e9es par FamiCord Suisse S.A et re\u00e7oivent des communications relatives \u00e0 la dynamique de l\u00b4offre, des campagnes et des initiatives institutionnelles. Voir la <a href=\"https:\/\/famicord.ch\/fr\/politique-de-confidentialite\" target=\"_blank\">d\u00e9claration de confidentialit\u00e9<\/a>.<\/span><\/label><\/span><\/span><\/span>\n\t<\/p>\n\t<p><button type=\"submit\" class=\"button button--big inverted\">Envoyer<\/button>\n\t<\/p>\n<\/div>\n<input class=\"wpcf7-form-control wpcf7-hidden\" value=\"internet\" type=\"hidden\" name=\"medium_c\" \/>\n<input class=\"wpcf7-form-control wpcf7-hidden\" value=\"internet\" type=\"hidden\" name=\"source_type\" \/>\n<input class=\"wpcf7-form-control wpcf7-hidden\" value=\"b56844ca-97e2-11ed-9af7-005056bcc3c0\" type=\"hidden\" name=\"campaign_id\" \/><div class=\"wpcf7-response-output\" aria-hidden=\"true\"><\/div>\n<\/form>\n<\/div>\n<\/div>\n<\/div>\n<\/div>","protected":false},"excerpt":{"rendered":"<p>La grossesse est une p\u00e9riode particuli\u00e8re, pleine d&#8217;espoir et de d\u00e9cisions importantes.L&#8217;une d&#8217;entre elles concerne la sant\u00e9 de votre famille : le stockage des cellules souches issues du sang ombilical, du tissu ombilical et du tissu placentaire. Cette opportunit\u00e9 unique ne se pr\u00e9sente qu&#8217;\u00e0 la naissance et peut contribuer \u00e0 soutenir de futurs traitements ou [&hellip;]<\/p>\n","protected":false},"author":1,"featured_media":0,"parent":4253,"menu_order":0,"comment_status":"closed","ping_status":"closed","template":"page-templates\/landing-page.php","meta":{"_acf_changed":false,"inline_featured_image":false,"editor_plus_copied_stylings":"{}","footnotes":""},"class_list":["post-4264","page","type-page","status-publish","hentry"],"acf":[],"yoast_head":"<!-- This site is optimized with the Yoast SEO plugin v27.5 - https:\/\/yoast.com\/product\/yoast-seo-wordpress\/ -->\n<title>FamiCord Suisse | Conservation des cellules souches<\/title>\n<meta name=\"description\" content=\"D\u00e9couvrez la conservation des cellules souches du sang, du tissu du cordon et du placenta. Contactez FamiCord Suisse pour plus d\u2019informations et de conseils.\" \/>\n<meta name=\"robots\" content=\"index, follow, max-snippet:-1, max-image-preview:large, max-video-preview:-1\" \/>\n<link rel=\"canonical\" href=\"https:\/\/famicord.ch\/fr\/lp\/standard-flyer-landing-page\" \/>\n<meta property=\"og:locale\" content=\"fr_FR\" \/>\n<meta property=\"og:type\" content=\"article\" \/>\n<meta property=\"og:title\" content=\"FamiCord Suisse | Conservation des cellules souches\" \/>\n<meta property=\"og:description\" content=\"D\u00e9couvrez la conservation des cellules souches du sang, du tissu du cordon et du placenta. Contactez FamiCord Suisse pour plus d\u2019informations et de conseils.\" \/>\n<meta property=\"og:url\" content=\"https:\/\/famicord.ch\/fr\/lp\/standard-flyer-landing-page\" \/>\n<meta property=\"og:site_name\" content=\"Famicord Suisse\" \/>\n<meta property=\"article:modified_time\" content=\"2025-11-12T08:27:48+00:00\" \/>\n<meta name=\"twitter:card\" content=\"summary_large_image\" \/>\n<meta name=\"twitter:label1\" content=\"Est. reading time\" \/>\n\t<meta name=\"twitter:data1\" content=\"1 minute\" \/>\n<script type=\"application\/ld+json\" class=\"yoast-schema-graph\">{\"@context\":\"https:\\\/\\\/schema.org\",\"@graph\":[{\"@type\":\"WebPage\",\"@id\":\"https:\\\/\\\/famicord.ch\\\/fr\\\/lp\\\/standard-flyer-landing-page\",\"url\":\"https:\\\/\\\/famicord.ch\\\/fr\\\/lp\\\/standard-flyer-landing-page\",\"name\":\"FamiCord Suisse | Conservation des cellules souches\",\"isPartOf\":{\"@id\":\"https:\\\/\\\/famicord.ch\\\/fr#website\"},\"datePublished\":\"2024-07-23T14:33:57+00:00\",\"dateModified\":\"2025-11-12T08:27:48+00:00\",\"description\":\"D\u00e9couvrez la conservation des cellules souches du sang, du tissu du cordon et du placenta. Contactez FamiCord Suisse pour plus d\u2019informations et de conseils.\",\"breadcrumb\":{\"@id\":\"https:\\\/\\\/famicord.ch\\\/fr\\\/lp\\\/standard-flyer-landing-page#breadcrumb\"},\"inLanguage\":\"fr-CH\",\"potentialAction\":[{\"@type\":\"ReadAction\",\"target\":[\"https:\\\/\\\/famicord.ch\\\/fr\\\/lp\\\/standard-flyer-landing-page\"]}]},{\"@type\":\"BreadcrumbList\",\"@id\":\"https:\\\/\\\/famicord.ch\\\/fr\\\/lp\\\/standard-flyer-landing-page#breadcrumb\",\"itemListElement\":[{\"@type\":\"ListItem\",\"position\":1,\"name\":\"Home\",\"item\":\"https:\\\/\\\/famicord.ch\\\/fr\"},{\"@type\":\"ListItem\",\"position\":2,\"name\":\"LP\",\"item\":\"https:\\\/\\\/famicord.ch\\\/fr\\\/lp\"},{\"@type\":\"ListItem\",\"position\":3,\"name\":\"Bienvenue chez FamiCord Suisse\"}]},{\"@type\":\"WebSite\",\"@id\":\"https:\\\/\\\/famicord.ch\\\/fr#website\",\"url\":\"https:\\\/\\\/famicord.ch\\\/fr\",\"name\":\"Famicord.ch\",\"description\":\"\",\"potentialAction\":[{\"@type\":\"SearchAction\",\"target\":{\"@type\":\"EntryPoint\",\"urlTemplate\":\"https:\\\/\\\/famicord.ch\\\/fr?s={search_term_string}\"},\"query-input\":{\"@type\":\"PropertyValueSpecification\",\"valueRequired\":true,\"valueName\":\"search_term_string\"}}],\"inLanguage\":\"fr-CH\"}]}<\/script>\n<!-- \/ Yoast SEO plugin. -->","yoast_head_json":{"title":"FamiCord Suisse | Conservation des cellules souches","description":"D\u00e9couvrez la conservation des cellules souches du sang, du tissu du cordon et du placenta. Contactez FamiCord Suisse pour plus d\u2019informations et de conseils.","robots":{"index":"index","follow":"follow","max-snippet":"max-snippet:-1","max-image-preview":"max-image-preview:large","max-video-preview":"max-video-preview:-1"},"canonical":"https:\/\/famicord.ch\/fr\/lp\/standard-flyer-landing-page","og_locale":"fr_FR","og_type":"article","og_title":"FamiCord Suisse | Conservation des cellules souches","og_description":"D\u00e9couvrez la conservation des cellules souches du sang, du tissu du cordon et du placenta. Contactez FamiCord Suisse pour plus d\u2019informations et de conseils.","og_url":"https:\/\/famicord.ch\/fr\/lp\/standard-flyer-landing-page","og_site_name":"Famicord Suisse","article_modified_time":"2025-11-12T08:27:48+00:00","twitter_card":"summary_large_image","twitter_misc":{"Est. reading time":"1 minute"},"schema":{"@context":"https:\/\/schema.org","@graph":[{"@type":"WebPage","@id":"https:\/\/famicord.ch\/fr\/lp\/standard-flyer-landing-page","url":"https:\/\/famicord.ch\/fr\/lp\/standard-flyer-landing-page","name":"FamiCord Suisse | Conservation des cellules souches","isPartOf":{"@id":"https:\/\/famicord.ch\/fr#website"},"datePublished":"2024-07-23T14:33:57+00:00","dateModified":"2025-11-12T08:27:48+00:00","description":"D\u00e9couvrez la conservation des cellules souches du sang, du tissu du cordon et du placenta. Contactez FamiCord Suisse pour plus d\u2019informations et de conseils.","breadcrumb":{"@id":"https:\/\/famicord.ch\/fr\/lp\/standard-flyer-landing-page#breadcrumb"},"inLanguage":"fr-CH","potentialAction":[{"@type":"ReadAction","target":["https:\/\/famicord.ch\/fr\/lp\/standard-flyer-landing-page"]}]},{"@type":"BreadcrumbList","@id":"https:\/\/famicord.ch\/fr\/lp\/standard-flyer-landing-page#breadcrumb","itemListElement":[{"@type":"ListItem","position":1,"name":"Home","item":"https:\/\/famicord.ch\/fr"},{"@type":"ListItem","position":2,"name":"LP","item":"https:\/\/famicord.ch\/fr\/lp"},{"@type":"ListItem","position":3,"name":"Bienvenue chez FamiCord Suisse"}]},{"@type":"WebSite","@id":"https:\/\/famicord.ch\/fr#website","url":"https:\/\/famicord.ch\/fr","name":"Famicord.ch","description":"","potentialAction":[{"@type":"SearchAction","target":{"@type":"EntryPoint","urlTemplate":"https:\/\/famicord.ch\/fr?s={search_term_string}"},"query-input":{"@type":"PropertyValueSpecification","valueRequired":true,"valueName":"search_term_string"}}],"inLanguage":"fr-CH"}]}},"_links":{"self":[{"href":"https:\/\/famicord.ch\/fr\/wp-json\/wp\/v2\/pages\/4264","targetHints":{"allow":["GET"]}}],"collection":[{"href":"https:\/\/famicord.ch\/fr\/wp-json\/wp\/v2\/pages"}],"about":[{"href":"https:\/\/famicord.ch\/fr\/wp-json\/wp\/v2\/types\/page"}],"author":[{"embeddable":true,"href":"https:\/\/famicord.ch\/fr\/wp-json\/wp\/v2\/users\/1"}],"replies":[{"embeddable":true,"href":"https:\/\/famicord.ch\/fr\/wp-json\/wp\/v2\/comments?post=4264"}],"version-history":[{"count":9,"href":"https:\/\/famicord.ch\/fr\/wp-json\/wp\/v2\/pages\/4264\/revisions"}],"predecessor-version":[{"id":11501,"href":"https:\/\/famicord.ch\/fr\/wp-json\/wp\/v2\/pages\/4264\/revisions\/11501"}],"up":[{"embeddable":true,"href":"https:\/\/famicord.ch\/fr\/wp-json\/wp\/v2\/pages\/4253"}],"wp:attachment":[{"href":"https:\/\/famicord.ch\/fr\/wp-json\/wp\/v2\/media?parent=4264"}],"curies":[{"name":"wp","href":"https:\/\/api.w.org\/{rel}","templated":true}]}}