{"id":4078,"date":"2024-07-18T13:28:39","date_gmt":"2024-07-18T11:28:39","guid":{"rendered":"https:\/\/wordpress-famicord-ch.empressia.dev\/treuer-kunde"},"modified":"2025-11-24T16:09:04","modified_gmt":"2025-11-24T15:09:04","slug":"client-fidele","status":"publish","type":"page","link":"https:\/\/famicord.ch\/fr\/client-fidele","title":{"rendered":"Client fid\u00e8le"},"content":{"rendered":"\n<section class=\"hero flex flex-col justify-center bg-center bg-cover bg-no-repeat py-32 lg:py-48 mb-72 xl:mb-120 relative min-h-[20.5rem] xl:min-h-[26rem]\" style=\"background-image: url(https:\/\/famicord.ch\/wp-content\/uploads\/2024\/07\/default-hero-bg.webp)\">\n\t<div class=\"container items-center\">\n\t\t<h1 class=\"text-center text-blue max-w-[90%] md:max-w-[60%] lg:max-w-[80%] xxl:max-w-1200 mx-auto\">\n\t\t\t\t\t\t\t<span class=\"font-normal break-words\">Client fid\u00e8le<\/span>\n\t\t\t\n\t\t\t\t\t\t\t<br\/>\n\t\t\t\n\t\t\t\t\t\t\t<span class=\"font-extralight break-words\">notre remerciement<\/span>\n\t\t\t\t\t<\/h1>\n\t<\/div>\n\n\t<div class=\"absolute left-[-14rem] bottom-[-10.8rem] md:bottom-[-15.8rem] xl:bottom-[-20.3rem]\">\n\t\t<svg width=\"500\" height=\"500\" viewbox=\"0 0 500 500\" fill=\"none\" xmlns=\"http:\/\/www.w3.org\/2000\/svg\" class=\"size-180 md:size-260 xl:size-340\">\n\t\t\t<mask id=\"mask0_1511_27028\" style=\"mask-type:alpha\" maskunits=\"userSpaceOnUse\" x=\"0\" y=\"0\" width=\"500\" height=\"200\">\n\t\t\t\t<rect width=\"500\" height=\"200\" transform=\"matrix(-1 0 0 1 500 0)\" fill=\"#D9D9D9\"\/>\n\t\t\t<\/mask>\n\t\t\t<g mask=\"url(#mask0_1511_27028)\">\n\t\t\t\t<path d=\"M214.686 463.894C166.261 512.319 87.156 511.726 38.731 463.301C-9.69398 414.876 -10.2866 335.771 38.1384 287.346L287.04 38.4443C335.465 -9.98075 414.57 -9.3881 462.995 39.0369C511.42 87.4619 512.013 166.567 463.588 214.992L214.686 463.894Z\" fill=\"#FE6F20\"\/>\n\t\t\t<\/g>\n\t\t\t<path d=\"M214.404 462.612C166.377 510.639 87.7903 509.946 39.7484 461.905C-8.29344 413.863 -8.98578 335.276 39.0413 287.249L287.943 38.3476C335.97 -9.67956 414.556 -8.98719 462.598 39.0547C510.64 87.0966 511.333 165.683 463.305 213.71L214.404 462.612Z\" stroke=\"#FE6F20\" stroke-width=\"2\"\/>\n\t\t<\/svg>\n\t<\/div>\n\n\t<div class=\"absolute right-[-10rem] bottom-[-7.2rem] md:bottom-[-10.4rem] xl:bottom-[-13.6rem]\">\n\t\t<svg width=\"500\" height=\"500\" viewbox=\"0 0 500 500\" fill=\"none\" xmlns=\"http:\/\/www.w3.org\/2000\/svg\" class=\"size-180 md:size-260 xl:size-340\">\n\t\t\t<mask id=\"mask0_1511_27023\" style=\"mask-type:alpha\" maskunits=\"userSpaceOnUse\" x=\"0\" y=\"0\" width=\"500\" height=\"300\">\n\t\t\t\t<rect width=\"500\" height=\"300\" fill=\"#D9D9D9\"\/>\n\t\t\t<\/mask>\n\t\t\t<g mask=\"url(#mask0_1511_27023)\">\n\t\t\t\t<path d=\"M285.622 36.4146C334.047 -12.0104 413.069 -11.5011 461.494 36.9239C509.919 85.349 510.429 164.371 462.004 212.796L213.102 461.697C164.677 510.122 85.6552 509.613 37.2302 461.188C-11.1948 412.763 -11.7041 333.741 36.7209 285.316L285.622 36.4146Z\" fill=\"#1560DA\"\/>\n\t\t\t<\/g>\n\t\t\t<path d=\"M285.596 37.3883C333.623 -10.6388 412.21 -9.94644 460.252 38.0955C508.293 86.1373 508.986 164.724 460.959 212.751L212.057 461.652C164.03 509.68 85.4436 508.987 37.4017 460.945C-10.6402 412.903 -11.3325 334.317 36.6946 286.29L285.596 37.3883Z\" stroke=\"#1560DA\" stroke-width=\"2\"\/>\n\t\t<\/svg>\n\t<\/div>\n<\/section>\n\n\n<section class=\"section-with-heading-and-text section-margin section-margin--small\">\n\t<div class=\"container\">\n\n\t\t\t\t\t\n\t\t\t\n    <h2   class=\"h3  text-blue break-words lg:max-w-[90%] xl:max-w-[98rem]\">\n\n            R\u00e9duction pour les clients fid\u00e8les\n\n    <\/h2>\n\n\t\t\n\t\t\t\t\t\t\t\t<div class=\"mt-24 xl:mt-40 xl:ml-100 space-y-24  xl:max-w-[78rem]\"><p>En signe de reconnaissance pour la fid\u00e9lit\u00e9 de nos clients r\u00e9currents, nous souhaitons vous faire une offre : Si vous d\u00e9cidez de faire \u00e0 nouveau appel \u00e0 nos services, vous recevrez une remise de fid\u00e9lit\u00e9 de 300 CHF. Cette remise est destin\u00e9e \u00e0 vous remercier de votre soutien continu et de la confiance que vous nous accordez.<\/p>\n<p>Note: les r\u00e9ductions ne sont pas cumulables entre elles.<\/p>\n<\/div>\n\t\t\n\t<\/div>\n<\/section>\n","protected":false},"excerpt":{"rendered":"","protected":false},"author":1,"featured_media":0,"parent":0,"menu_order":0,"comment_status":"closed","ping_status":"closed","template":"","meta":{"_acf_changed":false,"inline_featured_image":false,"editor_plus_copied_stylings":"{}","footnotes":""},"class_list":["post-4078","page","type-page","status-publish","hentry"],"acf":[],"yoast_head":"<!-- This site is optimized with the Yoast SEO plugin v27.5 - https:\/\/yoast.com\/product\/yoast-seo-wordpress\/ -->\n<title>FamiCord Suisse | Client fid\u00e8le \u2013 notre remerciement<\/title>\n<meta name=\"description\" content=\"FamiCord vous remercie pour votre confiance : les clients fid\u00e8les b\u00e9n\u00e9ficient d\u2019un avantage exclusif sur la conservation des cellules souches.\" \/>\n<meta name=\"robots\" content=\"index, follow, max-snippet:-1, max-image-preview:large, max-video-preview:-1\" \/>\n<link rel=\"canonical\" href=\"https:\/\/famicord.ch\/fr\/client-fidele\" \/>\n<meta property=\"og:locale\" content=\"fr_FR\" \/>\n<meta property=\"og:type\" content=\"article\" \/>\n<meta property=\"og:title\" content=\"FamiCord Suisse | Client fid\u00e8le \u2013 notre remerciement\" \/>\n<meta property=\"og:description\" content=\"FamiCord vous remercie pour votre confiance : les clients fid\u00e8les b\u00e9n\u00e9ficient d\u2019un avantage exclusif sur la conservation des cellules souches.\" \/>\n<meta property=\"og:url\" content=\"https:\/\/famicord.ch\/fr\/client-fidele\" \/>\n<meta property=\"og:site_name\" content=\"Famicord Suisse\" \/>\n<meta property=\"article:modified_time\" content=\"2025-11-24T15:09:04+00:00\" \/>\n<meta name=\"twitter:card\" content=\"summary_large_image\" \/>\n<script type=\"application\/ld+json\" class=\"yoast-schema-graph\">{\"@context\":\"https:\\\/\\\/schema.org\",\"@graph\":[{\"@type\":\"WebPage\",\"@id\":\"https:\\\/\\\/famicord.ch\\\/fr\\\/client-fidele\",\"url\":\"https:\\\/\\\/famicord.ch\\\/fr\\\/client-fidele\",\"name\":\"FamiCord Suisse | Client fid\u00e8le \u2013 notre remerciement\",\"isPartOf\":{\"@id\":\"https:\\\/\\\/famicord.ch\\\/fr#website\"},\"datePublished\":\"2024-07-18T11:28:39+00:00\",\"dateModified\":\"2025-11-24T15:09:04+00:00\",\"description\":\"FamiCord vous remercie pour votre confiance : les clients fid\u00e8les b\u00e9n\u00e9ficient d\u2019un avantage exclusif sur la conservation des cellules souches.\",\"breadcrumb\":{\"@id\":\"https:\\\/\\\/famicord.ch\\\/fr\\\/client-fidele#breadcrumb\"},\"inLanguage\":\"fr-CH\",\"potentialAction\":[{\"@type\":\"ReadAction\",\"target\":[\"https:\\\/\\\/famicord.ch\\\/fr\\\/client-fidele\"]}]},{\"@type\":\"BreadcrumbList\",\"@id\":\"https:\\\/\\\/famicord.ch\\\/fr\\\/client-fidele#breadcrumb\",\"itemListElement\":[{\"@type\":\"ListItem\",\"position\":1,\"name\":\"Home\",\"item\":\"https:\\\/\\\/famicord.ch\\\/fr\"},{\"@type\":\"ListItem\",\"position\":2,\"name\":\"Client fid\u00e8le\"}]},{\"@type\":\"WebSite\",\"@id\":\"https:\\\/\\\/famicord.ch\\\/fr#website\",\"url\":\"https:\\\/\\\/famicord.ch\\\/fr\",\"name\":\"Famicord.ch\",\"description\":\"\",\"potentialAction\":[{\"@type\":\"SearchAction\",\"target\":{\"@type\":\"EntryPoint\",\"urlTemplate\":\"https:\\\/\\\/famicord.ch\\\/fr?s={search_term_string}\"},\"query-input\":{\"@type\":\"PropertyValueSpecification\",\"valueRequired\":true,\"valueName\":\"search_term_string\"}}],\"inLanguage\":\"fr-CH\"}]}<\/script>\n<!-- \/ Yoast SEO plugin. -->","yoast_head_json":{"title":"FamiCord Suisse | Client fid\u00e8le \u2013 notre remerciement","description":"FamiCord vous remercie pour votre confiance : les clients fid\u00e8les b\u00e9n\u00e9ficient d\u2019un avantage exclusif sur la conservation des cellules souches.","robots":{"index":"index","follow":"follow","max-snippet":"max-snippet:-1","max-image-preview":"max-image-preview:large","max-video-preview":"max-video-preview:-1"},"canonical":"https:\/\/famicord.ch\/fr\/client-fidele","og_locale":"fr_FR","og_type":"article","og_title":"FamiCord Suisse | Client fid\u00e8le \u2013 notre remerciement","og_description":"FamiCord vous remercie pour votre confiance : les clients fid\u00e8les b\u00e9n\u00e9ficient d\u2019un avantage exclusif sur la conservation des cellules souches.","og_url":"https:\/\/famicord.ch\/fr\/client-fidele","og_site_name":"Famicord Suisse","article_modified_time":"2025-11-24T15:09:04+00:00","twitter_card":"summary_large_image","schema":{"@context":"https:\/\/schema.org","@graph":[{"@type":"WebPage","@id":"https:\/\/famicord.ch\/fr\/client-fidele","url":"https:\/\/famicord.ch\/fr\/client-fidele","name":"FamiCord Suisse | Client fid\u00e8le \u2013 notre remerciement","isPartOf":{"@id":"https:\/\/famicord.ch\/fr#website"},"datePublished":"2024-07-18T11:28:39+00:00","dateModified":"2025-11-24T15:09:04+00:00","description":"FamiCord vous remercie pour votre confiance : les clients fid\u00e8les b\u00e9n\u00e9ficient d\u2019un avantage exclusif sur la conservation des cellules souches.","breadcrumb":{"@id":"https:\/\/famicord.ch\/fr\/client-fidele#breadcrumb"},"inLanguage":"fr-CH","potentialAction":[{"@type":"ReadAction","target":["https:\/\/famicord.ch\/fr\/client-fidele"]}]},{"@type":"BreadcrumbList","@id":"https:\/\/famicord.ch\/fr\/client-fidele#breadcrumb","itemListElement":[{"@type":"ListItem","position":1,"name":"Home","item":"https:\/\/famicord.ch\/fr"},{"@type":"ListItem","position":2,"name":"Client fid\u00e8le"}]},{"@type":"WebSite","@id":"https:\/\/famicord.ch\/fr#website","url":"https:\/\/famicord.ch\/fr","name":"Famicord.ch","description":"","potentialAction":[{"@type":"SearchAction","target":{"@type":"EntryPoint","urlTemplate":"https:\/\/famicord.ch\/fr?s={search_term_string}"},"query-input":{"@type":"PropertyValueSpecification","valueRequired":true,"valueName":"search_term_string"}}],"inLanguage":"fr-CH"}]}},"_links":{"self":[{"href":"https:\/\/famicord.ch\/fr\/wp-json\/wp\/v2\/pages\/4078","targetHints":{"allow":["GET"]}}],"collection":[{"href":"https:\/\/famicord.ch\/fr\/wp-json\/wp\/v2\/pages"}],"about":[{"href":"https:\/\/famicord.ch\/fr\/wp-json\/wp\/v2\/types\/page"}],"author":[{"embeddable":true,"href":"https:\/\/famicord.ch\/fr\/wp-json\/wp\/v2\/users\/1"}],"replies":[{"embeddable":true,"href":"https:\/\/famicord.ch\/fr\/wp-json\/wp\/v2\/comments?post=4078"}],"version-history":[{"count":8,"href":"https:\/\/famicord.ch\/fr\/wp-json\/wp\/v2\/pages\/4078\/revisions"}],"predecessor-version":[{"id":11636,"href":"https:\/\/famicord.ch\/fr\/wp-json\/wp\/v2\/pages\/4078\/revisions\/11636"}],"wp:attachment":[{"href":"https:\/\/famicord.ch\/fr\/wp-json\/wp\/v2\/media?parent=4078"}],"curies":[{"name":"wp","href":"https:\/\/api.w.org\/{rel}","templated":true}]}}