{"id":12943,"date":"2025-06-10T10:15:52","date_gmt":"2025-06-10T08:15:52","guid":{"rendered":"https:\/\/famicord.ch\/?page_id=12943"},"modified":"2026-04-01T15:48:06","modified_gmt":"2026-04-01T13:48:06","slug":"seance-dinformation-futurs-parents","status":"publish","type":"page","link":"https:\/\/famicord.ch\/fr\/lp\/seance-dinformation-futurs-parents","title":{"rendered":"Informationsveranstaltung f\u00fcr werdende Eltern"},"content":{"rendered":"<div class=\"eplus-wrapper wp-block-columns is-layout-flex wp-container-core-columns-is-layout-9d6595d7 wp-block-columns-is-layout-flex eplus-styles-uid-80e147\">\n<div class=\"landing-page__left-column eplus-wrapper wp-block-column is-layout-flow wp-block-column-is-layout-flow\"><div class=\"wp-block-group eplus-wrapper eplus-styles-uid-f77d1c\"><div class=\"wp-block-group__inner-container is-layout-constrained wp-block-group-is-layout-constrained\">\n    <h1 class=\"h3 \">\n\n            S\u00e9ance d&#8217;information pour les futurs parents\n\n    <\/h1>\n\n<\/div><\/div><\/div>\n\n\n\n<div class=\"landing-page__right-column eplus-wrapper wp-block-column is-layout-flow wp-block-column-is-layout-flow\">\n    <h2 class=\"h4 \">\n\n            Que vous r\u00e9serve ce webinaire en direct ?\n\n    <\/h2>\n\n\n\n\n<p class=\" eplus-wrapper\">Une fois par mois, les futurs parents ont la possibilit\u00e9 de participer \u00e0 une s\u00e9ance d&#8217;information qu&#8217;ils peuvent suivre confortablement depuis chez eux gr\u00e2ce \u00e0 une vid\u00e9oconf\u00e9rence en direct.<\/p>\n\n\n\n<p class=\" eplus-wrapper\">Au cours de cet \u00e9v\u00e9nement, un expert vous expliquera tout ce qu&#8217;il faut savoir sur la conservation des cellules souches issues du cordon ombilical et du placenta.<\/p>\n\n\n\n<p class=\" eplus-wrapper\">Vous d\u00e9couvrirez comment cette option peut aider votre famille et quels avantages elle offre.<\/p>\n\n\n\n    <h2 class=\"h4 \">\n\n            D\u00e9roulement du webinaire\n\n    <\/h2>\n\n\n\n\n<p class=\" eplus-wrapper\">La r\u00e9union d&#8217;information dure environ une heure et est con\u00e7ue pour vous permettre de d\u00e9couvrir tous les sujets importants de mani\u00e8re concise et claire.<\/p>\n\n\n\n    <h3 class=\"h4 \">\n\n            Dur\u00e9e et contenu\n\n    <\/h3>\n\n\n\n\n<p class=\" eplus-wrapper\">La s\u00e9ance dure environ une heure, et un temps suppl\u00e9mentaire est pr\u00e9vu pour r\u00e9pondre \u00e0 vos questions.<\/p>\n\n\n\n<p class=\" eplus-wrapper\">Vous obtiendrez un aper\u00e7u des possibilit\u00e9s offertes par la conservation des cellules souches et pourrez poser des questions cibl\u00e9es.<\/p>\n\n\n\n    <h3 class=\"h4 \">\n\n            Inscription et participation\n\n    <\/h3>\n\n\n\n\n<p class=\" eplus-wrapper\">Il vous suffit de vous inscrire via notre formulaire d&#8217;inscription pour choisir une date.<\/p>\n\n\n\n<p class=\" eplus-wrapper\">Indiquez votre nom et votre adresse e-mail, s\u00e9lectionnez la date souhait\u00e9e dans la liste d\u00e9roulante, puis envoyez le formulaire.<\/p>\n\n\n\n<p class=\" eplus-wrapper\">Nous nous r\u00e9jouissons de vous accueillir lors de l&#8217;un de nos prochains \u00e9v\u00e9nements !<\/p>\n\n\n\n    <h2 class=\"h4 \">\n\n            Vos experts en direct \n\n    <\/h2>\n\n\n\n\n<p class=\" eplus-wrapper\">\u00c0 votre service, avec passion et exp\u00e9rience<\/p>\n\n\n\n<p class=\" eplus-wrapper\">Franca et Younes ont plusieurs ann\u00e9es d\u2019exp\u00e9riences dans le conseil apport\u00e9 aux futurs parents, aux m\u00e9decins et aux sage-femmes sur le th\u00e8me de la conservation des cellules souches \u2013 avec empathie, clart\u00e9 et en toute transparence. Nos objectifs sont de transmettre des connaissances approfondies et d\u2019aider les parents \u00e0 prendre des d\u00e9cisions \u00e9clair\u00e9es \u2013 sans pression, mais en toute confiance. Nous accordons une importance particuli\u00e8re \u00e0 l\u2019alliance entre m\u00e9decine moderne et accompagnement personnalis\u00e9.<\/p>\n\n\n\n<div class=\"wp-block-contact-form-7-contact-form-selector\">\n<div class=\"wpcf7 no-js\" id=\"wpcf7-f12945-o1\" lang=\"fr-CH\" dir=\"ltr\" data-wpcf7-id=\"12945\">\n<div class=\"screen-reader-response\"><p role=\"status\" aria-live=\"polite\" aria-atomic=\"true\"><\/p> <ul><\/ul><\/div>\n<form action=\"\/fr\/wp-json\/wp\/v2\/pages\/12943#wpcf7-f12945-o1\" method=\"post\" class=\"wpcf7-form init\" aria-label=\"Contact form\" novalidate=\"novalidate\" data-status=\"init\">\n<fieldset class=\"hidden-fields-container\"><input type=\"hidden\" name=\"_wpcf7\" value=\"12945\" \/><input type=\"hidden\" name=\"_wpcf7_version\" value=\"6.1.5\" \/><input type=\"hidden\" name=\"_wpcf7_locale\" value=\"fr_CH\" \/><input type=\"hidden\" name=\"_wpcf7_unit_tag\" value=\"wpcf7-f12945-o1\" \/><input type=\"hidden\" name=\"_wpcf7_container_post\" value=\"0\" \/><input type=\"hidden\" name=\"_wpcf7_posted_data_hash\" value=\"\" \/><input type=\"hidden\" name=\"_wpcf7cf_hidden_group_fields\" value=\"[]\" \/><input type=\"hidden\" name=\"_wpcf7cf_hidden_groups\" value=\"[]\" \/><input type=\"hidden\" name=\"_wpcf7cf_visible_groups\" value=\"[]\" \/><input type=\"hidden\" name=\"_wpcf7cf_repeaters\" value=\"[]\" \/><input type=\"hidden\" name=\"_wpcf7cf_steps\" value=\"{}\" \/><input type=\"hidden\" name=\"_wpcf7cf_options\" value=\"{&quot;form_id&quot;:12945,&quot;conditions&quot;:[],&quot;settings&quot;:{&quot;animation&quot;:&quot;yes&quot;,&quot;animation_intime&quot;:200,&quot;animation_outtime&quot;:200,&quot;conditions_ui&quot;:&quot;normal&quot;,&quot;notice_dismissed&quot;:false}}\" \/><input type=\"hidden\" name=\"_wpcf7_recaptcha_response\" value=\"\" \/>\n<\/fieldset>\n<div class=\"cf7-form-wrapper\">\n\t<p><span class=\"wpcf7-form-control-wrap\" data-name=\"Wunschtermin\"><select class=\"wpcf7-form-control wpcf7-select wpcf7-validates-as-required\" aria-required=\"true\" aria-invalid=\"false\" name=\"Wunschtermin\"><option value=\"\">Date de la s\u00e9ance d&#039;information<\/option><option value=\"Jeudi 7 mai 2026, 18 h 30\">Jeudi 7 mai 2026, 18 h 30<\/option><\/select><\/span>\n\t<\/p>\n\t<p><span class=\"wpcf7-form-control-wrap\" data-name=\"last_name\"><input size=\"40\" maxlength=\"400\" class=\"wpcf7-form-control wpcf7-text wpcf7-validates-as-required\" autocomplete=\"name\" aria-required=\"true\" aria-invalid=\"false\" placeholder=\"Pr\u00e9nom et nom de famille\" value=\"\" type=\"text\" name=\"last_name\" \/><\/span>\n\t<\/p>\n\t<p><span class=\"wpcf7-form-control-wrap\" data-name=\"phone_home\"><input size=\"40\" class=\"wpcf7-form-control wpcf7-phonetext wpcf7-validates-as-required wpcf7-text wpcf7-validates-as-phonetext\" aria-required=\"true\" aria-invalid=\"false\" placeholder=\"T\u00e9l\u00e9phone\" value=\"\" type=\"text\" name=\"phone_home\" \/><input type=\"hidden\" name=\"phone_home-country-code\" class=\"wpcf7-phonetext-country-code\" \/><\/span>\n\t<\/p>\n\t<p><span class=\"wpcf7-form-control-wrap\" data-name=\"email1\"><input size=\"40\" maxlength=\"400\" class=\"wpcf7-form-control wpcf7-email wpcf7-validates-as-required wpcf7-text wpcf7-validates-as-email\" autocomplete=\"email\" aria-required=\"true\" aria-invalid=\"false\" placeholder=\"E-Mail\" value=\"\" type=\"email\" name=\"email1\" \/><\/span>\n\t<\/p>\n\t<p><span class=\"wpcf7-form-control-wrap\" data-name=\"primary_address_country\"><select class=\"wpcf7-form-control wpcf7-select wpcf7-validates-as-required\" aria-required=\"true\" aria-invalid=\"false\" name=\"primary_address_country\"><option value=\"\">Pays<\/option><option value=\"Suisse\">Suisse<\/option><option value=\"Afghanistan\">Afghanistan<\/option><option value=\"Albanie\">Albanie<\/option><option value=\"Alg\u00e9rie\">Alg\u00e9rie<\/option><option value=\"Andorre\">Andorre<\/option><option value=\"Angola\">Angola<\/option><option value=\"Antigua-et-Barbuda\">Antigua-et-Barbuda<\/option><option value=\"Argentine\">Argentine<\/option><option value=\"Arm\u00e9nie\">Arm\u00e9nie<\/option><option value=\"Australie\">Australie<\/option><option value=\"Autriche\">Autriche<\/option><option value=\"Azerba\u00efdjan\">Azerba\u00efdjan<\/option><option value=\"Bahamas\">Bahamas<\/option><option value=\"Bahre\u00efn\">Bahre\u00efn<\/option><option value=\"Bangladesh\">Bangladesh<\/option><option value=\"Barbade\">Barbade<\/option><option value=\"B\u00e9larus\">B\u00e9larus<\/option><option value=\"Belgique\">Belgique<\/option><option value=\"Belize\">Belize<\/option><option value=\"B\u00e9nin\">B\u00e9nin<\/option><option value=\"Bhoutan\">Bhoutan<\/option><option value=\"Bolivie\">Bolivie<\/option><option value=\"Bosnie-Herz\u00e9govine\">Bosnie-Herz\u00e9govine<\/option><option value=\"Botswana\">Botswana<\/option><option value=\"Br\u00e9sil\">Br\u00e9sil<\/option><option value=\"Brun\u00e9i\">Brun\u00e9i<\/option><option value=\"Bulgarie\">Bulgarie<\/option><option value=\"Burkina Faso\">Burkina Faso<\/option><option value=\"Burundi\">Burundi<\/option><option value=\"Cap-Vert\">Cap-Vert<\/option><option value=\"Cambodge\">Cambodge<\/option><option value=\"Cameroun\">Cameroun<\/option><option value=\"Canada\">Canada<\/option><option value=\"R\u00e9publique centrafricaine\">R\u00e9publique centrafricaine<\/option><option value=\"Tchad\">Tchad<\/option><option value=\"Chili\">Chili<\/option><option value=\"Chine\">Chine<\/option><option value=\"Colombie\">Colombie<\/option><option value=\"Comores\">Comores<\/option><option value=\"R\u00e9publique d\u00e9mocratique du Congo\">R\u00e9publique d\u00e9mocratique du Congo<\/option><option value=\"R\u00e9publique du Congo\">R\u00e9publique du Congo<\/option><option value=\"Costa Rica\">Costa Rica<\/option><option value=\"C\u00f4te d\u2019Ivoire\">C\u00f4te d\u2019Ivoire<\/option><option value=\"Croatie\">Croatie<\/option><option value=\"Cuba\">Cuba<\/option><option value=\"Chypre\">Chypre<\/option><option value=\"R\u00e9publique tch\u00e8que\">R\u00e9publique tch\u00e8que<\/option><option value=\"Danemark\">Danemark<\/option><option value=\"Djibouti\">Djibouti<\/option><option value=\"Dominique\">Dominique<\/option><option value=\"R\u00e9publique dominicaine\">R\u00e9publique dominicaine<\/option><option value=\"Timor oriental (Timor-Leste)\">Timor oriental (Timor-Leste)<\/option><option value=\"\u00c9quateur\">\u00c9quateur<\/option><option value=\"\u00c9gypte\">\u00c9gypte<\/option><option value=\"Salvador\">Salvador<\/option><option value=\"Guin\u00e9e \u00e9quatoriale\">Guin\u00e9e \u00e9quatoriale<\/option><option value=\"\u00c9rythr\u00e9e\">\u00c9rythr\u00e9e<\/option><option value=\"Estonie\">Estonie<\/option><option value=\"Eswatini\">Eswatini<\/option><option value=\"\u00c9thiopie\">\u00c9thiopie<\/option><option value=\"Fidji\">Fidji<\/option><option value=\"Finlande\">Finlande<\/option><option value=\"France\">France<\/option><option value=\"Gabon\">Gabon<\/option><option value=\"Gambie\">Gambie<\/option><option value=\"G\u00e9orgie\">G\u00e9orgie<\/option><option value=\"Allemagne\">Allemagne<\/option><option value=\"Ghana\">Ghana<\/option><option value=\"Gr\u00e8ce\">Gr\u00e8ce<\/option><option value=\"Grenade\">Grenade<\/option><option value=\"Guatemala\">Guatemala<\/option><option value=\"Guin\u00e9e\">Guin\u00e9e<\/option><option value=\"Guin\u00e9e-Bissau\">Guin\u00e9e-Bissau<\/option><option value=\"Guyana\">Guyana<\/option><option value=\"Ha\u00efti\">Ha\u00efti<\/option><option value=\"Honduras\">Honduras<\/option><option value=\"Hongrie\">Hongrie<\/option><option value=\"Islande\">Islande<\/option><option value=\"Inde\">Inde<\/option><option value=\"Indon\u00e9sie\">Indon\u00e9sie<\/option><option value=\"Iran\">Iran<\/option><option value=\"Irak\">Irak<\/option><option value=\"Irlande\">Irlande<\/option><option value=\"Isra\u00ebl\">Isra\u00ebl<\/option><option value=\"Italie\">Italie<\/option><option value=\"Jama\u00efque\">Jama\u00efque<\/option><option value=\"Japon\">Japon<\/option><option value=\"Jordanie\">Jordanie<\/option><option value=\"Kazakhstan\">Kazakhstan<\/option><option value=\"Kenya\">Kenya<\/option><option value=\"Kiribati\">Kiribati<\/option><option value=\"Cor\u00e9e du Nord\">Cor\u00e9e du Nord<\/option><option value=\"Cor\u00e9e du Sud\">Cor\u00e9e du Sud<\/option><option value=\"Kosovo\">Kosovo<\/option><option value=\"Kowe\u00eft\">Kowe\u00eft<\/option><option value=\"Kirghizistan\">Kirghizistan<\/option><option value=\"Laos\">Laos<\/option><option value=\"Lettonie\">Lettonie<\/option><option value=\"Liban\">Liban<\/option><option value=\"Lesotho\">Lesotho<\/option><option value=\"Lib\u00e9ria\">Lib\u00e9ria<\/option><option value=\"Libye\">Libye<\/option><option value=\"Liechtenstein\">Liechtenstein<\/option><option value=\"Lituanie\">Lituanie<\/option><option value=\"Luxembourg\">Luxembourg<\/option><option value=\"Madagascar\">Madagascar<\/option><option value=\"Malawi\">Malawi<\/option><option value=\"Malaisie\">Malaisie<\/option><option value=\"Maldives\">Maldives<\/option><option value=\"Mali\">Mali<\/option><option value=\"Malte\">Malte<\/option><option value=\"\u00celes Marshall\">\u00celes Marshall<\/option><option value=\"Mauritanie\">Mauritanie<\/option><option value=\"Maurice\">Maurice<\/option><option value=\"Mexique\">Mexique<\/option><option value=\"\u00c9tats f\u00e9d\u00e9r\u00e9s de Micron\u00e9sie\">\u00c9tats f\u00e9d\u00e9r\u00e9s de Micron\u00e9sie<\/option><option value=\"Moldavie\">Moldavie<\/option><option value=\"Monaco\">Monaco<\/option><option value=\"Mongolie\">Mongolie<\/option><option value=\"Mont\u00e9n\u00e9gro\">Mont\u00e9n\u00e9gro<\/option><option value=\"Maroc\">Maroc<\/option><option value=\"Mozambique\">Mozambique<\/option><option value=\"Myanmar (Birmanie)\">Myanmar (Birmanie)<\/option><option value=\"Namibie\">Namibie<\/option><option value=\"Nauru\">Nauru<\/option><option value=\"N\u00e9pal\">N\u00e9pal<\/option><option value=\"Pays-Bas\">Pays-Bas<\/option><option value=\"Nouvelle-Z\u00e9lande\">Nouvelle-Z\u00e9lande<\/option><option value=\"Nicaragua\">Nicaragua<\/option><option value=\"Niger\">Niger<\/option><option value=\"Nig\u00e9ria\">Nig\u00e9ria<\/option><option value=\"Mac\u00e9doine du Nord\">Mac\u00e9doine du Nord<\/option><option value=\"Norv\u00e8ge\">Norv\u00e8ge<\/option><option value=\"Oman\">Oman<\/option><option value=\"Pakistan\">Pakistan<\/option><option value=\"Palaos\">Palaos<\/option><option value=\"Panama\">Panama<\/option><option value=\"Papouasie-Nouvelle-Guin\u00e9e\">Papouasie-Nouvelle-Guin\u00e9e<\/option><option value=\"Paraguay\">Paraguay<\/option><option value=\"P\u00e9rou\">P\u00e9rou<\/option><option value=\"Philippines\">Philippines<\/option><option value=\"Pologne\">Pologne<\/option><option value=\"Portugal\">Portugal<\/option><option value=\"Qatar\">Qatar<\/option><option value=\"Roumanie\">Roumanie<\/option><option value=\"Russie\">Russie<\/option><option value=\"Rwanda\">Rwanda<\/option><option value=\"Saint-Christophe-et-Ni\u00e9v\u00e8s\">Saint-Christophe-et-Ni\u00e9v\u00e8s<\/option><option value=\"Sainte-Lucie\">Sainte-Lucie<\/option><option value=\"Saint-Vincent-et-les-Grenadines\">Saint-Vincent-et-les-Grenadines<\/option><option value=\"Samoa\">Samoa<\/option><option value=\"Saint-Marin\">Saint-Marin<\/option><option value=\"Sao Tom\u00e9-et-Principe\">Sao Tom\u00e9-et-Principe<\/option><option value=\"Arabie saoudite\">Arabie saoudite<\/option><option value=\"S\u00e9n\u00e9gal\">S\u00e9n\u00e9gal<\/option><option value=\"Serbie\">Serbie<\/option><option value=\"Seychelles\">Seychelles<\/option><option value=\"Sierra Leone\">Sierra Leone<\/option><option value=\"Singapour\">Singapour<\/option><option value=\"Slovaquie\">Slovaquie<\/option><option value=\"Slov\u00e9nie\">Slov\u00e9nie<\/option><option value=\"\u00celes Salomon\">\u00celes Salomon<\/option><option value=\"Somalie\">Somalie<\/option><option value=\"Afrique du Sud\">Afrique du Sud<\/option><option value=\"Espagne\">Espagne<\/option><option value=\"Sri Lanka\">Sri Lanka<\/option><option value=\"Soudan\">Soudan<\/option><option value=\"Soudan du Sud\">Soudan du Sud<\/option><option value=\"Suriname\">Suriname<\/option><option value=\"Su\u00e8de\">Su\u00e8de<\/option><option value=\"Syrie\">Syrie<\/option><option value=\"Ta\u00efwan\">Ta\u00efwan<\/option><option value=\"Tadjikistan\">Tadjikistan<\/option><option value=\"Tanzanie\">Tanzanie<\/option><option value=\"Tha\u00eflande\">Tha\u00eflande<\/option><option value=\"Togo\">Togo<\/option><option value=\"Tonga\">Tonga<\/option><option value=\"Trinit\u00e9-et-Tobago\">Trinit\u00e9-et-Tobago<\/option><option value=\"Tunisie\">Tunisie<\/option><option value=\"Turquie\">Turquie<\/option><option value=\"Turkm\u00e9nistan\">Turkm\u00e9nistan<\/option><option value=\"Tuvalu\">Tuvalu<\/option><option value=\"Ouganda\">Ouganda<\/option><option value=\"Ukraine\">Ukraine<\/option><option value=\"\u00c9mirats arabes unis\">\u00c9mirats arabes unis<\/option><option value=\"Royaume-Uni\">Royaume-Uni<\/option><option value=\"\u00c9tats-Unis\">\u00c9tats-Unis<\/option><option value=\"Uruguay\">Uruguay<\/option><option value=\"Ouzb\u00e9kistan\">Ouzb\u00e9kistan<\/option><option value=\"Vanuatu\">Vanuatu<\/option><option value=\"Vatican\">Vatican<\/option><option value=\"Venezuela\">Venezuela<\/option><option value=\"Vietnam\">Vietnam<\/option><option value=\"Y\u00e9men\">Y\u00e9men<\/option><option value=\"Zambie\">Zambie<\/option><option value=\"Zimbabwe\">Zimbabwe<\/option><\/select><\/span>\n\t<\/p>\n\t<p><span class=\"wpcf7-form-control-wrap\" data-name=\"date_of_birth\"><input class=\"wpcf7-form-control wpcf7-date wpcf7-validates-as-required wpcf7-validates-as-date\" min=\"2026-04-30\" aria-required=\"true\" aria-invalid=\"false\" placeholder=\"Date de naissance pr\u00e9vue\" value=\"\" type=\"date\" name=\"date_of_birth\" \/><\/span>\n\t<\/p>\n\t<p><span class=\"wpcf7-form-control-wrap\" data-name=\"agreement_market_proc_c\"><span class=\"wpcf7-form-control wpcf7-acceptance\"><span class=\"wpcf7-list-item\"><label><input type=\"checkbox\" name=\"agreement_market_proc_c\" value=\"1\" aria-invalid=\"false\" \/><span class=\"wpcf7-list-item-label\">J'ai pris connaissance de la d\u00e9claration de protection des donn\u00e9es de FamiCord Suisse S.A. et j'autorise par la pr\u00e9sente le traitement de mes donn\u00e9es personnelles. Voir <a href=\"\/fr\/politique-de-confidentialite\" target=\"_blank\">D\u00e9claration de confidentialit\u00e9<\/a>. Pour participer au concours, j'accepte que mes donn\u00e9es soient trait\u00e9es. En outre, j'accepte de recevoir des communications de FamiCord Suisse S.A. en rapport avec des offres, des campagnes et des initiatives institutionnelles \u00e0 des fins de marketing. J'accepte \u00e9galement que mes donn\u00e9es soient transmises \u00e0 des fins de communication t\u00e9l\u00e9phonique.<\/span><\/label><\/span><\/span><\/span>\n\t<\/p>\n<input class=\"wpcf7-form-control wpcf7-hidden\" value=\"internet\" type=\"hidden\" name=\"medium_c\" \/>\n<input class=\"wpcf7-form-control wpcf7-hidden\" value=\"internet\" type=\"hidden\" name=\"source_type\" \/>\n<input class=\"wpcf7-form-control wpcf7-hidden\" value=\"7162006c-26bf-11f1-acdf-005056bcc3c0\" type=\"hidden\" name=\"campaign_id\" \/>\n\t<p><button type=\"submit\" class=\"button button--big inverted\">Envoyer<\/button>\n\t<\/p>\n<\/div><div class=\"wpcf7-response-output\" aria-hidden=\"true\"><\/div>\n<\/form>\n<\/div>\n<\/div>\n\n\n\n<div style=\"height:20px\" aria-hidden=\"true\" class=\" wp-block-spacer eplus-wrapper\"><\/div>\n\n\n\n    <h2 class=\"h5 \">\n\n            CELLULES SOUCHES \u2013<br>UN TR\u00c9SOR POUR LA VIE\n\n    <\/h2>\n\n<\/div>\n<\/div>","protected":false},"excerpt":{"rendered":"<p>Une fois par mois, les futurs parents ont la possibilit\u00e9 de participer \u00e0 une s\u00e9ance d&#8217;information qu&#8217;ils peuvent suivre confortablement depuis chez eux gr\u00e2ce \u00e0 une vid\u00e9oconf\u00e9rence en direct. Au cours de cet \u00e9v\u00e9nement, un expert vous expliquera tout ce qu&#8217;il faut savoir sur la conservation des cellules souches issues du cordon ombilical et du [&hellip;]<\/p>\n","protected":false},"author":4,"featured_media":0,"parent":4253,"menu_order":0,"comment_status":"closed","ping_status":"closed","template":"page-templates\/landing-page.php","meta":{"_acf_changed":false,"inline_featured_image":false,"editor_plus_copied_stylings":"{}","footnotes":""},"class_list":["post-12943","page","type-page","status-publish","hentry"],"acf":[],"yoast_head":"<!-- This site is optimized with the Yoast SEO plugin v27.5 - https:\/\/yoast.com\/product\/yoast-seo-wordpress\/ -->\n<title>Webinaire pour futurs parents \u2013 cellules souches | FamiCord<\/title>\n<meta name=\"description\" content=\"D\u00e9couvrez en direct et gratuitement tout sur la conservation des cellules souches du cordon ombilical et du placenta. Inscrivez-vous d\u00e8s maintenant !\" \/>\n<meta name=\"robots\" content=\"index, follow, max-snippet:-1, max-image-preview:large, max-video-preview:-1\" \/>\n<link rel=\"canonical\" href=\"https:\/\/famicord.ch\/fr\/lp\/seance-dinformation-futurs-parents\" \/>\n<meta property=\"og:locale\" content=\"fr_FR\" \/>\n<meta property=\"og:type\" content=\"article\" \/>\n<meta property=\"og:title\" content=\"Webinaire pour futurs parents \u2013 cellules souches | FamiCord\" \/>\n<meta property=\"og:description\" content=\"D\u00e9couvrez en direct et gratuitement tout sur la conservation des cellules souches du cordon ombilical et du placenta. Inscrivez-vous d\u00e8s maintenant !\" \/>\n<meta property=\"og:url\" content=\"https:\/\/famicord.ch\/fr\/lp\/seance-dinformation-futurs-parents\" \/>\n<meta property=\"og:site_name\" content=\"Famicord Suisse\" \/>\n<meta property=\"article:modified_time\" content=\"2026-04-01T13:48:06+00:00\" \/>\n<meta name=\"twitter:card\" content=\"summary_large_image\" \/>\n<meta name=\"twitter:label1\" content=\"Est. reading time\" \/>\n\t<meta name=\"twitter:data1\" content=\"2 minutes\" \/>\n<script type=\"application\/ld+json\" class=\"yoast-schema-graph\">{\"@context\":\"https:\\\/\\\/schema.org\",\"@graph\":[{\"@type\":\"WebPage\",\"@id\":\"https:\\\/\\\/famicord.ch\\\/fr\\\/lp\\\/seance-dinformation-futurs-parents\",\"url\":\"https:\\\/\\\/famicord.ch\\\/fr\\\/lp\\\/seance-dinformation-futurs-parents\",\"name\":\"Webinaire pour futurs parents \u2013 cellules souches | FamiCord\",\"isPartOf\":{\"@id\":\"https:\\\/\\\/famicord.ch\\\/fr#website\"},\"datePublished\":\"2025-06-10T08:15:52+00:00\",\"dateModified\":\"2026-04-01T13:48:06+00:00\",\"description\":\"D\u00e9couvrez en direct et gratuitement tout sur la conservation des cellules souches du cordon ombilical et du placenta. Inscrivez-vous d\u00e8s maintenant !\",\"breadcrumb\":{\"@id\":\"https:\\\/\\\/famicord.ch\\\/fr\\\/lp\\\/seance-dinformation-futurs-parents#breadcrumb\"},\"inLanguage\":\"fr-CH\",\"potentialAction\":[{\"@type\":\"ReadAction\",\"target\":[\"https:\\\/\\\/famicord.ch\\\/fr\\\/lp\\\/seance-dinformation-futurs-parents\"]}]},{\"@type\":\"BreadcrumbList\",\"@id\":\"https:\\\/\\\/famicord.ch\\\/fr\\\/lp\\\/seance-dinformation-futurs-parents#breadcrumb\",\"itemListElement\":[{\"@type\":\"ListItem\",\"position\":1,\"name\":\"Home\",\"item\":\"https:\\\/\\\/famicord.ch\\\/fr\"},{\"@type\":\"ListItem\",\"position\":2,\"name\":\"LP\",\"item\":\"https:\\\/\\\/famicord.ch\\\/fr\\\/lp\"},{\"@type\":\"ListItem\",\"position\":3,\"name\":\"Informationsveranstaltung f\u00fcr werdende Eltern\"}]},{\"@type\":\"WebSite\",\"@id\":\"https:\\\/\\\/famicord.ch\\\/fr#website\",\"url\":\"https:\\\/\\\/famicord.ch\\\/fr\",\"name\":\"Famicord.ch\",\"description\":\"\",\"potentialAction\":[{\"@type\":\"SearchAction\",\"target\":{\"@type\":\"EntryPoint\",\"urlTemplate\":\"https:\\\/\\\/famicord.ch\\\/fr?s={search_term_string}\"},\"query-input\":{\"@type\":\"PropertyValueSpecification\",\"valueRequired\":true,\"valueName\":\"search_term_string\"}}],\"inLanguage\":\"fr-CH\"}]}<\/script>\n<!-- \/ Yoast SEO plugin. -->","yoast_head_json":{"title":"Webinaire pour futurs parents \u2013 cellules souches | FamiCord","description":"D\u00e9couvrez en direct et gratuitement tout sur la conservation des cellules souches du cordon ombilical et du placenta. Inscrivez-vous d\u00e8s maintenant !","robots":{"index":"index","follow":"follow","max-snippet":"max-snippet:-1","max-image-preview":"max-image-preview:large","max-video-preview":"max-video-preview:-1"},"canonical":"https:\/\/famicord.ch\/fr\/lp\/seance-dinformation-futurs-parents","og_locale":"fr_FR","og_type":"article","og_title":"Webinaire pour futurs parents \u2013 cellules souches | FamiCord","og_description":"D\u00e9couvrez en direct et gratuitement tout sur la conservation des cellules souches du cordon ombilical et du placenta. Inscrivez-vous d\u00e8s maintenant !","og_url":"https:\/\/famicord.ch\/fr\/lp\/seance-dinformation-futurs-parents","og_site_name":"Famicord Suisse","article_modified_time":"2026-04-01T13:48:06+00:00","twitter_card":"summary_large_image","twitter_misc":{"Est. reading time":"2 minutes"},"schema":{"@context":"https:\/\/schema.org","@graph":[{"@type":"WebPage","@id":"https:\/\/famicord.ch\/fr\/lp\/seance-dinformation-futurs-parents","url":"https:\/\/famicord.ch\/fr\/lp\/seance-dinformation-futurs-parents","name":"Webinaire pour futurs parents \u2013 cellules souches | FamiCord","isPartOf":{"@id":"https:\/\/famicord.ch\/fr#website"},"datePublished":"2025-06-10T08:15:52+00:00","dateModified":"2026-04-01T13:48:06+00:00","description":"D\u00e9couvrez en direct et gratuitement tout sur la conservation des cellules souches du cordon ombilical et du placenta. Inscrivez-vous d\u00e8s maintenant !","breadcrumb":{"@id":"https:\/\/famicord.ch\/fr\/lp\/seance-dinformation-futurs-parents#breadcrumb"},"inLanguage":"fr-CH","potentialAction":[{"@type":"ReadAction","target":["https:\/\/famicord.ch\/fr\/lp\/seance-dinformation-futurs-parents"]}]},{"@type":"BreadcrumbList","@id":"https:\/\/famicord.ch\/fr\/lp\/seance-dinformation-futurs-parents#breadcrumb","itemListElement":[{"@type":"ListItem","position":1,"name":"Home","item":"https:\/\/famicord.ch\/fr"},{"@type":"ListItem","position":2,"name":"LP","item":"https:\/\/famicord.ch\/fr\/lp"},{"@type":"ListItem","position":3,"name":"Informationsveranstaltung f\u00fcr werdende Eltern"}]},{"@type":"WebSite","@id":"https:\/\/famicord.ch\/fr#website","url":"https:\/\/famicord.ch\/fr","name":"Famicord.ch","description":"","potentialAction":[{"@type":"SearchAction","target":{"@type":"EntryPoint","urlTemplate":"https:\/\/famicord.ch\/fr?s={search_term_string}"},"query-input":{"@type":"PropertyValueSpecification","valueRequired":true,"valueName":"search_term_string"}}],"inLanguage":"fr-CH"}]}},"_links":{"self":[{"href":"https:\/\/famicord.ch\/fr\/wp-json\/wp\/v2\/pages\/12943","targetHints":{"allow":["GET"]}}],"collection":[{"href":"https:\/\/famicord.ch\/fr\/wp-json\/wp\/v2\/pages"}],"about":[{"href":"https:\/\/famicord.ch\/fr\/wp-json\/wp\/v2\/types\/page"}],"author":[{"embeddable":true,"href":"https:\/\/famicord.ch\/fr\/wp-json\/wp\/v2\/users\/4"}],"replies":[{"embeddable":true,"href":"https:\/\/famicord.ch\/fr\/wp-json\/wp\/v2\/comments?post=12943"}],"version-history":[{"count":18,"href":"https:\/\/famicord.ch\/fr\/wp-json\/wp\/v2\/pages\/12943\/revisions"}],"predecessor-version":[{"id":12969,"href":"https:\/\/famicord.ch\/fr\/wp-json\/wp\/v2\/pages\/12943\/revisions\/12969"}],"up":[{"embeddable":true,"href":"https:\/\/famicord.ch\/fr\/wp-json\/wp\/v2\/pages\/4253"}],"wp:attachment":[{"href":"https:\/\/famicord.ch\/fr\/wp-json\/wp\/v2\/media?parent=12943"}],"curies":[{"name":"wp","href":"https:\/\/api.w.org\/{rel}","templated":true}]}}